{"id":13835,"date":"2025-11-03T11:00:43","date_gmt":"2025-11-03T11:00:43","guid":{"rendered":"https:\/\/care4birds.bg\/product\/respiratory-broncho-mix\/"},"modified":"2026-04-09T10:41:47","modified_gmt":"2026-04-09T10:41:47","slug":"respiratory-broncho-mix","status":"publish","type":"product","link":"https:\/\/care4birds.bg\/sr\/\u043f\u0440\u043e\u0438\u0437\u0432\u043e\u0434\/respiratory-broncho-mix\/","title":{"rendered":"Respiratory Broncho Mix"},"content":{"rendered":"<div>\n<h6>Indikacije:<\/h6>\n<\/div>\n<div>Respiratorni sistem mo\u017ee biti zara\u017een Chlamydia, Mycoplasma, bakterijama (posebno E. coli), gljivicama i virusima. Zato ova me\u0161avina sadr\u017ei nekoliko aktivnih sastojaka.<\/div>\n<h6>Simptomi:<\/h6>\n<div>Kihanje, smanjenje leta u golubarniku, gubici na trkama, iscjedak iz o\u010diju i nosa, ote\u010deni mozak i sinusi, istezanje vrata i gutanje, zijevanje, sluzavo-zeleni izmet.<\/div>\n<h6>Doziranje:<\/h6>\n<div><i>RESPIRATORY BRONCHO MIX PRAH<\/i><\/div>\n<div>Prevencija: 1 merica (=5 g) na 2 litre vode za pi\u0107e 1-2 dana, svake 2 nedelje,<\/div>\n<div>po mogu\u0107stvu po\u010dev\u0161i dan nakon trke.<\/div>\n<div>Le\u010denje: 1 merica (=5 g) na 2 litre vode za pi\u0107e 5-7 uzastopnih dana.<\/div>\n<div>Ovaj tretman se mo\u017ee ponoviti po potrebi nakon nekoliko dana.<\/div>\n<div>Dobro prome\u0161ati pre upotrebe!<\/div>\n<div>Respiratory Broncho Mix je prah rastvorljiv u vodi, mo\u017ee se davati i sa hranom.<\/div>\n<div>\nMerica 1+5 g u pakovanju.<\/p>\n<p><i>RESPIRATORY BRONCHO TABLETE<\/i>\n<\/div>\n<p>Preventivno: 1 tableta po golubu (400-500 g telesne mase) 1-2 uzastopna dana.<br \/>\nKuratvno: 1 tableta po golubu (400-500 g telesne mase) 3-5 uzastopnih dana ili po uputstvu veterinara.<\/p>\n<h6>Sadr\u017ei:<\/h6>\n<p><i>RESPIRATORY BRONCHO MIX PRAH<\/i><br \/>\nEritromicin Thioc 3,5%, Neomicin Sulf 1,0%, Streptomicin Sulf 3,5%, Futaltadon HCI 6,0%, Oksitetraciklin HCI 5,0%, vitamini, neaktivni sastojci q.s. do 100 g.<\/p>\n<p><i>RESPIRATORY BRONCHO TABLETE<\/i><br \/>\nLinkomicin 250 mg\/g; Spektinomicin 75 mg\/g<\/p>\n","protected":false},"excerpt":{"rendered":"<p>Indikacije: Respiratorni sistem mo\u017ee biti zara\u017een Chlamydia, Mycoplasma, bakterijama (posebno E. coli), gljivicama i virusima. Zato ova me\u0161avina sadr\u017ei nekoliko aktivnih sastojaka.&hellip;<\/p>\n","protected":false},"featured_media":13836,"template":"","meta":[],"product_cat":[300],"product_tag":[],"class_list":{"0":"post-13835","1":"product","2":"type-product","3":"status-publish","4":"has-post-thumbnail","6":"product_cat-300","8":"first","9":"instock","10":"shipping-taxable","11":"product-type-simple"},"_links":{"self":[{"href":"https:\/\/care4birds.bg\/sr\/wp-json\/wp\/v2\/product\/13835","targetHints":{"allow":["GET"]}}],"collection":[{"href":"https:\/\/care4birds.bg\/sr\/wp-json\/wp\/v2\/product"}],"about":[{"href":"https:\/\/care4birds.bg\/sr\/wp-json\/wp\/v2\/types\/product"}],"wp:featuredmedia":[{"embeddable":true,"href":"https:\/\/care4birds.bg\/sr\/wp-json\/wp\/v2\/media\/13836"}],"wp:attachment":[{"href":"https:\/\/care4birds.bg\/sr\/wp-json\/wp\/v2\/media?parent=13835"}],"wp:term":[{"taxonomy":"product_cat","embeddable":true,"href":"https:\/\/care4birds.bg\/sr\/wp-json\/wp\/v2\/product_cat?post=13835"},{"taxonomy":"product_tag","embeddable":true,"href":"https:\/\/care4birds.bg\/sr\/wp-json\/wp\/v2\/product_tag?post=13835"}],"curies":[{"name":"wp","href":"https:\/\/api.w.org\/{rel}","templated":true}]}}