{"id":13841,"date":"2025-11-03T11:00:07","date_gmt":"2025-11-03T11:00:07","guid":{"rendered":"https:\/\/care4birds.bg\/product\/worm-care\/"},"modified":"2026-04-09T10:43:53","modified_gmt":"2026-04-09T10:43:53","slug":"worm-care","status":"publish","type":"product","link":"https:\/\/care4birds.bg\/sr\/\u043f\u0440\u043e\u0438\u0437\u0432\u043e\u0434\/worm-care\/","title":{"rendered":"Worm Care"},"content":{"rendered":"<div>\n<h6>Indikacije:<\/h6>\n<p>Infestacija kosom i okruglim crvima kod golubova (Capilarias spp i Ascaridia spp)\n<\/p><\/div>\n<h6>Simptomi:<\/h6>\n<div>Ptice gube te\u017einu. Te\u0161ko zara\u017eeni golubovi obi\u010dno pokazuju lo\u0161e op\u0161te stanje, letargiju, apatiju, matno i razbaru\u0161eno perje i izmet razli\u010dite konzistencije.<\/div>\n<h6>Doziranje:<\/h6>\n<div><i>WORM CARE PRAH<\/i><br \/>\n5 g za 2 litre vode za pi\u0107e (40 golubova), 1 ili 2 dana. Golubove ne treba odmravljivati tokom odgajanja mladih ili glavnog presvla\u010denja. Ponoviti tretman nakon 10-12 dana. Worm Care je prah rastvorljiv u vodi, mo\u017ee se davati i sa hranom.<\/div>\n<div><i>WORM CARE TABLETE<\/i><br \/>\n1 tableta po golubu (400-500 g telesne mase) 1 dan. Ponoviti tretman nakon 10-12 dana.<\/div>\n<h6>Sadr\u017ei:<\/h6>\n<p><i>WORM CARE PRAH<\/i><br \/>\nLevamisol HCI 16%, neaktivni sastojci q.s. do 100 g.<\/p>\n<p><i>WORM CARE TABLETE<\/i><br \/>\nFlubendazol 66,7 mg\/g<\/p>\n","protected":false},"excerpt":{"rendered":"<p>Indikacije: Infestacija kosom i okruglim crvima kod golubova (Capilarias spp i Ascaridia spp) Simptomi: Ptice gube te\u017einu. Te\u0161ko zara\u017eeni golubovi obi\u010dno pokazuju&hellip;<\/p>\n","protected":false},"featured_media":13842,"template":"","meta":[],"product_cat":[300],"product_tag":[],"class_list":{"0":"post-13841","1":"product","2":"type-product","3":"status-publish","4":"has-post-thumbnail","6":"product_cat-300","8":"first","9":"instock","10":"shipping-taxable","11":"product-type-simple"},"_links":{"self":[{"href":"https:\/\/care4birds.bg\/sr\/wp-json\/wp\/v2\/product\/13841","targetHints":{"allow":["GET"]}}],"collection":[{"href":"https:\/\/care4birds.bg\/sr\/wp-json\/wp\/v2\/product"}],"about":[{"href":"https:\/\/care4birds.bg\/sr\/wp-json\/wp\/v2\/types\/product"}],"wp:featuredmedia":[{"embeddable":true,"href":"https:\/\/care4birds.bg\/sr\/wp-json\/wp\/v2\/media\/13842"}],"wp:attachment":[{"href":"https:\/\/care4birds.bg\/sr\/wp-json\/wp\/v2\/media?parent=13841"}],"wp:term":[{"taxonomy":"product_cat","embeddable":true,"href":"https:\/\/care4birds.bg\/sr\/wp-json\/wp\/v2\/product_cat?post=13841"},{"taxonomy":"product_tag","embeddable":true,"href":"https:\/\/care4birds.bg\/sr\/wp-json\/wp\/v2\/product_tag?post=13841"}],"curies":[{"name":"wp","href":"https:\/\/api.w.org\/{rel}","templated":true}]}}