{"id":13847,"date":"2025-11-03T10:59:27","date_gmt":"2025-11-03T10:59:27","guid":{"rendered":"https:\/\/care4birds.bg\/product\/ronidazole\/"},"modified":"2026-04-09T10:45:40","modified_gmt":"2026-04-09T10:45:40","slug":"ronidazole","status":"publish","type":"product","link":"https:\/\/care4birds.bg\/sr\/\u043f\u0440\u043e\u0438\u0437\u0432\u043e\u0434\/ronidazole\/","title":{"rendered":"Ronidazole"},"content":{"rendered":"<div>\n<h6>Indikacije:<\/h6>\n<p>Trihomonijaza i hexamitijaza (Trichomoniasis, Hexamitiasis). Ronidazole 10% je posebno efikasan protiv infekcija izazvanih trihomonadama i hexamitima kod golubova. Tokom trka\u010dke sezone potrebni su redovni tretmani. Mlade ptice sa te\u0161kim intestinalnim infekcijama izazvanim hexamitima su podlo\u017enije E-coli infekciji. Margina sigurnosti je zna\u010dajna, uklju\u010duju\u0107i i za mlade \u017eivotinje.\n<\/p><\/div>\n<h6>Simptomi:<\/h6>\n<div>Gubitak kondicije, lo\u0161e varenje, lo\u0161 izmet, upala sluzoko\u017ee u \u017edrelu, komplikacije sa ornitozom, male bele do \u017eu\u0107kaste mrlje u usnoj duplji.<\/div>\n<h6>Doziranje:<\/h6>\n<div><i>RONIDAZOLE 10% PRAH<\/i><br \/>\nPrevencija: 2 merice (=2g) \/ 1 l vode za pi\u0107e 1-2 dana, svake 2 nedelje, po\u017eeljno po\u010deti dan nakon trke.<\/div>\n<div>Tretman tokom sezone trka: 2 merice (=2g) \/ 1 l vode za pi\u0107e 5-7 uzastopnih dana. Ovaj tretman se po potrebi mo\u017ee ponoviti nakon nekoliko dana. Dobro prome\u0161ati pre upotrebe!<\/div>\n<div>Ronidazole je prah rastvorljiv u vodi, mo\u017ee se davati i sa hranom.<\/div>\n<div>\nMerica 1+5 g uklju\u010dena.<\/p>\n<p><i>RONI 15% TABLETE<\/i><br \/>\nPrevencija: 1 tableta po golubu (400-500 g telesne mase) 1-2 uzastopna dana.<br \/>\nTretman: 1 tableta po golubu (400-500 g telesne mase) 3-5 uzastopnih dana, ili prema uputstvu veterinara.\n<\/div>\n<h6>Sadr\u017ei:<\/h6>\n<div><i>RONIDAZOLE 10% PRAH<\/i><br \/>\nRonidazole 10%, neaktivni sastojci q.s. do 100 g.<br \/>\n<i>RONI 15% TABLETE<\/i><br \/>\nRonidazole 150 mg\/g\n<\/div>\n","protected":false},"excerpt":{"rendered":"<p>Indikacije: Trihomonijaza i hexamitijaza (Trichomoniasis, Hexamitiasis). Ronidazole 10% je posebno efikasan protiv infekcija izazvanih trihomonadama i hexamitima kod golubova. Tokom trka\u010dke sezone&hellip;<\/p>\n","protected":false},"featured_media":13848,"template":"","meta":[],"product_cat":[300],"product_tag":[],"class_list":{"0":"post-13847","1":"product","2":"type-product","3":"status-publish","4":"has-post-thumbnail","6":"product_cat-300","8":"first","9":"instock","10":"shipping-taxable","11":"product-type-simple"},"_links":{"self":[{"href":"https:\/\/care4birds.bg\/sr\/wp-json\/wp\/v2\/product\/13847","targetHints":{"allow":["GET"]}}],"collection":[{"href":"https:\/\/care4birds.bg\/sr\/wp-json\/wp\/v2\/product"}],"about":[{"href":"https:\/\/care4birds.bg\/sr\/wp-json\/wp\/v2\/types\/product"}],"wp:featuredmedia":[{"embeddable":true,"href":"https:\/\/care4birds.bg\/sr\/wp-json\/wp\/v2\/media\/13848"}],"wp:attachment":[{"href":"https:\/\/care4birds.bg\/sr\/wp-json\/wp\/v2\/media?parent=13847"}],"wp:term":[{"taxonomy":"product_cat","embeddable":true,"href":"https:\/\/care4birds.bg\/sr\/wp-json\/wp\/v2\/product_cat?post=13847"},{"taxonomy":"product_tag","embeddable":true,"href":"https:\/\/care4birds.bg\/sr\/wp-json\/wp\/v2\/product_tag?post=13847"}],"curies":[{"name":"wp","href":"https:\/\/api.w.org\/{rel}","templated":true}]}}