{"id":13854,"date":"2025-11-03T10:58:02","date_gmt":"2025-11-03T10:58:02","guid":{"rendered":"https:\/\/care4birds.bg\/product\/caremycin\/"},"modified":"2026-04-09T10:48:42","modified_gmt":"2026-04-09T10:48:42","slug":"caremycin","status":"publish","type":"product","link":"https:\/\/care4birds.bg\/sr\/\u043f\u0440\u043e\u0438\u0437\u0432\u043e\u0434\/caremycin\/","title":{"rendered":"Caremycin"},"content":{"rendered":"<h6>Indikacije:<\/h6>\n<p>Salmoneloza (Paratifus), E-coli, bakterijske infekcije uop\u0161teno<\/p>\n<h6>Doziranje:<\/h6>\n<p>Prevencija: 5 g Caremycin za 5 litara vode za pi\u0107e ili 1 kesica za 25 litara vode za pi\u0107e, 4-5 uzastopnih dana.<\/p>\n<p>Le\u010denje: 5 g Caremycin za 2,5 litara vode za pi\u0107e ili 1 kesica za 12,5 litara vode za pi\u0107e, 4-5 uzastopnih dana. Tokom trka\u010dke sezone: dan povratka: 5 g Caremycin za 2,5 litara vode za pi\u0107e ili 1 kesica za 12,5 litara vode, 1-2 uzastopna dana.<\/p>\n<h6>Interakcije:<\/h6>\n<p>Nepoznato<\/p>\n<h6>Kontraindikacije:<\/h6>\n<p>Primena sa bromheksinom i predoziranje<\/p>\n<h6>Saveti za upotrebu:<\/h6>\n<ul>\n<li>Stavite bolesne \u017eivotinje u karantin<\/li>\n<li>Le\u010diti sve \u017eivotinje, ne samo bolesne<\/li>\n<li>Izme\u0161ajte preporu\u010denu dozu u vodi za pi\u0107e<\/li>\n<li>Obezbedite da ne postoji druga voda tokom tretmana<\/li>\n<li>Nakon terapije, dajte Care 4 Birds MULTIVIT MIX (dan posle poslednjeg dana tretmana)<\/li>\n<li>Dezinfikujte golubarnik Care 4 Birds LOFT CLEANER-om<\/li>\n<li>Ne davati na dan transporta<\/li>\n<li>U slu\u010daju sumnje ili trajnih problema, konsultujte stru\u010dnjaka<\/li>\n<\/ul>\n<h6>NAPOMENE: PRO\u010cITAJTE UPUTSTVO PRE UPOTREBE.<\/h6>\n<ul>\n<li>Sadr\u017ei 25 g veterinarskog leka za ptice<\/li>\n<li>\u010cuvati na suvom, van direktnog sun\u010devog svetla, izme\u0111u 0-30 \u00b0C<\/li>\n<li>Ograni\u010deno skladi\u0161tenje nakon otvaranja<\/li>\n<li>Dr\u017eati van doma\u0161aja dece<\/li>\n<li>Samo za le\u010denje \u017eivotinja. Ne za \u017eivotinje namenjene za ljudsku ishranu<\/li>\n<li>Izbegavati kontakt leka sa rukama<\/li>\n<li>Veterinarski lek stavljen u promet u skladu sa pravilima za male \u017eivotinje<\/li>\n<\/ul>\n<h6>Sadr\u017ei po 25 g:<\/h6>\n<p>Chlortetracycline HCl 3,125 g ; Furaltadone HCl 3,125 g ; Chloramphenicol 2,000 g<\/p>\n","protected":false},"excerpt":{"rendered":"<p>Indikacije: Salmoneloza (Paratifus), E-coli, bakterijske infekcije uop\u0161teno Doziranje: Prevencija: 5 g Caremycin za 5 litara vode za pi\u0107e ili 1 kesica za&hellip;<\/p>\n","protected":false},"featured_media":13855,"template":"","meta":[],"product_cat":[300],"product_tag":[],"class_list":{"0":"post-13854","1":"product","2":"type-product","3":"status-publish","4":"has-post-thumbnail","6":"product_cat-300","8":"first","9":"instock","10":"shipping-taxable","11":"product-type-simple"},"_links":{"self":[{"href":"https:\/\/care4birds.bg\/sr\/wp-json\/wp\/v2\/product\/13854","targetHints":{"allow":["GET"]}}],"collection":[{"href":"https:\/\/care4birds.bg\/sr\/wp-json\/wp\/v2\/product"}],"about":[{"href":"https:\/\/care4birds.bg\/sr\/wp-json\/wp\/v2\/types\/product"}],"wp:featuredmedia":[{"embeddable":true,"href":"https:\/\/care4birds.bg\/sr\/wp-json\/wp\/v2\/media\/13855"}],"wp:attachment":[{"href":"https:\/\/care4birds.bg\/sr\/wp-json\/wp\/v2\/media?parent=13854"}],"wp:term":[{"taxonomy":"product_cat","embeddable":true,"href":"https:\/\/care4birds.bg\/sr\/wp-json\/wp\/v2\/product_cat?post=13854"},{"taxonomy":"product_tag","embeddable":true,"href":"https:\/\/care4birds.bg\/sr\/wp-json\/wp\/v2\/product_tag?post=13854"}],"curies":[{"name":"wp","href":"https:\/\/api.w.org\/{rel}","templated":true}]}}