{"id":13861,"date":"2025-11-03T10:57:19","date_gmt":"2025-11-03T10:57:19","guid":{"rendered":"https:\/\/care4birds.bg\/product\/tricho-magic\/"},"modified":"2026-04-09T10:50:05","modified_gmt":"2026-04-09T10:50:05","slug":"tricho-magic","status":"publish","type":"product","link":"https:\/\/care4birds.bg\/sr\/\u043f\u0440\u043e\u0438\u0437\u0432\u043e\u0434\/tricho-magic\/","title":{"rendered":"Tricho Magic"},"content":{"rendered":"<div>\n<h6>Indikacije:<\/h6>\n<p>Kankeroza (Trichomoniasis), Hexamitiasis. Tricho Magic je proizvod posebno efikasan protiv infekcija izazvanih trihomonadama i hexamitama kod golubova. Tokom trka\u010dke sezone neophodni su redovni tretmani protiv ovih infekcija. Mlada ptica sa te\u0161kim intestinalnim infekcijama izazvanim hexamitama je podlo\u017enija neprijatnoj E-coli infekciji. Sigurnosni margin je zna\u010dajan\n<\/p><\/div>\n<div>uklju\u010duju\u0107i i za mlade \u017eivotinje.<\/div>\n<h6>Simptomi:<\/h6>\n<div>Gubitak kondicije, lo\u0161i rezultati na trkama, \u017euta materija u grlu i kljunu ptice, vi\u0161e sluzi nego obi\u010dno, crveno grlo, pove\u0107an unos vode (\u201emokri gnezda\u201d).<\/div>\n<h6>Doziranje:<\/h6>\n<div><i>TRICHO MAGIC PRAH<\/i><br \/>\nPrevencija: 2 merice (=2g) \/ 1 l vode za pi\u0107e 1-2 dana, svake 2 nedelje, najbolje po\u010deti dan nakon trke.<\/div>\n<div>Lecenje tokom trka\u010dke sezone: 2 merice (=2g) \/ 1 l vode za pi\u0107e 5-7 uzastopnih dana. Tretman se mo\u017ee ponoviti ako je potrebno nakon nekoliko dana. Dobro prome\u0161ati pre upotrebe!<\/div>\n<div>Tricho Magic je pra\u0161ak rastvorljiv u vodi, mo\u017ee se dati i ispod hrane.<\/div>\n<div>\nMerica 1+5 g uklju\u010dena.<br \/>\n<i>TRICHO MAGIC TABLETE<\/i><br \/>\nPreventivno: 1 tableta po golubu (400-500 g telesne mase) 1-2 uzastopna dana.<br \/>\nKurikulativno: 1 tableta po golubu (400-500 g telesne mase) 3-5 uzastopnih dana ili prema propisima veterinara.\n<\/div>\n<h6>Sadr\u017ei:<\/h6>\n<div><i>TRICHO MAGIC PRAH<\/i><br \/>\nRonidazol 8%, Metronidazol 10%, inertni sastojci do 100 g.<i>TRICHO MAGIC TABLETE<\/i><br \/>\nCarnidazol 40 mg\/g\n<\/div>\n","protected":false},"excerpt":{"rendered":"<p>Indikacije: Kankeroza (Trichomoniasis), Hexamitiasis. Tricho Magic je proizvod posebno efikasan protiv infekcija izazvanih trihomonadama i hexamitama kod golubova. Tokom trka\u010dke sezone neophodni&hellip;<\/p>\n","protected":false},"featured_media":13862,"template":"","meta":[],"product_cat":[300],"product_tag":[],"class_list":{"0":"post-13861","1":"product","2":"type-product","3":"status-publish","4":"has-post-thumbnail","6":"product_cat-300","8":"first","9":"instock","10":"shipping-taxable","11":"product-type-simple"},"_links":{"self":[{"href":"https:\/\/care4birds.bg\/sr\/wp-json\/wp\/v2\/product\/13861","targetHints":{"allow":["GET"]}}],"collection":[{"href":"https:\/\/care4birds.bg\/sr\/wp-json\/wp\/v2\/product"}],"about":[{"href":"https:\/\/care4birds.bg\/sr\/wp-json\/wp\/v2\/types\/product"}],"wp:featuredmedia":[{"embeddable":true,"href":"https:\/\/care4birds.bg\/sr\/wp-json\/wp\/v2\/media\/13862"}],"wp:attachment":[{"href":"https:\/\/care4birds.bg\/sr\/wp-json\/wp\/v2\/media?parent=13861"}],"wp:term":[{"taxonomy":"product_cat","embeddable":true,"href":"https:\/\/care4birds.bg\/sr\/wp-json\/wp\/v2\/product_cat?post=13861"},{"taxonomy":"product_tag","embeddable":true,"href":"https:\/\/care4birds.bg\/sr\/wp-json\/wp\/v2\/product_tag?post=13861"}],"curies":[{"name":"wp","href":"https:\/\/api.w.org\/{rel}","templated":true}]}}