{"id":13867,"date":"2025-11-03T10:55:55","date_gmt":"2025-11-03T10:55:55","guid":{"rendered":"https:\/\/care4birds.bg\/product\/fungi-stop\/"},"modified":"2026-04-09T10:51:36","modified_gmt":"2026-04-09T10:51:36","slug":"fungi-stop","status":"publish","type":"product","link":"https:\/\/care4birds.bg\/sr\/\u043f\u0440\u043e\u0438\u0437\u0432\u043e\u0434\/fungi-stop\/","title":{"rendered":"Fungi Stop"},"content":{"rendered":"<div>\n<h6>Indikacije:<\/h6>\n<p>Va\u017eno za odgajiva\u010de golubova je da neki tipovi gljiva vole da rastu na zrnu. Lo\u0161a higijena mo\u017ee tako\u0111e da \u0161iri kvasac. Ve\u0107ina zdravih ptica ne\u0107e biti pogo\u0111ena, starije, bolesne i stresirane ptice obi\u010dno razvijaju gljivi\u010dne infekcije. Ove sekundarne infekcije stavljaju stres na ve\u0107 preoptere\u0107en imunolo\u0161ki sistem i ometaju proces ozdravljenja.\n<\/p><\/div>\n<h6>Simptomi:<\/h6>\n<div>Ptice se napuhuju, malo apetita, povra\u0107anje, ote\u010dena \u017eu\u010d, te\u0161ko disanje, \u010desto u kombinaciji sa prolivom.<\/div>\n<h6>Doziranje:<\/h6>\n<div><i>FUNGI STOP PRAH<\/i><br \/>\nDoza u hrani: ptice op\u0161te: 5 g \/ 500 g hrane, dva puta dnevno, 5-7 dana.<\/div>\n<div>Doza u vodi za pi\u0107e: ptice op\u0161te: 5 g \/ 1 l vode za pi\u0107e, dva puta dnevno, 5-7 dana.<\/div>\n<div>Dobro prome\u0161ati pre upotrebe!<\/div>\n<div>Za prevenciju obezbediti pticama limunsku kiselinu 5 ml \/ 1 l vode za pi\u0107e dnevno.<\/div>\n<div>\nMerica 1+5 g uklju\u010dena.<br \/>\n<i>FUNGI STOP TABLETE<\/i><br \/>\nKurikulativno: 1 tableta po golubu (400-500 g telesne mase) 3-5 uzastopnih dana, ili prema preporukama veterinara.\n<\/div>\n<h6>Sadr\u017ei:<\/h6>\n<p><i>FUNGI STOP PRAH<\/i><br \/>\n200.000 j.m. Nystatin po gramu. Inaktivni sastojci do 100 g.<\/p>\n<p><i>FUNGI STOP TABLETE<\/i><br \/>\nKetokonazol 75 mg\/g\n<\/div>\n","protected":false},"excerpt":{"rendered":"<p>Indikacije: Va\u017eno za odgajiva\u010de golubova je da neki tipovi gljiva vole da rastu na zrnu. Lo\u0161a higijena mo\u017ee tako\u0111e da \u0161iri kvasac.&hellip;<\/p>\n","protected":false},"featured_media":13868,"template":"","meta":[],"product_cat":[300],"product_tag":[],"class_list":{"0":"post-13867","1":"product","2":"type-product","3":"status-publish","4":"has-post-thumbnail","6":"product_cat-300","8":"first","9":"instock","10":"shipping-taxable","11":"product-type-simple"},"_links":{"self":[{"href":"https:\/\/care4birds.bg\/sr\/wp-json\/wp\/v2\/product\/13867","targetHints":{"allow":["GET"]}}],"collection":[{"href":"https:\/\/care4birds.bg\/sr\/wp-json\/wp\/v2\/product"}],"about":[{"href":"https:\/\/care4birds.bg\/sr\/wp-json\/wp\/v2\/types\/product"}],"wp:featuredmedia":[{"embeddable":true,"href":"https:\/\/care4birds.bg\/sr\/wp-json\/wp\/v2\/media\/13868"}],"wp:attachment":[{"href":"https:\/\/care4birds.bg\/sr\/wp-json\/wp\/v2\/media?parent=13867"}],"wp:term":[{"taxonomy":"product_cat","embeddable":true,"href":"https:\/\/care4birds.bg\/sr\/wp-json\/wp\/v2\/product_cat?post=13867"},{"taxonomy":"product_tag","embeddable":true,"href":"https:\/\/care4birds.bg\/sr\/wp-json\/wp\/v2\/product_tag?post=13867"}],"curies":[{"name":"wp","href":"https:\/\/api.w.org\/{rel}","templated":true}]}}