{"id":13874,"date":"2025-11-03T10:54:21","date_gmt":"2025-11-03T10:54:21","guid":{"rendered":"https:\/\/care4birds.bg\/product\/combi-mix\/"},"modified":"2026-04-09T10:53:04","modified_gmt":"2026-04-09T10:53:04","slug":"combi-mix","status":"publish","type":"product","link":"https:\/\/care4birds.bg\/sr\/\u043f\u0440\u043e\u0438\u0437\u0432\u043e\u0434\/combi-mix\/","title":{"rendered":"Combi Mix"},"content":{"rendered":"<div>\n<h6>Indikacije:<\/h6>\n<p>Combi Mix 4 u 1 je vrlo pogodan za le\u010denje trihomonada, hexamita, kokcidioze i sluzi u grlu. Tokom sezone trka va\u017eno je da ptice budu u optimalnom stanju kako ni\u0161ta ne bi ometalo njihov dobar nastup. Combi Mix 4 u 1 poma\u017ee u tome i mo\u017ee se koristiti preventivno i kurativno.\n<\/p><\/div>\n<h6>Simptomi:<\/h6>\n<div>Gubitak kondicije, poreme\u0107ena probava, ravni i vodenasti izmet. Grlo golubova sadr\u017ei vi\u0161e sluzi nego obi\u010dno i ima crvenkastu boju, u ustima se pojavljuju male bele do \u017eu\u0107kaste ta\u010dke, problemi sa disanjem.<\/div>\n<h6>Doziranje:<\/h6>\n<div><i>COMBI MIX 4 U 1 PRAH<\/i><br \/>\nPreventivno: 1 merica (=5g) na 2 litre vode za pi\u0107e tokom 1-2 dana svake 2 nedelje, po mogu\u0107stvu po\u010dev\u0161i dan posle trke. Dobro prome\u0161ati pre upotrebe!<\/div>\n<div>Za le\u010denje: 1 merica (=5g) na 2 litre vode za pi\u0107e tokom 5-7 uzastopnih dana.<\/div>\n<div>Ova kuracija se po potrebi mo\u017ee ponoviti nakon nekoliko dana.<\/div>\n<div>Combi Mix 4 u 1 je pra\u0161ak rastvorljiv u vodi koji se tako\u0111e mo\u017ee davati u hrani.<\/div>\n<div>\nMerica 1+5 g uklju\u010dena.<br \/>\n<i>COMBI TABLETE<\/i><br \/>\nPreventivno: 1 tableta po golubu (400-500 g telesne mase) 1-2 uzastopna dana.<br \/>\nKurativno: 1 tableta po golubu (400-500 g telesne mase) 3-5 uzastopnih dana, ili prema preporukama veterinara.\n<\/div>\n<h6>Sadr\u017ei:<\/h6>\n<p><i>COMBI MIX PRAH:<\/i><br \/>\nAmprolium 10%, Secnidazol 15%, neaktivni sastojci q.s. do 100 g.<\/p>\n<p>COMBI TABLETE<br \/>\nAmprolium HCl 96 mg\/g ; Dimetridazol HCl 50 mg\/g\n<\/p><\/div>\n","protected":false},"excerpt":{"rendered":"<p>Indikacije: Combi Mix 4 u 1 je vrlo pogodan za le\u010denje trihomonada, hexamita, kokcidioze i sluzi u grlu. Tokom sezone trka va\u017eno&hellip;<\/p>\n","protected":false},"featured_media":13875,"template":"","meta":[],"product_cat":[300],"product_tag":[],"class_list":{"0":"post-13874","1":"product","2":"type-product","3":"status-publish","4":"has-post-thumbnail","6":"product_cat-300","8":"first","9":"instock","10":"shipping-taxable","11":"product-type-simple"},"_links":{"self":[{"href":"https:\/\/care4birds.bg\/sr\/wp-json\/wp\/v2\/product\/13874","targetHints":{"allow":["GET"]}}],"collection":[{"href":"https:\/\/care4birds.bg\/sr\/wp-json\/wp\/v2\/product"}],"about":[{"href":"https:\/\/care4birds.bg\/sr\/wp-json\/wp\/v2\/types\/product"}],"wp:featuredmedia":[{"embeddable":true,"href":"https:\/\/care4birds.bg\/sr\/wp-json\/wp\/v2\/media\/13875"}],"wp:attachment":[{"href":"https:\/\/care4birds.bg\/sr\/wp-json\/wp\/v2\/media?parent=13874"}],"wp:term":[{"taxonomy":"product_cat","embeddable":true,"href":"https:\/\/care4birds.bg\/sr\/wp-json\/wp\/v2\/product_cat?post=13874"},{"taxonomy":"product_tag","embeddable":true,"href":"https:\/\/care4birds.bg\/sr\/wp-json\/wp\/v2\/product_tag?post=13874"}],"curies":[{"name":"wp","href":"https:\/\/api.w.org\/{rel}","templated":true}]}}