{"id":13880,"date":"2025-11-03T10:52:56","date_gmt":"2025-11-03T10:52:56","guid":{"rendered":"https:\/\/care4birds.bg\/product\/intestinal\/"},"modified":"2026-04-09T10:54:27","modified_gmt":"2026-04-09T10:54:27","slug":"intestinal","status":"publish","type":"product","link":"https:\/\/care4birds.bg\/sr\/\u043f\u0440\u043e\u0438\u0437\u0432\u043e\u0434\/intestinal\/","title":{"rendered":"Intestinal"},"content":{"rendered":"<div>\n<h6>Indikacije:<\/h6>\n<p>Sindrom Adeno-Coli, kokcidioza, trihomonijaza i bakterijske infekcije generalno. Ova me\u0161avina sadr\u017ei kombinaciju aktivnih sastojaka koji su efikasni protiv Adeno\/E-coli sindroma i kokcidioze. Adeno\/E-coli sindrom se javlja u populacijama mladih golubova i mo\u017ee biti vrlo \u0161tetan. Rano le\u010denje je va\u017eno.\n<\/p><\/div>\n<h6>Simptomi:<\/h6>\n<div>Gubitak te\u017eine i op\u0161teg stanja, povra\u0107anje, sluzave zelene izmet, smrt.<\/div>\n<h6>Doziranje:<\/h6>\n<div><i>INTESTINAL PRAH<\/i><br \/>\nPreventivno: 1 merica (=5g) na 2 litre vode za pi\u0107e tokom 1-2 dana svake 2 nedelje, po mogu\u0107stvu po\u010dev\u0161i dan posle trke.<\/div>\n<div>Za le\u010denje: 1 merica (=5g) na 2 litre vode za pi\u0107e tokom 5-7 uzastopnih dana.<\/div>\n<div>Dobro prome\u0161ati pre upotrebe!<\/div>\n<div>Ova kuracija se po potrebi mo\u017ee ponoviti nakon nekoliko dana.<\/div>\n<div>Intestinal je pra\u0161ak rastvorljiv u vodi, koji se tako\u0111e mo\u017ee davati u hrani.<\/div>\n<div>\nMerica 1+5 g uklju\u010dena.<br \/>\n<i>INTESTINAL TABLETE<\/i><br \/>\nPreventivno: 1 tableta po golubu (400-500 g telesne mase) 1-2 uzastopna dana.<br \/>\nKurativno: 1 tableta po golubu (400-500 g telesne mase) 3-5 uzastopnih dana, ili prema preporukama veterinara.\n<\/div>\n<h6>Sadr\u017ei:<\/h6>\n<p><i>INTESTINAL PRAH:<\/i><br \/>\nTrimethoprim 2,5%, Sulfadiazine Sodium 12,5%, Furaltadone HCl 5%, Ronidazole 5%, neaktivni sastojci q.s. do 100 g.<\/p>\n<p><i>INTESTINAL TABLETE<\/i><br \/>\nTrimethoprim 37,5 mg\/g ; Sulfamethoxazole 187,5 mg\/g\n<\/div>\n","protected":false},"excerpt":{"rendered":"<p>Indikacije: Sindrom Adeno-Coli, kokcidioza, trihomonijaza i bakterijske infekcije generalno. Ova me\u0161avina sadr\u017ei kombinaciju aktivnih sastojaka koji su efikasni protiv Adeno\/E-coli sindroma i&hellip;<\/p>\n","protected":false},"featured_media":13881,"template":"","meta":[],"product_cat":[300],"product_tag":[],"class_list":{"0":"post-13880","1":"product","2":"type-product","3":"status-publish","4":"has-post-thumbnail","6":"product_cat-300","8":"first","9":"instock","10":"shipping-taxable","11":"product-type-simple"},"_links":{"self":[{"href":"https:\/\/care4birds.bg\/sr\/wp-json\/wp\/v2\/product\/13880","targetHints":{"allow":["GET"]}}],"collection":[{"href":"https:\/\/care4birds.bg\/sr\/wp-json\/wp\/v2\/product"}],"about":[{"href":"https:\/\/care4birds.bg\/sr\/wp-json\/wp\/v2\/types\/product"}],"wp:featuredmedia":[{"embeddable":true,"href":"https:\/\/care4birds.bg\/sr\/wp-json\/wp\/v2\/media\/13881"}],"wp:attachment":[{"href":"https:\/\/care4birds.bg\/sr\/wp-json\/wp\/v2\/media?parent=13880"}],"wp:term":[{"taxonomy":"product_cat","embeddable":true,"href":"https:\/\/care4birds.bg\/sr\/wp-json\/wp\/v2\/product_cat?post=13880"},{"taxonomy":"product_tag","embeddable":true,"href":"https:\/\/care4birds.bg\/sr\/wp-json\/wp\/v2\/product_tag?post=13880"}],"curies":[{"name":"wp","href":"https:\/\/api.w.org\/{rel}","templated":true}]}}