{"id":13892,"date":"2025-11-03T10:51:24","date_gmt":"2025-11-03T10:51:24","guid":{"rendered":"https:\/\/care4birds.bg\/product\/general-care\/"},"modified":"2026-04-09T10:57:38","modified_gmt":"2026-04-09T10:57:38","slug":"general-care","status":"publish","type":"product","link":"https:\/\/care4birds.bg\/sr\/\u043f\u0440\u043e\u0438\u0437\u0432\u043e\u0434\/general-care\/","title":{"rendered":"General Care"},"content":{"rendered":"<div>\n<h6>Indikacije:<\/h6>\n<p>Trihomonijaza, heksamitijaza, paratifoid, E-coli i op\u0161te bakterijske infekcije\n<\/p><\/div>\n<h6>Simptomi:<\/h6>\n<div>Gubitak te\u017eine i op\u0161teg stanja, sluzavi zeleni izmet, ote\u010deni zglobovi nogu i krila, neplodna jaja, ponekad uvijanje vrata u stranu, bolest mladih ptica, iznenadna smrt.<\/div>\n<h6>Doziranje:<\/h6>\n<div><i>GENERAL CARE PRAH<\/i><br \/>\nPrevencija: 1 merica (=5g) na 2 litre vode za pi\u0107e 1-2 dana svake dve nedelje,<\/div>\n<div>po mogu\u0107stvu po\u010deti dan nakon trke.<\/div>\n<div>Le\u010denje: 1 merica (=5g) na 2 litre vode za pi\u0107e 5-7 uzastopnih dana.<\/div>\n<div>Ovaj tretman se mo\u017ee ponoviti ako je potrebno nakon nekoliko dana. Dobro prome\u0161ati pre upotrebe!<\/div>\n<div>General Care je prah rastvorljiv u vodi, koji se mo\u017ee dati i ispod hrane.<\/div>\n<div>\nMerica 1+5 g uklju\u010dena.<\/p>\n<p><i>GENERAL CARE TABLETE<\/i><br \/>\nPreventivno: 1 tableta po golubu (400-500 g telesne mase) 1-2 dana.<br \/>\nKurativno: 1 tableta po golubu (400-500 g telesne mase) 3-5 dana, ili prema uputstvu veterinara.\n<\/div>\n<h6>Sadr\u017ei:<\/h6>\n<div><i>GENERAL CARE PRAH<\/i><br \/>\nFuraltadon HCl 12%, Metronidazol 20%, Chlortetracycline HCl 10%, Neaktivni sastojci q.s. do 100 g.<br \/>\n<i>GENERAL CARE TABLETE<\/i><br \/>\nFuraltadon HCl 75 mg\/g; Ronidazol 25 mg\/g\n<\/div>\n","protected":false},"excerpt":{"rendered":"<p>Indikacije: Trihomonijaza, heksamitijaza, paratifoid, E-coli i op\u0161te bakterijske infekcije Simptomi: Gubitak te\u017eine i op\u0161teg stanja, sluzavi zeleni izmet, ote\u010deni zglobovi nogu i&hellip;<\/p>\n","protected":false},"featured_media":13893,"template":"","meta":[],"product_cat":[300],"product_tag":[],"class_list":{"0":"post-13892","1":"product","2":"type-product","3":"status-publish","4":"has-post-thumbnail","6":"product_cat-300","8":"first","9":"instock","10":"shipping-taxable","11":"product-type-simple"},"_links":{"self":[{"href":"https:\/\/care4birds.bg\/sr\/wp-json\/wp\/v2\/product\/13892","targetHints":{"allow":["GET"]}}],"collection":[{"href":"https:\/\/care4birds.bg\/sr\/wp-json\/wp\/v2\/product"}],"about":[{"href":"https:\/\/care4birds.bg\/sr\/wp-json\/wp\/v2\/types\/product"}],"wp:featuredmedia":[{"embeddable":true,"href":"https:\/\/care4birds.bg\/sr\/wp-json\/wp\/v2\/media\/13893"}],"wp:attachment":[{"href":"https:\/\/care4birds.bg\/sr\/wp-json\/wp\/v2\/media?parent=13892"}],"wp:term":[{"taxonomy":"product_cat","embeddable":true,"href":"https:\/\/care4birds.bg\/sr\/wp-json\/wp\/v2\/product_cat?post=13892"},{"taxonomy":"product_tag","embeddable":true,"href":"https:\/\/care4birds.bg\/sr\/wp-json\/wp\/v2\/product_tag?post=13892"}],"curies":[{"name":"wp","href":"https:\/\/api.w.org\/{rel}","templated":true}]}}