{"id":13898,"date":"2025-11-03T10:49:37","date_gmt":"2025-11-03T10:49:37","guid":{"rendered":"https:\/\/care4birds.bg\/product\/coli-stop\/"},"modified":"2026-04-09T10:59:01","modified_gmt":"2026-04-09T10:59:01","slug":"coli-stop","status":"publish","type":"product","link":"https:\/\/care4birds.bg\/sr\/\u043f\u0440\u043e\u0438\u0437\u0432\u043e\u0434\/coli-stop\/","title":{"rendered":"Coli Stop"},"content":{"rendered":"<h6>Indikacije:<\/h6>\n<div>E-Coli, Paratyphoid, Streptococcus, Staphylococcus i op\u0161te bakterijske infekcije.<\/div>\n<h6>Simptomi:<\/h6>\n<div>Gubitak apetita, sporo pra\u017enjenje \u017edrela, gubitak te\u017eine, povra\u0107anje, braon-zeleni vodenasti ili sluzavi izmet, iznenadna smrt.<\/div>\n<h6>Doziranje:<\/h6>\n<div><i>COLI STOP PRAH<\/i><br \/>\nPrevencija: 1 merica (=5g) na 2 litre vode za pi\u0107e 1-2 dana svake dve nedelje,<\/div>\n<div>po mogu\u0107stvu po\u010deti dan nakon trke.<\/div>\n<div>Le\u010denje: 1 merica (=5g) na 2 litre vode za pi\u0107e 5-7 uzastopnih dana.<\/div>\n<div>Ovaj tretman se mo\u017ee ponoviti nakon nekoliko dana ako je potrebno.<\/div>\n<div>Coli Stop je prah rastvorljiv u vodi, koji se mo\u017ee dati i ispod hrane.<\/div>\n<div>\nMerica 1+5 g uklju\u010dena.<\/p>\n<p><i>COLI STOP TABLETE<\/i><br \/>\nPreventivno: 1 tableta po golubu (400-500 g telesne mase) 1-2 dana.<br \/>\nKurativno: 1 tableta po golubu (400-500 g telesne mase) 3-5 dana, ili prema uputstvu veterinara.\n<\/div>\n<h6>Sadr\u017ei:<\/h6>\n<p><i>COLI STOP PRAH<\/i><br \/>\nStreptomycine Sulfate 13,9%, Neomycine Sulfate 4%, Colistine Sulfate 2%, neaktivni sastojci q.s. do 100 g.<\/p>\n<p><i>COLI STOP TABLETE<\/i><br \/>\nNeomycine sulfate 5,0 mg\/g; Streptomycine sulfate 17,4 mg\/g; Colistine sulfate 2,5 mg\/g<\/p>\n","protected":false},"excerpt":{"rendered":"<p>Indikacije: E-Coli, Paratyphoid, Streptococcus, Staphylococcus i op\u0161te bakterijske infekcije. Simptomi: Gubitak apetita, sporo pra\u017enjenje \u017edrela, gubitak te\u017eine, povra\u0107anje, braon-zeleni vodenasti ili sluzavi&hellip;<\/p>\n","protected":false},"featured_media":13899,"template":"","meta":[],"product_cat":[300],"product_tag":[],"class_list":{"0":"post-13898","1":"product","2":"type-product","3":"status-publish","4":"has-post-thumbnail","6":"product_cat-300","8":"first","9":"instock","10":"shipping-taxable","11":"product-type-simple"},"_links":{"self":[{"href":"https:\/\/care4birds.bg\/sr\/wp-json\/wp\/v2\/product\/13898","targetHints":{"allow":["GET"]}}],"collection":[{"href":"https:\/\/care4birds.bg\/sr\/wp-json\/wp\/v2\/product"}],"about":[{"href":"https:\/\/care4birds.bg\/sr\/wp-json\/wp\/v2\/types\/product"}],"wp:featuredmedia":[{"embeddable":true,"href":"https:\/\/care4birds.bg\/sr\/wp-json\/wp\/v2\/media\/13899"}],"wp:attachment":[{"href":"https:\/\/care4birds.bg\/sr\/wp-json\/wp\/v2\/media?parent=13898"}],"wp:term":[{"taxonomy":"product_cat","embeddable":true,"href":"https:\/\/care4birds.bg\/sr\/wp-json\/wp\/v2\/product_cat?post=13898"},{"taxonomy":"product_tag","embeddable":true,"href":"https:\/\/care4birds.bg\/sr\/wp-json\/wp\/v2\/product_tag?post=13898"}],"curies":[{"name":"wp","href":"https:\/\/api.w.org\/{rel}","templated":true}]}}