{"id":13910,"date":"2025-11-03T10:44:11","date_gmt":"2025-11-03T10:44:11","guid":{"rendered":"https:\/\/care4birds.bg\/product\/endo-ecto-drops\/"},"modified":"2026-04-09T11:01:51","modified_gmt":"2026-04-09T11:01:51","slug":"endo-ecto-drops","status":"publish","type":"product","link":"https:\/\/care4birds.bg\/sr\/\u043f\u0440\u043e\u0438\u0437\u0432\u043e\u0434\/endo-ecto-drops\/","title":{"rendered":"Endo-ecto drops"},"content":{"rendered":"<h6>Indikacije:<\/h6>\n<div>Za prevenciju i le\u010denje va\u0161iju, grinja i infestacija crvima.<\/div>\n<h6>KONTRAINDIKACIJE:<\/h6>\n<div>Predoziranje, ne tretirati tokom perjanja i kod ptica mla\u0111ih od 14 dana.<\/div>\n<h6>INTERAKCIJE:<\/h6>\n<div>U ovoj dozi nisu poznate.<\/div>\n<h6>SASTAV:<\/h6>\n<div>Ivermectin 0,3%, neaktivni sastojci q.s.<\/div>\n<div>do 10 ml.<\/div>\n<h6>SADR\u017dI:<\/h6>\n<div>10 ml te\u010dnosti za lokalnu primenu (boca sa pipetom) za golubove od 250 do 3000 g telesne te\u017eine.<\/div>\n<h6>Doziranje:<\/h6>\n<div>Na vratu, na goloj ko\u017ei: 1 kap za 200 g telesne te\u017eine, 2 kapi za 500 g telesne te\u017eine.<\/div>\n<div>Po potrebi ponoviti tretman posle 4\u20136 nedelja ili prema uputstvu veterinara.<\/div>\n<div>Za kupku: 40 kapi na 10 litara vode za kupanje.<\/div>\n","protected":false},"excerpt":{"rendered":"<p>Indikacije: Za prevenciju i le\u010denje va\u0161iju, grinja i infestacija crvima. KONTRAINDIKACIJE: Predoziranje, ne tretirati tokom perjanja i kod ptica mla\u0111ih od 14&hellip;<\/p>\n","protected":false},"featured_media":13911,"template":"","meta":[],"product_cat":[300],"product_tag":[],"class_list":{"0":"post-13910","1":"product","2":"type-product","3":"status-publish","4":"has-post-thumbnail","6":"product_cat-300","8":"first","9":"instock","10":"shipping-taxable","11":"product-type-simple"},"_links":{"self":[{"href":"https:\/\/care4birds.bg\/sr\/wp-json\/wp\/v2\/product\/13910","targetHints":{"allow":["GET"]}}],"collection":[{"href":"https:\/\/care4birds.bg\/sr\/wp-json\/wp\/v2\/product"}],"about":[{"href":"https:\/\/care4birds.bg\/sr\/wp-json\/wp\/v2\/types\/product"}],"wp:featuredmedia":[{"embeddable":true,"href":"https:\/\/care4birds.bg\/sr\/wp-json\/wp\/v2\/media\/13911"}],"wp:attachment":[{"href":"https:\/\/care4birds.bg\/sr\/wp-json\/wp\/v2\/media?parent=13910"}],"wp:term":[{"taxonomy":"product_cat","embeddable":true,"href":"https:\/\/care4birds.bg\/sr\/wp-json\/wp\/v2\/product_cat?post=13910"},{"taxonomy":"product_tag","embeddable":true,"href":"https:\/\/care4birds.bg\/sr\/wp-json\/wp\/v2\/product_tag?post=13910"}],"curies":[{"name":"wp","href":"https:\/\/api.w.org\/{rel}","templated":true}]}}