{"id":13917,"date":"2025-11-03T10:20:24","date_gmt":"2025-11-03T10:20:24","guid":{"rendered":"https:\/\/care4birds.bg\/product\/salmo-stop\/"},"modified":"2026-04-09T11:03:21","modified_gmt":"2026-04-09T11:03:21","slug":"salmo-stop","status":"publish","type":"product","link":"https:\/\/care4birds.bg\/sr\/\u043f\u0440\u043e\u0438\u0437\u0432\u043e\u0434\/salmo-stop\/","title":{"rendered":"Salmo-Stop"},"content":{"rendered":"<div>\n<h6>Indikacije:<\/h6>\n<p>Salmonela (paratifoid), E-coli i bakterijske infekcije.\n<\/p><\/div>\n<h6>Simptomi:<\/h6>\n<div>Proliv (zeleni proliv, neki golubovi povra\u0107aju), sporo pra\u017enjenje \u017eo\u017eaka, infektivni artritis ( \u0161epanje ili opu\u0161teno krilo), potko\u017eni apscesi (obi\u010dno ispod oka, mala oteklina sa tvrdim, \u017eutim i suvim gnojem), neplodnost, iznenadna smrt.<\/div>\n<h6>Doziranje:<\/h6>\n<div><i>SALMO STOP PRAH<\/i><br \/>\nPrevencija: 1 merica (=5g) na 2 litre vode za pi\u0107e 1\u20132 dana svake dve nedelje, najbolje po\u010deti dan nakon trke.<\/div>\n<div>Le\u010denje: 1 merica (=5g) na 2 litre vode za pi\u0107e 5\u20137 uzastopnih dana.<\/div>\n<div>Po potrebi, tretman se mo\u017ee ponoviti nakon nekoliko dana. Dobro prome\u0161ati pre upotrebe!<\/div>\n<div>Salmo Stop je pra\u0161ak rastvorljiv u vodi koji se tako\u0111e mo\u017ee dati u hrani.<\/div>\n<div>\nMerica 1+5 g uklju\u010dena.<br \/>\n<i>SALMO STOP TABLETE<\/i><br \/>\nPrevencija: 1 tableta po golubu (400\u2013500 g telesne te\u017eine) 1\u20132 uzastopna dana.<br \/>\nLe\u010denje: 1 tableta po golubu (400\u2013500 g telesne te\u017eine) 3\u20135 uzastopnih dana, ili prema uputstvu veterinara.\n<\/div>\n<h6>Sadr\u017ei:<\/h6>\n<div><i>SALMO STOP PRAH<\/i><br \/>\nFuraltadon HCl 12,5%, Hlor-tetraciklin HCl 12,5%, Hloramfenikol 8%. Neaktivni sastojci q.s. do 100 g<br \/>\n<i>SALMO STOP TABLETE<\/i><br \/>\nHlor-tetraciklin HCl 78 mg\/g; Furaltadon HCl 80 mg\/g; Hloramfenikol 50 mg\/g<\/div>\n","protected":false},"excerpt":{"rendered":"<p>Indikacije: Salmonela (paratifoid), E-coli i bakterijske infekcije. Simptomi: Proliv (zeleni proliv, neki golubovi povra\u0107aju), sporo pra\u017enjenje \u017eo\u017eaka, infektivni artritis ( \u0161epanje ili&hellip;<\/p>\n","protected":false},"featured_media":13918,"template":"","meta":[],"product_cat":[300],"product_tag":[],"class_list":{"0":"post-13917","1":"product","2":"type-product","3":"status-publish","4":"has-post-thumbnail","6":"product_cat-300","8":"first","9":"instock","10":"shipping-taxable","11":"product-type-simple"},"_links":{"self":[{"href":"https:\/\/care4birds.bg\/sr\/wp-json\/wp\/v2\/product\/13917","targetHints":{"allow":["GET"]}}],"collection":[{"href":"https:\/\/care4birds.bg\/sr\/wp-json\/wp\/v2\/product"}],"about":[{"href":"https:\/\/care4birds.bg\/sr\/wp-json\/wp\/v2\/types\/product"}],"wp:featuredmedia":[{"embeddable":true,"href":"https:\/\/care4birds.bg\/sr\/wp-json\/wp\/v2\/media\/13918"}],"wp:attachment":[{"href":"https:\/\/care4birds.bg\/sr\/wp-json\/wp\/v2\/media?parent=13917"}],"wp:term":[{"taxonomy":"product_cat","embeddable":true,"href":"https:\/\/care4birds.bg\/sr\/wp-json\/wp\/v2\/product_cat?post=13917"},{"taxonomy":"product_tag","embeddable":true,"href":"https:\/\/care4birds.bg\/sr\/wp-json\/wp\/v2\/product_tag?post=13917"}],"curies":[{"name":"wp","href":"https:\/\/api.w.org\/{rel}","templated":true}]}}