{"id":9310,"date":"2025-11-05T12:34:10","date_gmt":"2025-11-05T12:34:10","guid":{"rendered":"https:\/\/care4birds.bg\/advices\/"},"modified":"2026-03-17T10:01:12","modified_gmt":"2026-03-17T10:01:12","slug":"advices","status":"publish","type":"page","link":"https:\/\/care4birds.bg\/tr\/advices\/","title":{"rendered":"Tavsiyeler"},"content":{"rendered":"\t\t<div data-elementor-type=\"wp-page\" data-elementor-id=\"9310\" class=\"elementor elementor-9310 elementor-6607\" data-elementor-post-type=\"page\">\n\t\t\t\t<div class=\"elementor-element elementor-element-568b11c e-flex e-con-boxed e-con e-parent\" data-id=\"568b11c\" data-element_type=\"container\" data-e-type=\"container\">\n\t\t\t\t\t<div class=\"e-con-inner\">\n\t\t<div class=\"elementor-element elementor-element-75b7dcd e-con-full e-flex e-con e-child\" data-id=\"75b7dcd\" data-element_type=\"container\" data-e-type=\"container\">\n\t\t\t\t<div class=\"elementor-element elementor-element-6555c28 elementor-widget elementor-widget-image\" data-id=\"6555c28\" data-element_type=\"widget\" data-e-type=\"widget\" data-widget_type=\"image.default\">\n\t\t\t\t\t\t\t\t\t\t\t\t\t\t\t\t<a href=\"https:\/\/care4birds.bg\/wp-content\/uploads\/2025\/11\/care4birds-catalogue.pdf\" target=\"_blank\">\n\t\t\t\t\t\t\t<img fetchpriority=\"high\" decoding=\"async\" width=\"1527\" height=\"543\" src=\"https:\/\/care4birds.bg\/wp-content\/uploads\/2025\/11\/racing-season.png\" class=\"attachment-full size-full wp-image-9312\" alt=\"\" srcset=\"https:\/\/care4birds.bg\/wp-content\/uploads\/2025\/11\/racing-season.png 1527w, https:\/\/care4birds.bg\/wp-content\/uploads\/2025\/11\/racing-season-460x164.png 460w, https:\/\/care4birds.bg\/wp-content\/uploads\/2025\/11\/racing-season-765x272.png 765w, https:\/\/care4birds.bg\/wp-content\/uploads\/2025\/11\/racing-season-920x327.png 920w, https:\/\/care4birds.bg\/wp-content\/uploads\/2025\/11\/racing-season-231x82.png 231w\" sizes=\"(max-width: 1527px) 100vw, 1527px\" \/>\t\t\t\t\t\t\t\t<\/a>\n\t\t\t\t\t\t\t\t\t\t\t\t\t\t\t<\/div>\n\t\t\t\t<\/div>\n\t\t<div class=\"elementor-element elementor-element-d1ebfd8 e-con-full e-flex e-con e-child\" data-id=\"d1ebfd8\" data-element_type=\"container\" data-e-type=\"container\">\n\t\t\t\t<div class=\"elementor-element elementor-element-1c54cb1 elementor-widget elementor-widget-heading\" data-id=\"1c54cb1\" data-element_type=\"widget\" data-e-type=\"widget\" data-widget_type=\"heading.default\">\n\t\t\t\t\t<h2 class=\"elementor-heading-title elementor-size-default\">Yar\u0131\u015f sezonu<\/h2>\t\t\t\t<\/div>\n\t\t\t\t<div class=\"elementor-element elementor-element-4315113 elementor-widget elementor-widget-heading\" data-id=\"4315113\" data-element_type=\"widget\" data-e-type=\"widget\" data-widget_type=\"heading.default\">\n\t\t\t\t\t<h2 class=\"elementor-heading-title elementor-size-default\">\u00c7ocuklu\u011fum ve yar\u0131\u015flar s\u0131ras\u0131nda<\/h2>\t\t\t\t<\/div>\n\t\t\t\t<div class=\"elementor-element elementor-element-ed61ab1 elementor-widget elementor-widget-text-editor\" data-id=\"ed61ab1\" data-element_type=\"widget\" data-e-type=\"widget\" data-widget_type=\"text-editor.default\">\n\t\t\t\t\t\t\t\t\t<p>Yar\u0131\u015f sezonu boyunca g\u00fcvercinlerin sa\u011fl\u0131klar\u0131n\u0131, dayan\u0131kl\u0131l\u0131klar\u0131n\u0131 ve performanslar\u0131n\u0131 korumak i\u00e7in \u00f6zel bir \u00f6zen g\u00f6sterilmesi gerekir. Bu program, s\u00fctten kesilme d\u00f6neminden yar\u0131\u015f u\u00e7u\u015flar\u0131na kadar sorunsuz bir ge\u00e7i\u015f sa\u011flar; ku\u015flar\u0131n g\u00fc\u00e7l\u00fc bir ba\u011f\u0131\u015f\u0131kl\u0131k sistemi geli\u015ftirmelerine, ba\u011f\u0131rsak dengesini korumalar\u0131na ve efor sonras\u0131 h\u0131zl\u0131 bir \u015fekilde toparlanmalar\u0131na yard\u0131mc\u0131 olur.<\/p>\t\t\t\t\t\t\t\t<\/div>\n\t\t\t\t<div class=\"elementor-element elementor-element-2b0f43d elementor-align-left elementor-widget elementor-widget-ideapark-button\" data-id=\"2b0f43d\" data-element_type=\"widget\" data-e-type=\"widget\" data-widget_type=\"ideapark-button.default\">\n\t\t\t\t<div class=\"elementor-widget-container\">\n\t\t\t\t\t\t\t<div class=\"c-ip-button__wrap\">\n\t\t\t<a href=\"https:\/\/care4birds.bg\/wp-content\/uploads\/2025\/11\/c4b-advices-racing-season.pdf\" target=\"_blank\" class=\"c-button c-ip-button c-button--default\" role=\"button\">\n\t\t\t\t\t\t\t\t<span class=\"c-ip-button__text\">PDF'yi indir<\/span>\n\t\t\t\t\t\t\t<\/a>\n\t\t<\/div>\n\t\t\t\t\t\t<\/div>\n\t\t\t\t<\/div>\n\t\t\t\t<\/div>\n\t\t\t\t\t<\/div>\n\t\t\t\t<\/div>\n\t\t<div class=\"elementor-element elementor-element-cfc525e e-flex e-con-boxed e-con e-parent\" data-id=\"cfc525e\" data-element_type=\"container\" data-e-type=\"container\" data-settings=\"{&quot;background_background&quot;:&quot;gradient&quot;}\">\n\t\t\t\t\t<div class=\"e-con-inner\">\n\t\t<div class=\"elementor-element elementor-element-d0c621c e-con-full e-flex e-con e-child\" data-id=\"d0c621c\" data-element_type=\"container\" data-e-type=\"container\">\n\t\t\t\t<div class=\"elementor-element elementor-element-2a53d4a elementor-widget elementor-widget-heading\" data-id=\"2a53d4a\" data-element_type=\"widget\" data-e-type=\"widget\" data-widget_type=\"heading.default\">\n\t\t\t\t\t<h2 class=\"elementor-heading-title elementor-size-default\">T\u00fcy d\u00f6kme mevsimi<\/h2>\t\t\t\t<\/div>\n\t\t\t\t<div class=\"elementor-element elementor-element-df0c7c4 elementor-widget elementor-widget-heading\" data-id=\"df0c7c4\" data-element_type=\"widget\" data-e-type=\"widget\" data-widget_type=\"heading.default\">\n\t\t\t\t\t<h2 class=\"elementor-heading-title elementor-size-default\">\u0130yi bir t\u00fcy d\u00f6k\u00fcm\u00fc, gelecek y\u0131l en iyi sonu\u00e7lar\u0131n elde edilmesinin temelidir<\/h2>\t\t\t\t<\/div>\n\t\t\t\t<div class=\"elementor-element elementor-element-9a5cfad elementor-widget elementor-widget-text-editor\" data-id=\"9a5cfad\" data-element_type=\"widget\" data-e-type=\"widget\" data-widget_type=\"text-editor.default\">\n\t\t\t\t\t\t\t\t\t<p>T\u00fcy d\u00f6kme d\u00f6nemi, her g\u00fcvercinin hayat\u0131nda \u00e7ok \u00f6nemli bir a\u015famad\u0131r. Bu d\u00f6nemde ku\u015flar t\u00fcylerini yeniler ve v\u00fccutlar\u0131n\u0131 \u00f6n\u00fcm\u00fczdeki aylara haz\u0131rlar. T\u00fcy b\u00fcy\u00fcmesini desteklemek, ba\u011f\u0131\u015f\u0131kl\u0131\u011f\u0131 g\u00fc\u00e7lendirmek ve sa\u011fl\u0131k sorunlar\u0131n\u0131 \u00f6nlemek i\u00e7in do\u011fru beslenme ve koruyucu bak\u0131m hayati \u00f6nem ta\u015f\u0131r<\/p>\t\t\t\t\t\t\t\t<\/div>\n\t\t\t\t<div class=\"elementor-element elementor-element-f893617 elementor-align-left elementor-widget elementor-widget-ideapark-button\" data-id=\"f893617\" data-element_type=\"widget\" data-e-type=\"widget\" data-widget_type=\"ideapark-button.default\">\n\t\t\t\t<div class=\"elementor-widget-container\">\n\t\t\t\t\t\t\t<div class=\"c-ip-button__wrap\">\n\t\t\t<a href=\"https:\/\/care4birds.bg\/wp-content\/uploads\/2025\/11\/c4b-advices-moulting-season.pdf\" target=\"_blank\" class=\"c-button c-ip-button c-button--default\" role=\"button\">\n\t\t\t\t\t\t\t\t<span class=\"c-ip-button__text\">PDF'yi indir<\/span>\n\t\t\t\t\t\t\t<\/a>\n\t\t<\/div>\n\t\t\t\t\t\t<\/div>\n\t\t\t\t<\/div>\n\t\t\t\t<\/div>\n\t\t<div class=\"elementor-element elementor-element-9f09371 e-con-full e-flex e-con e-child\" data-id=\"9f09371\" data-element_type=\"container\" data-e-type=\"container\">\n\t\t\t\t<div class=\"elementor-element elementor-element-af3bc7f elementor-widget elementor-widget-image\" data-id=\"af3bc7f\" data-element_type=\"widget\" data-e-type=\"widget\" data-widget_type=\"image.default\">\n\t\t\t\t\t\t\t\t\t\t\t\t\t\t\t\t<a href=\"https:\/\/care4birds.bg\/wp-content\/uploads\/2025\/11\/care4birds-catalogue.pdf\" target=\"_blank\">\n\t\t\t\t\t\t\t<img decoding=\"async\" width=\"1868\" height=\"518\" src=\"https:\/\/care4birds.bg\/wp-content\/uploads\/2025\/11\/moulting-season.png\" class=\"attachment-full size-full wp-image-9313\" alt=\"\" srcset=\"https:\/\/care4birds.bg\/wp-content\/uploads\/2025\/11\/moulting-season.png 1868w, https:\/\/care4birds.bg\/wp-content\/uploads\/2025\/11\/moulting-season-460x128.png 460w, https:\/\/care4birds.bg\/wp-content\/uploads\/2025\/11\/moulting-season-1530x424.png 1530w, https:\/\/care4birds.bg\/wp-content\/uploads\/2025\/11\/moulting-season-765x212.png 765w, https:\/\/care4birds.bg\/wp-content\/uploads\/2025\/11\/moulting-season-920x255.png 920w, https:\/\/care4birds.bg\/wp-content\/uploads\/2025\/11\/moulting-season-231x64.png 231w\" sizes=\"(max-width: 1868px) 100vw, 1868px\" \/>\t\t\t\t\t\t\t\t<\/a>\n\t\t\t\t\t\t\t\t\t\t\t\t\t\t\t<\/div>\n\t\t\t\t<\/div>\n\t\t\t\t\t<\/div>\n\t\t\t\t<\/div>\n\t\t<div class=\"elementor-element elementor-element-74a8424 e-flex e-con-boxed e-con e-parent\" data-id=\"74a8424\" data-element_type=\"container\" data-e-type=\"container\">\n\t\t\t\t\t<div class=\"e-con-inner\">\n\t\t<div class=\"elementor-element elementor-element-21310c2 e-con-full e-flex e-con e-child\" data-id=\"21310c2\" data-element_type=\"container\" data-e-type=\"container\">\n\t\t\t\t<div class=\"elementor-element elementor-element-e7d71d6 elementor-widget elementor-widget-image\" data-id=\"e7d71d6\" data-element_type=\"widget\" data-e-type=\"widget\" data-widget_type=\"image.default\">\n\t\t\t\t\t\t\t\t\t\t\t\t\t\t\t\t<a href=\"https:\/\/care4birds.bg\/wp-content\/uploads\/2025\/11\/care4birds-catalogue.pdf\" target=\"_blank\">\n\t\t\t\t\t\t\t<img decoding=\"async\" width=\"1809\" height=\"641\" src=\"https:\/\/care4birds.bg\/wp-content\/uploads\/2025\/11\/winter-and-breeding.png\" class=\"attachment-full size-full wp-image-9314\" alt=\"\" srcset=\"https:\/\/care4birds.bg\/wp-content\/uploads\/2025\/11\/winter-and-breeding.png 1809w, https:\/\/care4birds.bg\/wp-content\/uploads\/2025\/11\/winter-and-breeding-460x163.png 460w, https:\/\/care4birds.bg\/wp-content\/uploads\/2025\/11\/winter-and-breeding-1530x542.png 1530w, https:\/\/care4birds.bg\/wp-content\/uploads\/2025\/11\/winter-and-breeding-765x271.png 765w, https:\/\/care4birds.bg\/wp-content\/uploads\/2025\/11\/winter-and-breeding-920x326.png 920w, https:\/\/care4birds.bg\/wp-content\/uploads\/2025\/11\/winter-and-breeding-231x82.png 231w\" sizes=\"(max-width: 1809px) 100vw, 1809px\" \/>\t\t\t\t\t\t\t\t<\/a>\n\t\t\t\t\t\t\t\t\t\t\t\t\t\t\t<\/div>\n\t\t\t\t<\/div>\n\t\t<div class=\"elementor-element elementor-element-758f816 e-con-full e-flex e-con e-child\" data-id=\"758f816\" data-element_type=\"container\" data-e-type=\"container\">\n\t\t\t\t<div class=\"elementor-element elementor-element-25dc636 elementor-widget elementor-widget-heading\" data-id=\"25dc636\" data-element_type=\"widget\" data-e-type=\"widget\" data-widget_type=\"heading.default\">\n\t\t\t\t\t<h2 class=\"elementor-heading-title elementor-size-default\">K\u0131\u015f ve \u00fcreme program\u0131<\/h2>\t\t\t\t<\/div>\n\t\t\t\t<div class=\"elementor-element elementor-element-c1d3892 elementor-widget elementor-widget-heading\" data-id=\"c1d3892\" data-element_type=\"widget\" data-e-type=\"widget\" data-widget_type=\"heading.default\">\n\t\t\t\t\t<h2 class=\"elementor-heading-title elementor-size-default\">K\u0131\u015f aylar\u0131nda kesinlikle hi\u00e7 hastalanmayaca\u011f\u0131n\u0131z\u0131 ve sa\u011fl\u0131\u011f\u0131n\u0131z\u0131n m\u00fckemmel ve\ns\u00fcrekli olaca\u011f\u0131n\u0131 garanti ediyoruz<\/h2>\t\t\t\t<\/div>\n\t\t\t\t<div class=\"elementor-element elementor-element-96c202e elementor-widget elementor-widget-text-editor\" data-id=\"96c202e\" data-element_type=\"widget\" data-e-type=\"widget\" data-widget_type=\"text-editor.default\">\n\t\t\t\t\t\t\t\t\t<p>K\u0131\u015f ve \u00fcreme d\u00f6nemi, g\u00fcvercinlerin sa\u011fl\u0131\u011f\u0131n\u0131 korumak ve ba\u015far\u0131l\u0131 bir \u00fcreme s\u00fcreci sa\u011flamak i\u00e7in d\u00fczenli bak\u0131m gerektirir. Bu so\u011fuk aylar boyunca g\u00fcvercinler, ba\u011f\u0131\u015f\u0131kl\u0131k sistemlerini g\u00fc\u00e7lendirmek, yar\u0131\u015f ve t\u00fcy d\u00f6kme d\u00f6nemlerinden sonra toparlanmak ve yakla\u015fan \u00fcreme sezonuna haz\u0131rlanmak i\u00e7in ek deste\u011fe ihtiya\u00e7 duyar.<\/p>\t\t\t\t\t\t\t\t<\/div>\n\t\t\t\t<div class=\"elementor-element elementor-element-f9e4635 elementor-align-left elementor-widget elementor-widget-ideapark-button\" data-id=\"f9e4635\" data-element_type=\"widget\" data-e-type=\"widget\" data-widget_type=\"ideapark-button.default\">\n\t\t\t\t<div class=\"elementor-widget-container\">\n\t\t\t\t\t\t\t<div class=\"c-ip-button__wrap\">\n\t\t\t<a href=\"https:\/\/care4birds.bg\/wp-content\/uploads\/2025\/11\/c4b-winter-and-breeding-program.pdf\" target=\"_blank\" class=\"c-button c-ip-button c-button--default\" role=\"button\">\n\t\t\t\t\t\t\t\t<span class=\"c-ip-button__text\">PDF'yi indir<\/span>\n\t\t\t\t\t\t\t<\/a>\n\t\t<\/div>\n\t\t\t\t\t\t<\/div>\n\t\t\t\t<\/div>\n\t\t\t\t<\/div>\n\t\t\t\t\t<\/div>\n\t\t\t\t<\/div>\n\t\t\t\t<\/div>\n\t\t","protected":false},"excerpt":{"rendered":"<p>Yar\u0131\u015f sezonu \u00c7ocuklu\u011fum ve yar\u0131\u015flar s\u0131ras\u0131nda Yar\u0131\u015f sezonu boyunca g\u00fcvercinlerin sa\u011fl\u0131klar\u0131n\u0131, dayan\u0131kl\u0131l\u0131klar\u0131n\u0131 ve performanslar\u0131n\u0131 korumak i\u00e7in \u00f6zel bir \u00f6zen g\u00f6sterilmesi gerekir. Bu&hellip;<\/p>\n","protected":false},"author":1,"featured_media":0,"parent":0,"menu_order":0,"comment_status":"closed","ping_status":"closed","template":"elementor_header_footer","meta":{"footnotes":""},"class_list":["post-9310","page","type-page","status-publish","hentry"],"_links":{"self":[{"href":"https:\/\/care4birds.bg\/tr\/wp-json\/wp\/v2\/pages\/9310","targetHints":{"allow":["GET"]}}],"collection":[{"href":"https:\/\/care4birds.bg\/tr\/wp-json\/wp\/v2\/pages"}],"about":[{"href":"https:\/\/care4birds.bg\/tr\/wp-json\/wp\/v2\/types\/page"}],"author":[{"embeddable":true,"href":"https:\/\/care4birds.bg\/tr\/wp-json\/wp\/v2\/users\/1"}],"replies":[{"embeddable":true,"href":"https:\/\/care4birds.bg\/tr\/wp-json\/wp\/v2\/comments?post=9310"}],"version-history":[{"count":4,"href":"https:\/\/care4birds.bg\/tr\/wp-json\/wp\/v2\/pages\/9310\/revisions"}],"predecessor-version":[{"id":9320,"href":"https:\/\/care4birds.bg\/tr\/wp-json\/wp\/v2\/pages\/9310\/revisions\/9320"}],"wp:attachment":[{"href":"https:\/\/care4birds.bg\/tr\/wp-json\/wp\/v2\/media?parent=9310"}],"curies":[{"name":"wp","href":"https:\/\/api.w.org\/{rel}","templated":true}]}}