{"id":10840,"date":"2025-11-03T11:38:17","date_gmt":"2025-11-03T11:38:17","guid":{"rendered":"https:\/\/care4birds.bg\/product\/intestinal-2\/"},"modified":"2026-04-01T08:00:28","modified_gmt":"2026-04-01T08:00:28","slug":"intestinal-2","status":"publish","type":"product","link":"https:\/\/care4birds.bg\/tr\/urun\/intestinal-2\/","title":{"rendered":"Intestinal"},"content":{"rendered":"<div>\n<h6>Endikasyon:<\/h6>\n<p>Ku\u015flarda Staphylococcus, Streptococcus ve Enterococcus gibi bakteriyel gastrointestinal enfeksiyonlar.\n<\/p><\/div>\n<h6>Belirtiler:<\/h6>\n<div>\u2022 Davran\u0131\u015f ve g\u00f6r\u00fcn\u00fcmde belirgin de\u011fi\u015fiklik<\/div>\n<div>\u2022 Kabarm\u0131\u015f ve da\u011f\u0131n\u0131k t\u00fcyler<\/div>\n<div>\u2022 K\u0131rm\u0131z\u0131, sulu g\u00f6zler, burun ak\u0131nt\u0131s\u0131<\/div>\n<div>\u2022 \u0130shal<\/div>\n<div>\u2022 Anormal veya zor nefes alma<\/div>\n<div>\u2022 Azalm\u0131\u015f i\u015ftah ve t\u00fcnek \u00fczerinde a\u015fa\u011f\u0131da durma<\/div>\n<h6>Dozaj<\/h6>\n<div>Normal tedavi olarak, 3-5 g\u00fcn boyunca 2 L \u0131l\u0131k i\u00e7me suyuna 5 g ekleyin.<\/div>\n<div>Ciddi enfeksiyon durumunda: Tedaviyi 5-7 g\u00fcn \u00fcst \u00fcste uzat\u0131n. Gerekirse birka\u00e7 g\u00fcn sonra tedavi tekrarlanabilir.<\/div>\n<div>\u00d6l\u00e7\u00fc ka\u015f\u0131\u011f\u0131 1+5 g dahildir.<\/div>\n<h6>Etkile\u015fim(ler): bilinmiyor.<\/h6>\n<h6>Kontrendikasyon(lar): a\u015f\u0131r\u0131 doz.<\/h6>\n<h6>Kullan\u0131m tavsiyesi:<\/h6>\n<p>Hasta ku\u015flar\u0131 izole edin (s\u0131cakl\u0131k 28-33 \u00baC, \u0131\u015f\u0131klar lo\u015f).<br \/>\nTedavi s\u0131ras\u0131nda di\u011fer ku\u015flara da \u00f6nleyici tedavi uygulay\u0131n.<br \/>\nKu\u015flar\u0131n \u00f6nerilen miktarda ilac\u0131 ald\u0131\u011f\u0131ndan emin olun; bu nedenle ila\u00e7s\u0131z yiyecek veya su al\u0131m\u0131n\u0131 \u00f6nleyin.<br \/>\nTedavi s\u0131ras\u0131nda glikoz ve MULTIVIT MIX verin.<br \/>\nCiddi durumlarda uzun s\u00fcreli tedavi \u00f6nerilir.<br \/>\nBar\u0131naklar\u0131n yeterince dezenfekte edildi\u011finden emin olun.<br \/>\nH\u0131zl\u0131 iyile\u015fme g\u00f6r\u00fclmezse bir uzmana dan\u0131\u015f\u0131n.<\/p>\n<h6>NOTLAR: KULLANMADAN \u00d6NCE TAL\u0130MATLARI OKUYUN.<\/h6>\n<p>Kuru yerde, do\u011frudan g\u00fcne\u015f \u0131\u015f\u0131\u011f\u0131ndan uzak, 0-30 \u00b0C aras\u0131nda saklay\u0131n.<br \/>\n\u0130lk a\u00e7\u0131ld\u0131ktan sonra raf \u00f6mr\u00fc: bir (1) y\u0131l.<br \/>\nParti numaras\u0131 ve son kullanma tarihi: ambalaja bak\u0131n\u0131z.<br \/>\n\u0130lac\u0131n ellerinizle temas\u0131ndan ka\u00e7\u0131n\u0131n.<br \/>\n\u00c7ocuklar\u0131n eri\u015femeyece\u011fi yerde saklay\u0131n.<br \/>\nSadece hayvan tedavisi i\u00e7indir. \u0130nsan t\u00fcketimi i\u00e7in yeti\u015ftirilen hayvanlarda kullan\u0131lmaz.<br \/>\nBo\u015f ambalaj\u0131 ve kalan \u00fcr\u00fcn\u00fc evsel at\u0131klarla birlikte at\u0131n.<br \/>\nBu veteriner ila\u00e7, k\u00fc\u00e7\u00fck hayvan istisna program\u0131 kapsam\u0131nda pazarlanmaktad\u0131r.<\/p>\n<h6>\u0130\u00e7indekiler:<\/h6>\n<p>Trimetoprim %4, S\u00fclfadiazin Sodyum %20, yard\u0131mc\u0131 maddeler q.s. 100 g<\/p>\n<h6>\u00d6NEML\u0130<\/h6>\n<p>Zamanla tozda hafif sertle\u015fme olabilir. Ancak bu durum \u00fcr\u00fcn\u00fcn kalitesini, etkinli\u011fini veya kullan\u0131m \u00f6zelliklerini etkilemez.<\/p>\n","protected":false},"excerpt":{"rendered":"<p>Endikasyon: Ku\u015flarda Staphylococcus, Streptococcus ve Enterococcus gibi bakteriyel gastrointestinal enfeksiyonlar. Belirtiler: \u2022 Davran\u0131\u015f ve g\u00f6r\u00fcn\u00fcmde belirgin de\u011fi\u015fiklik \u2022 Kabarm\u0131\u015f ve da\u011f\u0131n\u0131k t\u00fcyler&hellip;<\/p>\n","protected":false},"featured_media":10841,"template":"","meta":[],"product_cat":[239],"product_tag":[],"class_list":{"0":"post-10840","1":"product","2":"type-product","3":"status-publish","4":"has-post-thumbnail","6":"product_cat-kuslar-icin-ilaclar","8":"first","9":"instock","10":"shipping-taxable","11":"product-type-simple"},"_links":{"self":[{"href":"https:\/\/care4birds.bg\/tr\/wp-json\/wp\/v2\/product\/10840","targetHints":{"allow":["GET"]}}],"collection":[{"href":"https:\/\/care4birds.bg\/tr\/wp-json\/wp\/v2\/product"}],"about":[{"href":"https:\/\/care4birds.bg\/tr\/wp-json\/wp\/v2\/types\/product"}],"wp:featuredmedia":[{"embeddable":true,"href":"https:\/\/care4birds.bg\/tr\/wp-json\/wp\/v2\/media\/10841"}],"wp:attachment":[{"href":"https:\/\/care4birds.bg\/tr\/wp-json\/wp\/v2\/media?parent=10840"}],"wp:term":[{"taxonomy":"product_cat","embeddable":true,"href":"https:\/\/care4birds.bg\/tr\/wp-json\/wp\/v2\/product_cat?post=10840"},{"taxonomy":"product_tag","embeddable":true,"href":"https:\/\/care4birds.bg\/tr\/wp-json\/wp\/v2\/product_tag?post=10840"}],"curies":[{"name":"wp","href":"https:\/\/api.w.org\/{rel}","templated":true}]}}