{"id":10858,"date":"2025-11-03T11:34:48","date_gmt":"2025-11-03T11:34:48","guid":{"rendered":"https:\/\/care4birds.bg\/product\/salmo-mix\/"},"modified":"2026-04-01T08:02:32","modified_gmt":"2026-04-01T08:02:32","slug":"salmo-mix","status":"publish","type":"product","link":"https:\/\/care4birds.bg\/tr\/urun\/salmo-mix\/","title":{"rendered":"Salmo-mix"},"content":{"rendered":"<h6>Endikasyon:<\/h6>\n<div>Salmonelloz, kolibasiloz (terleme hastal\u0131\u011f\u0131) ve ku\u015flarda yayg\u0131n bakteriyel enfeksiyonlar.<\/div>\n<h6>Belirtiler:<\/h6>\n<div>BAKTER\u0130YEL ENFEKS\u0130YONLARIN ORTAK BEL\u0130RT\u0130LER\u0130:<\/div>\n<div>KOL\u0130BAS\u0130LLOZ (TERLEME HASTALI\u011eI) EK BEL\u0130RT\u0130LER\u0130:<\/div>\n<div>\u2022 Davran\u0131\u015f ve g\u00f6r\u00fcn\u00fcmde belirgin de\u011fi\u015fiklikler<\/div>\n<div>\u2022 Kabarm\u0131\u015f ve da\u011f\u0131lm\u0131\u015f t\u00fcyler<\/div>\n<div>\u2022 \u0130shal<\/div>\n<div>\u2022 Ola\u011fand\u0131\u015f\u0131 veya zor nefes alma<\/div>\n<div>\u2022 Azalm\u0131\u015f i\u015ftah ve t\u00fcnek \u00fczerinde d\u00fc\u015f\u00fck durma<\/div>\n<div>\u2022 Yuvan\u0131n i\u00e7i yavru ku\u015fun sar\u0131 ishali ile lekelenmi\u015f<\/div>\n<div>\u2022 Yavru ku\u015flarda geli\u015fme gerili\u011fi<\/div>\n<div>\u2022 Ya\u015fam\u0131n ilk birka\u00e7 g\u00fcn\u00fcnde artan \u00f6l\u00fcm oran\u0131<\/div>\n<div><\/div>\n<div>Salmonelloz, y\u0131l\u0131n daha nemli d\u00f6nemlerinde, kafes d\u0131\u015f\u0131nda, uygun hijyen \u00f6nlemleri al\u0131nmad\u0131\u011f\u0131nda daha yayg\u0131nd\u0131r; fareler veya yabani ku\u015f d\u0131\u015fk\u0131lar\u0131 enfeksiyon kayna\u011f\u0131d\u0131r.<\/div>\n<h6>Dozaj:<\/h6>\n<div>DOZAJ: NORMAL TEDAV\u0130 OLARAK, 5 g ilac\u0131 1 litre i\u00e7me suyuna ekleyin<\/div>\n<div>5\u20137 g\u00fcn boyunca ard\u0131\u015f\u0131k \u015fekilde.<\/div>\n<div>SALMONELLOZ VEYA KOL\u0130BAS\u0130LLOZ (TERLEME HASTALI\u011eI) DURUMUNDA, tedaviyi 2 g\u00fcn sonra tekrarlay\u0131n<\/div>\n<div>1+5 g \u00f6l\u00e7\u00fc ka\u015f\u0131\u011f\u0131 dahildir.<\/div>\n<div><\/div>\n<p>Etkile\u015fim(ler): bilinmiyor.<\/p>\n<p>Kontrendikasyon(lar): a\u015f\u0131r\u0131 doz.<\/p>\n<h6>Kullan\u0131m tavsiyesi:<\/h6>\n<p>Hasta ku\u015flar\u0131 izole edin (s\u0131cakl\u0131k 28-33 \u00baC, \u0131\u015f\u0131klar lo\u015f).<br \/>\nTedavi s\u0131ras\u0131nda di\u011fer ku\u015flara da \u00f6nleyici tedavi uygulay\u0131n.<br \/>\nKu\u015flar\u0131n \u00f6nerilen miktarda ilac\u0131 ald\u0131\u011f\u0131ndan emin olun; bu nedenle ila\u00e7s\u0131z yiyecek veya su al\u0131m\u0131n\u0131 \u00f6nleyin.<br \/>\nTedavi s\u0131ras\u0131nda glikoz ve MULTIVIT MIX verin.<br \/>\nCiddi durumlarda uzun s\u00fcreli tedavi \u00f6nerilir.<br \/>\nBar\u0131naklar\u0131n yeterince dezenfekte edildi\u011finden emin olun.<br \/>\nH\u0131zl\u0131 iyile\u015fme g\u00f6r\u00fclmezse bir uzmana dan\u0131\u015f\u0131n.<\/p>\n<h6>NOTLAR: KULLANMADAN \u00d6NCE TAL\u0130MATLARI OKUYUN.<\/h6>\n<p>Kuru yerde, do\u011frudan g\u00fcne\u015f \u0131\u015f\u0131\u011f\u0131ndan uzak, 0-30 \u00b0C aras\u0131nda saklay\u0131n.<br \/>\n\u0130lk a\u00e7\u0131ld\u0131ktan sonra raf \u00f6mr\u00fc: bir (1) y\u0131l.<br \/>\nParti numaras\u0131 ve son kullanma tarihi: ambalaja bak\u0131n\u0131z.<br \/>\n\u0130lac\u0131n ellerinizle temas\u0131ndan ka\u00e7\u0131n\u0131n.<br \/>\n\u00c7ocuklar\u0131n eri\u015femeyece\u011fi yerde saklay\u0131n.<br \/>\nSadece hayvan tedavisi i\u00e7indir. \u0130nsan t\u00fcketimi i\u00e7in yeti\u015ftirilen hayvanlarda kullan\u0131lmaz.<br \/>\nBo\u015f ambalaj\u0131 ve kalan \u00fcr\u00fcn\u00fc evsel at\u0131klarla birlikte at\u0131n.<br \/>\nBu veteriner ila\u00e7, k\u00fc\u00e7\u00fck hayvan istisna program\u0131 kapsam\u0131nda pazarlanmaktad\u0131r.<\/p>\n<h6>\u0130\u00e7indekiler:<\/h6>\n<p>Furaltadon HCl %12,8, Kloramfenikol %8, Klortetrasiklin HCl %12,5, yard\u0131mc\u0131 maddeler q.s. 100 g kadar<\/p>\n","protected":false},"excerpt":{"rendered":"<p>Endikasyon: Salmonelloz, kolibasiloz (terleme hastal\u0131\u011f\u0131) ve ku\u015flarda yayg\u0131n bakteriyel enfeksiyonlar. Belirtiler: BAKTER\u0130YEL ENFEKS\u0130YONLARIN ORTAK BEL\u0130RT\u0130LER\u0130: KOL\u0130BAS\u0130LLOZ (TERLEME HASTALI\u011eI) EK BEL\u0130RT\u0130LER\u0130: \u2022 Davran\u0131\u015f&hellip;<\/p>\n","protected":false},"featured_media":10859,"template":"","meta":[],"product_cat":[239],"product_tag":[],"class_list":{"0":"post-10858","1":"product","2":"type-product","3":"status-publish","4":"has-post-thumbnail","6":"product_cat-kuslar-icin-ilaclar","8":"first","9":"instock","10":"shipping-taxable","11":"product-type-simple"},"_links":{"self":[{"href":"https:\/\/care4birds.bg\/tr\/wp-json\/wp\/v2\/product\/10858","targetHints":{"allow":["GET"]}}],"collection":[{"href":"https:\/\/care4birds.bg\/tr\/wp-json\/wp\/v2\/product"}],"about":[{"href":"https:\/\/care4birds.bg\/tr\/wp-json\/wp\/v2\/types\/product"}],"wp:featuredmedia":[{"embeddable":true,"href":"https:\/\/care4birds.bg\/tr\/wp-json\/wp\/v2\/media\/10859"}],"wp:attachment":[{"href":"https:\/\/care4birds.bg\/tr\/wp-json\/wp\/v2\/media?parent=10858"}],"wp:term":[{"taxonomy":"product_cat","embeddable":true,"href":"https:\/\/care4birds.bg\/tr\/wp-json\/wp\/v2\/product_cat?post=10858"},{"taxonomy":"product_tag","embeddable":true,"href":"https:\/\/care4birds.bg\/tr\/wp-json\/wp\/v2\/product_tag?post=10858"}],"curies":[{"name":"wp","href":"https:\/\/api.w.org\/{rel}","templated":true}]}}