{"id":10876,"date":"2025-11-03T11:34:46","date_gmt":"2025-11-03T11:34:46","guid":{"rendered":"https:\/\/care4birds.bg\/product\/worm-mix\/"},"modified":"2026-04-01T08:05:17","modified_gmt":"2026-04-01T08:05:17","slug":"worm-mix","status":"publish","type":"product","link":"https:\/\/care4birds.bg\/tr\/urun\/worm-mix\/","title":{"rendered":"Worm-mix"},"content":{"rendered":"<div>\n<h6>Endikasyon:<\/h6>\n<\/div>\n<div>Ku\u015flarda yuvarlak ve sa\u00e7 kurtlar\u0131 enfestasyonlar\u0131n\u0131n \u00f6nlenmesi ve tedavisi i\u00e7in.<\/div>\n<h6>Belirtiler:<\/h6>\n<div>BA\u011eIRSAK KURTLARI BEL\u0130RT\u0130LER\u0130<\/div>\n<div><\/div>\n<div>\u2022 Kilo kayb\u0131<\/div>\n<div>\u2022 Kondisyon kayb\u0131<\/div>\n<div>\u2022 Di\u011fer hastal\u0131klara kar\u015f\u0131 artan hassasiyet<\/div>\n<h6>HAYVANLARINIZI NE ZAMAN TEDAV\u0130 ETMEL\u0130S\u0130N\u0130Z:<\/h6>\n<div>\u2022 Rutinde, t\u00fcy de\u011fi\u015fiminden sonra<\/div>\n<div>\u2022 Yeni ku\u015f ald\u0131\u011f\u0131n\u0131zda<\/div>\n<div>\u2022 Kurt enfestasyonu durumunda<\/div>\n<h6>Dozaj:<\/h6>\n<div>DOZAJ: KU\u015eLAR \u0130\u00c7\u0130N GENEL TEDAV\u0130:<\/div>\n<div>500 g canl\u0131 a\u011f\u0131rl\u0131k i\u00e7in 1 g \/ 2500 g canl\u0131 a\u011f\u0131rl\u0131k i\u00e7in 5 g, 2 ard\u0131\u015f\u0131k g\u00fcn<\/div>\n<div>Worm-mix\u2019i yemle veya i\u00e7me suyu ile verin.<\/div>\n<div>Bu tedaviyi 10-12 g\u00fcn sonra tekrarlay\u0131n.<\/div>\n<div>\u00d6l\u00e7\u00fc ka\u015f\u0131\u011f\u0131 1+5 g dahil<\/div>\n<h6>Etkile\u015fimler: bilinmiyor.<\/h6>\n<h6>Kontrendikasyonlar: a\u015f\u0131r\u0131 doz: Bu \u00fcr\u00fcn\u00fc \u00e7iftle\u015fme, yavru besleme, b\u00fcy\u00fck t\u00fcy d\u00f6k\u00fcm\u00fc ve 14 g\u00fcnden k\u00fc\u00e7\u00fck ku\u015flara uygulamay\u0131n.<\/h6>\n<h6>Kullan\u0131m \u00f6nerileri:<\/h6>\n<p>Hasta ku\u015flar\u0131 izole edin (28-33 \u00baC s\u0131cakl\u0131k, \u0131\u015f\u0131k k\u0131s\u0131k).<br \/>\nHasta hayvanlar\u0131 tedavi ederken di\u011fer ku\u015flara da \u00f6nleyici tedavi uygulay\u0131n.<br \/>\nKu\u015flar\u0131n \u00f6nerilen ila\u00e7 miktar\u0131n\u0131 ald\u0131\u011f\u0131ndan emin olun; bu nedenle ila\u00e7s\u0131z yiyecek ve sudan ka\u00e7\u0131n\u0131n.<br \/>\nTedavi s\u0131ras\u0131nda glikoz ve MULTIVIT MIX verin.<br \/>\nCiddi durumlarda uzun s\u00fcreli tedavi \u00f6nerilir.<br \/>\nBar\u0131na\u011f\u0131 uygun \u015fekilde dezenfekte edin.<br \/>\nH\u0131zl\u0131 iyile\u015fme olmazsa bir uzmana dan\u0131\u015f\u0131n.<\/p>\n<h6>NOTLAR: KULLANMADAN \u00d6NCE TAL\u0130MATLARI OKUYUN.<\/h6>\n<p>Kuru yerde, do\u011frudan g\u00fcne\u015f \u0131\u015f\u0131\u011f\u0131ndan uzak, 0-30 \u00baC aras\u0131nda saklay\u0131n.<br \/>\n\u0130lk a\u00e7\u0131l\u0131\u015ftan sonra raf \u00f6mr\u00fc: bir (1) y\u0131l.<br \/>\nParti numaras\u0131 ve son kullanma tarihi: paket \u00fczerinde bak\u0131n.<br \/>\n\u0130lac\u0131n ellerle temas\u0131ndan ka\u00e7\u0131n\u0131n.<br \/>\n\u00c7ocuklar\u0131n eri\u015femeyece\u011fi yerde saklay\u0131n.<br \/>\nSadece hayvan tedavisi i\u00e7in. \u0130nsan t\u00fcketimi i\u00e7in g\u0131da \u00fcretmek amac\u0131yla hayvanlara uygulanmaz.<br \/>\nBo\u015f ambalaj ve kalan \u00fcr\u00fcn\u00fc evsel at\u0131klarla imha edin.<br \/>\nBu veteriner ilac\u0131, k\u00fc\u00e7\u00fck hayvan muafiyet \u015femas\u0131na uygun olarak pazarlanmaktad\u0131r.<\/p>\n<h6>\u0130\u00e7erir:<\/h6>\n<p>Levamisol HCl %2, Yard\u0131mc\u0131 maddeler q.s. 100 g\u2019a kadar<\/p>\n","protected":false},"excerpt":{"rendered":"<p>Endikasyon: Ku\u015flarda yuvarlak ve sa\u00e7 kurtlar\u0131 enfestasyonlar\u0131n\u0131n \u00f6nlenmesi ve tedavisi i\u00e7in. Belirtiler: BA\u011eIRSAK KURTLARI BEL\u0130RT\u0130LER\u0130 \u2022 Kilo kayb\u0131 \u2022 Kondisyon kayb\u0131 \u2022&hellip;<\/p>\n","protected":false},"featured_media":10877,"template":"","meta":[],"product_cat":[239],"product_tag":[],"class_list":{"0":"post-10876","1":"product","2":"type-product","3":"status-publish","4":"has-post-thumbnail","6":"product_cat-kuslar-icin-ilaclar","8":"first","9":"instock","10":"shipping-taxable","11":"product-type-simple"},"_links":{"self":[{"href":"https:\/\/care4birds.bg\/tr\/wp-json\/wp\/v2\/product\/10876","targetHints":{"allow":["GET"]}}],"collection":[{"href":"https:\/\/care4birds.bg\/tr\/wp-json\/wp\/v2\/product"}],"about":[{"href":"https:\/\/care4birds.bg\/tr\/wp-json\/wp\/v2\/types\/product"}],"wp:featuredmedia":[{"embeddable":true,"href":"https:\/\/care4birds.bg\/tr\/wp-json\/wp\/v2\/media\/10877"}],"wp:attachment":[{"href":"https:\/\/care4birds.bg\/tr\/wp-json\/wp\/v2\/media?parent=10876"}],"wp:term":[{"taxonomy":"product_cat","embeddable":true,"href":"https:\/\/care4birds.bg\/tr\/wp-json\/wp\/v2\/product_cat?post=10876"},{"taxonomy":"product_tag","embeddable":true,"href":"https:\/\/care4birds.bg\/tr\/wp-json\/wp\/v2\/product_tag?post=10876"}],"curies":[{"name":"wp","href":"https:\/\/api.w.org\/{rel}","templated":true}]}}