{"id":10894,"date":"2025-11-03T11:33:19","date_gmt":"2025-11-03T11:33:19","guid":{"rendered":"https:\/\/care4birds.bg\/product\/fungi-mix\/"},"modified":"2026-03-30T08:55:50","modified_gmt":"2026-03-30T08:55:50","slug":"fungi-mix","status":"publish","type":"product","link":"https:\/\/care4birds.bg\/tr\/urun\/fungi-mix\/","title":{"rendered":"Fungi-mix"},"content":{"rendered":"<div>\n<h6>Endikasyon:<\/h6>\n<\/div>\n<div>Ku\u015flarda Kandidiyaz, Moniliyaz ve Aspergilloz gibi mantar enfeksiyonlar\u0131.<\/div>\n<div>Maya, bozulmu\u015f g\u0131dalar dahil her yerde bulunur. Bu nedenle taze meyve ve sebzeler ku\u015f kafesinde uzun s\u00fcre b\u0131rak\u0131lmamal\u0131d\u0131r. Yaz\u0131n s\u0131cak ve nemli havada g\u0131da birka\u00e7 saat i\u00e7inde bozulabilir. K\u00f6t\u00fc hijyen de maya enfeksiyonlar\u0131n\u0131 yayabilir. El besleme ekipman\u0131n\u0131n steril edilmemesi, kafesin uygun temizlenmemesi ve hatta ellerimizi y\u0131kamamak mayay\u0131 yayabilir. \u00c7o\u011fu sa\u011fl\u0131kl\u0131 ku\u015f etkilenmez. Ya\u015fl\u0131 ku\u015flar, yeni do\u011fanlar, hasta ku\u015flar ve stresli ku\u015flar genellikle maya enfeksiyonlar\u0131 geli\u015ftirir. Bu ikincil enfeksiyonlar<\/div>\n<div>zaten y\u0131pranm\u0131\u015f ba\u011f\u0131\u015f\u0131kl\u0131k sistemleri \u00fczerinde ek stres yarat\u0131r ve iyile\u015fme s\u00fcrecini engeller.<\/div>\n<h6>Belirtiler:<\/h6>\n<div>\u2022 T\u00fcy d\u00f6k\u00fclmesi<\/div>\n<div>\u2022 \u0130\u015ftah kayb\u0131<\/div>\n<div>\u2022 Kusma<\/div>\n<div>\u2022 \u015ei\u015fmi\u015f g\u0131rtlak<\/div>\n<div>\u2022 Solunum zorlu\u011fu<\/div>\n<div>\u2022 S\u0131kl\u0131kla ishal ile birlikte g\u00f6r\u00fcl\u00fcr.<\/div>\n<h6>Dozaj:<\/h6>\n<div>Yumurta yemi: Genel ku\u015flar: 5 g \/ 500 g yumu\u015fak yiyecek, g\u00fcnde iki kez, 5\u20137 g\u00fcn<\/div>\n<div>\u0130\u00e7me suyu: Genel ku\u015flar: 5 g \/ 1 L i\u00e7me suyu, g\u00fcnde iki kez, 5\u20137 g\u00fcn. (Kullanmadan \u00f6nce iyice kar\u0131\u015ft\u0131r\u0131n!) Nystatin el besleme form\u00fcl\u00fcne do\u011frudan kar\u0131\u015ft\u0131r\u0131labilir ancak yemden yakla\u015f\u0131k 1\/2 saat \u00f6nce saf olarak verilirse daha etkilidir. Bu, g\u0131rtlak duvar\u0131n\u0131 kaplayarak Candida organizmas\u0131n\u0131 yok etmesi i\u00e7in zaman sa\u011flar. \u00d6nleme i\u00e7in ku\u015flar\u0131n\u0131za g\u00fcnl\u00fck 1 litre i\u00e7me suyuna 5 ml sitrik asit verin. \u00d6l\u00e7\u00fc ka\u015f\u0131\u011f\u0131 1+5 g dahil.<\/div>\n<h6>Etkile\u015fimler: bilinmiyor.<\/h6>\n<h6>Kontrendikasyonlar: a\u015f\u0131r\u0131 doz.<\/h6>\n<h6>Kullan\u0131m \u00f6nerileri:<\/h6>\n<p>Hasta ku\u015flar\u0131 izole edin (28\u201333 \u00baC s\u0131cakl\u0131k, \u0131\u015f\u0131k k\u0131s\u0131k).<br \/>\nHasta ku\u015flar\u0131 tedavi ederken di\u011fer ku\u015flara da \u00f6nleyici tedavi uygulay\u0131n.<br \/>\nKu\u015flar\u0131n \u00f6nerilen ila\u00e7 miktar\u0131n\u0131 ald\u0131\u011f\u0131ndan emin olun; ila\u00e7s\u0131z yiyecek ve sudan ka\u00e7\u0131n\u0131n.<br \/>\nTedavi s\u0131ras\u0131nda glikoz ve MULTIVIT MIX verin.<br \/>\nCiddi durumlarda uzun s\u00fcreli tedavi \u00f6nerilir.<br \/>\nBar\u0131na\u011f\u0131 uygun \u015fekilde dezenfekte edin.<br \/>\nH\u0131zl\u0131 iyile\u015fme olmazsa bir uzmana dan\u0131\u015f\u0131n.<\/p>\n<h6>NOTLAR: KULLANMADAN \u00d6NCE TAL\u0130MATLARI OKUYUN.<\/h6>\n<p>Kuru yerde, do\u011frudan g\u00fcne\u015f \u0131\u015f\u0131\u011f\u0131ndan uzak, 0\u201330 \u00baC aras\u0131nda saklay\u0131n.<br \/>\n\u0130lk a\u00e7\u0131l\u0131\u015ftan sonra raf \u00f6mr\u00fc: bir (1) y\u0131l.<br \/>\nParti numaras\u0131 ve son kullanma tarihi: paket \u00fczerinde bak\u0131n.<br \/>\n\u0130lac\u0131n ellerle temas\u0131ndan ka\u00e7\u0131n\u0131n.<br \/>\n\u00c7ocuklar\u0131n eri\u015femeyece\u011fi yerde saklay\u0131n.<br \/>\nSadece hayvan tedavisi i\u00e7in. \u0130nsan t\u00fcketimi i\u00e7in g\u0131da \u00fcretmek amac\u0131yla hayvanlara uygulanmaz.<br \/>\nBo\u015f ambalaj ve kalan \u00fcr\u00fcn\u00fc evsel at\u0131klarla imha edin.<br \/>\nBu veteriner ilac\u0131, k\u00fc\u00e7\u00fck hayvan muafiyet \u015femas\u0131na uygun olarak pazarlanmaktad\u0131r.<\/p>\n<h6>\u0130\u00e7erir:<\/h6>\n<p>100 g Nystatin (200.000 i.u\/gram)<\/p>\n","protected":false},"excerpt":{"rendered":"<p>Endikasyon: Ku\u015flarda Kandidiyaz, Moniliyaz ve Aspergilloz gibi mantar enfeksiyonlar\u0131. Maya, bozulmu\u015f g\u0131dalar dahil her yerde bulunur. Bu nedenle taze meyve ve sebzeler&hellip;<\/p>\n","protected":false},"featured_media":10895,"template":"","meta":[],"product_cat":[239],"product_tag":[],"class_list":{"0":"post-10894","1":"product","2":"type-product","3":"status-publish","4":"has-post-thumbnail","6":"product_cat-kuslar-icin-ilaclar","8":"first","9":"instock","10":"shipping-taxable","11":"product-type-simple"},"_links":{"self":[{"href":"https:\/\/care4birds.bg\/tr\/wp-json\/wp\/v2\/product\/10894","targetHints":{"allow":["GET"]}}],"collection":[{"href":"https:\/\/care4birds.bg\/tr\/wp-json\/wp\/v2\/product"}],"about":[{"href":"https:\/\/care4birds.bg\/tr\/wp-json\/wp\/v2\/types\/product"}],"wp:featuredmedia":[{"embeddable":true,"href":"https:\/\/care4birds.bg\/tr\/wp-json\/wp\/v2\/media\/10895"}],"wp:attachment":[{"href":"https:\/\/care4birds.bg\/tr\/wp-json\/wp\/v2\/media?parent=10894"}],"wp:term":[{"taxonomy":"product_cat","embeddable":true,"href":"https:\/\/care4birds.bg\/tr\/wp-json\/wp\/v2\/product_cat?post=10894"},{"taxonomy":"product_tag","embeddable":true,"href":"https:\/\/care4birds.bg\/tr\/wp-json\/wp\/v2\/product_tag?post=10894"}],"curies":[{"name":"wp","href":"https:\/\/api.w.org\/{rel}","templated":true}]}}