{"id":10912,"date":"2025-11-03T11:31:54","date_gmt":"2025-11-03T11:31:54","guid":{"rendered":"https:\/\/care4birds.bg\/product\/protozoal-mix\/"},"modified":"2026-03-30T09:03:43","modified_gmt":"2026-03-30T09:03:43","slug":"protozoal-mix","status":"publish","type":"product","link":"https:\/\/care4birds.bg\/tr\/urun\/protozoal-mix\/","title":{"rendered":"Protozoal-mix"},"content":{"rendered":"<div>\n<div>\n<h6>Endikasyon:<\/h6>\n<\/div>\n<div>Protozoal enfeksiyonlar: Trichomoniasis (Canker), Giardiasis<\/div>\n<\/div>\n<div>\n<div>ve ku\u015flarda Cochlosoma.<\/div>\n<\/div>\n<h6>Belirtiler:<\/h6>\n<div>\n<div>\u2022 Trichomoniasis: Kilo kayb\u0131, geri \u00e7\u0131kartma, gagada kurumu\u015f t\u00fck\u00fcr\u00fck<\/div>\n<\/div>\n<div>\n<div>\u2022 Giardiasis: \u0130shal ve baz\u0131 \u00f6l\u00fcmler.<\/div>\n<\/div>\n<div>\n<div>\u2022 Cochlosomosis: Yavru ku\u015flarda susuzluk ve sar\u0131 ishal ile zay\u0131fl\u0131k.<\/div>\n<\/div>\n<div>\n<div>Bengal ku\u015flar\u0131n\u0131n alt\u0131nda bak\u0131lan ispinozlarda, asemptomatik ta\u015f\u0131y\u0131c\u0131lar olarak hareket eder.<\/div>\n<\/div>\n<div>\n<div>Belirtiler, 10 g\u00fcnl\u00fck ila 6 haftal\u0131k civcivlerde en \u015fiddetlidir. Enfeksiyon d\u0131\u015fk\u0131, yiyecek ve su ile bula\u015fabilir.<\/div>\n<\/div>\n<h6>Dozaj:<\/h6>\n<div>Trichomoniasis ve Giardiasis: 1 litre i\u00e7me suyuna 5 g ekleyin<\/div>\n<div>5-7 g\u00fcn boyunca ard\u0131\u015f\u0131k olarak.<\/div>\n<div>Papa\u011fan: 1 litre i\u00e7me suyuna 1 g, 5-7 g\u00fcn ard\u0131\u015f\u0131k olarak.<\/div>\n<div>Cochlosomosis: 1 litre i\u00e7me suyuna veya 500 g yumu\u015fak yiyece\u011fe 5 g ekleyin, 5 g\u00fcn boyunca. Bu tedaviyi 6 ay boyunca ayl\u0131k olarak tekrarlay\u0131n.<\/div>\n<div>\u00d6l\u00e7\u00fc ka\u015f\u0131\u011f\u0131 1+5 g dahil.<\/div>\n<h6>Etkile\u015fim(ler): bilinmiyor.<\/h6>\n<h6>Kontrendikasyonlar: a\u015f\u0131r\u0131 doz.<\/h6>\n<h6>Kullan\u0131m \u00f6nerisi:<\/h6>\n<p>Hastalar\u0131 izole edin (28\u201333 \u00baC s\u0131cakl\u0131k, \u0131\u015f\u0131klar k\u0131s\u0131k).<br \/>\nHastalara tedavi uygularken, di\u011fer ku\u015flara da \u00f6nleyici tedavi verin.<br \/>\nKu\u015flar\u0131n \u00f6nerilen ila\u00e7 miktar\u0131n\u0131 almas\u0131n\u0131 sa\u011flay\u0131n; bu nedenle ila\u00e7s\u0131z yiyecek veya su al\u0131m\u0131ndan ka\u00e7\u0131n\u0131n.<br \/>\nTedavi s\u0131ras\u0131nda glikoz ve MULTIVIT MIX verin.<br \/>\nCiddi durumlarda tedavi s\u00fcresi uzat\u0131labilir.<br \/>\nKafes ve ortam\u0131 iyice dezenfekte edin.<br \/>\nH\u0131zl\u0131 iyile\u015fme ger\u00e7ekle\u015fmezse bir uzmana dan\u0131\u015f\u0131n.  <\/p>\n<h6>NOTLAR: KULLANMADAN \u00d6NCE TAL\u0130MATLARI OKUYUN.<\/h6>\n<p>\u0130lk a\u00e7\u0131ld\u0131ktan sonra raf \u00f6mr\u00fc: bir (1) y\u0131l.<br \/>\nLot numaras\u0131 ve son kullanma tarihi: paket \u00fczerinde.<br \/>\n\u0130la\u00e7la temas\u0131ndan ka\u00e7\u0131n\u0131n.<br \/>\n\u00c7ocuklar\u0131n eri\u015femeyece\u011fi yerde saklay\u0131n.<br \/>\nSadece hayvan tedavisi i\u00e7in. \u0130nsan g\u0131das\u0131 \u00fcretimi i\u00e7in olan hayvanlarda kullan\u0131lmaz.<br \/>\nBo\u015f ambalaj ve kalan \u00fcr\u00fcn\u00fc ev \u00e7\u00f6p\u00fcne at\u0131n.<br \/>\nBu veteriner ilac\u0131 k\u00fc\u00e7\u00fck hayvan muafiyet \u015femas\u0131na g\u00f6re pazarlanmaktad\u0131r.  <\/p>\n<h6>\u0130\u00e7erik:<\/h6>\n<p>Ronidazole %10, inaktif bile\u015fenler q.s. 100 g<\/p>\n","protected":false},"excerpt":{"rendered":"<p>Endikasyon: Protozoal enfeksiyonlar: Trichomoniasis (Canker), Giardiasis ve ku\u015flarda Cochlosoma. Belirtiler: \u2022 Trichomoniasis: Kilo kayb\u0131, geri \u00e7\u0131kartma, gagada kurumu\u015f t\u00fck\u00fcr\u00fck \u2022 Giardiasis: \u0130shal&hellip;<\/p>\n","protected":false},"featured_media":10913,"template":"","meta":[],"product_cat":[239],"product_tag":[],"class_list":{"0":"post-10912","1":"product","2":"type-product","3":"status-publish","4":"has-post-thumbnail","6":"product_cat-kuslar-icin-ilaclar","8":"first","9":"instock","10":"shipping-taxable","11":"product-type-simple"},"_links":{"self":[{"href":"https:\/\/care4birds.bg\/tr\/wp-json\/wp\/v2\/product\/10912","targetHints":{"allow":["GET"]}}],"collection":[{"href":"https:\/\/care4birds.bg\/tr\/wp-json\/wp\/v2\/product"}],"about":[{"href":"https:\/\/care4birds.bg\/tr\/wp-json\/wp\/v2\/types\/product"}],"wp:featuredmedia":[{"embeddable":true,"href":"https:\/\/care4birds.bg\/tr\/wp-json\/wp\/v2\/media\/10913"}],"wp:attachment":[{"href":"https:\/\/care4birds.bg\/tr\/wp-json\/wp\/v2\/media?parent=10912"}],"wp:term":[{"taxonomy":"product_cat","embeddable":true,"href":"https:\/\/care4birds.bg\/tr\/wp-json\/wp\/v2\/product_cat?post=10912"},{"taxonomy":"product_tag","embeddable":true,"href":"https:\/\/care4birds.bg\/tr\/wp-json\/wp\/v2\/product_tag?post=10912"}],"curies":[{"name":"wp","href":"https:\/\/api.w.org\/{rel}","templated":true}]}}