{"id":10930,"date":"2025-11-03T11:31:44","date_gmt":"2025-11-03T11:31:44","guid":{"rendered":"https:\/\/care4birds.bg\/product\/combi-mix-2\/"},"modified":"2026-03-30T09:39:49","modified_gmt":"2026-03-30T09:39:49","slug":"combi-mix-2","status":"publish","type":"product","link":"https:\/\/care4birds.bg\/tr\/urun\/combi-mix-2\/","title":{"rendered":"Combi-mix"},"content":{"rendered":"<div>\n<h6>Endikasyon:<\/h6>\n<\/div>\n<div>Ku\u015flarda Kokcidiyoz ve Atoxoplazmoz (Lankesterella).<\/div>\n<h6>Belirtiler:<\/h6>\n<div>\u2022 \u0130\u015ftahta azalma<\/div>\n<div>\u2022 T\u00fcylerin kabarmas\u0131<\/div>\n<div>\u2022 Sulu, s\u00fcm\u00fcks\u00fc d\u0131\u015fk\u0131<\/div>\n<div>\u2022 Kirli kloak t\u00fcyleri<\/div>\n<div>\u2022 Artm\u0131\u015f karaci\u011fer boyutu<\/div>\n<div>\u2022 \u015ei\u015fkin ba\u011f\u0131rsaklar<\/div>\n<h6>Dozaj:<\/h6>\n<div>Kokcidiyoz Dozu: Kafes ku\u015flar\u0131, kanaryalar: 1 g \/ 200 ml i\u00e7me suyu (5 g \/ 1 l i\u00e7me suyu), 7 g\u00fcn; 2 g\u00fcn sonra tedaviyi tekrarlay\u0131n.<\/div>\n<div>Atoxoplazmoz (Lankesterella) Dozu: Kafes ku\u015flar\u0131, kanaryalar: 1 g \/ 400 ml i\u00e7me suyu (5 g \/ 2 l i\u00e7me suyu), \u00fcreme d\u00f6nemi boyunca ilk t\u00fcy d\u00f6k\u00fcm\u00fcnden sonra s\u00fcrekli. \u00d6l\u00e7\u00fcm ka\u015f\u0131\u011f\u0131 1+5 g dahildir.<\/div>\n<h6>Etkile\u015fimler:<\/h6>\n<div>Bilinmiyor.<\/div>\n<h6>Kontrendikasyonlar:<\/h6>\n<div>A\u015f\u0131r\u0131 doz.<\/div>\n<h6>Kullan\u0131m Tavsiyeleri:<\/h6>\n<div>Hasta ku\u015flar\u0131 izole edin (28\u201333 \u00baC, \u0131\u015f\u0131k k\u0131s\u0131k).<\/div>\n<div>Tedavi s\u0131ras\u0131nda di\u011fer ku\u015flara da \u00f6nleyici tedavi uygulay\u0131n.<\/div>\n<div>Ku\u015flar\u0131n \u00f6nerilen ila\u00e7 miktar\u0131n\u0131 ald\u0131\u011f\u0131ndan emin olun; ila\u00e7s\u0131z yiyecek veya suyu \u00f6nleyin.<\/div>\n<div>Tedavi s\u0131ras\u0131nda glukoz ve MULTIVIT MIX verin.<\/div>\n<div>Ciddi durumlarda tedaviyi uzat\u0131n.<\/div>\n<div>Konaklama yerini iyice dezenfekte edin.<\/div>\n<div>H\u0131zl\u0131 iyile\u015fme olmazsa, uzmana dan\u0131\u015f\u0131n.<\/div>\n<h6>NOTLAR: KULLANMADAN \u00d6NCE TAL\u0130MATLARI OKUYUN.<\/h6>\n<div>Kuru yerde, do\u011frudan g\u00fcne\u015f \u0131\u015f\u0131\u011f\u0131ndan uzakta, 0\u201330 \u00baC aras\u0131nda saklay\u0131n.<\/div>\n<div>\u0130lk a\u00e7\u0131ld\u0131ktan sonra raf \u00f6mr\u00fc: bir (1) y\u0131l.<\/div>\n<div>Parti numaras\u0131 ve son kullanma tarihi: ambalaj \u00fczerinde belirtilmi\u015ftir.<\/div>\n<div>\u0130la\u00e7la temas etmekten ka\u00e7\u0131n\u0131n.<\/div>\n<div>\u00c7ocuklardan uzak tutun.<\/div>\n<div>Sadece hayvan tedavisi i\u00e7in. \u0130nsan t\u00fcketimi i\u00e7in hayvanlar i\u00e7in de\u011fildir.<\/div>\n<div>Bo\u015f ambalaj ve kalan \u00fcr\u00fcn\u00fc evsel at\u0131klara at\u0131n.<\/div>\n<div>Bu veteriner ilac\u0131 k\u00fc\u00e7\u00fck hayvan muafiyet plan\u0131na uygun olarak pazarlanmaktad\u0131r.<\/div>\n<h6>\u0130\u00e7erir:<\/h6>\n<div>Sulfachlorpyridazin Sodyum 5 %, inaktif bile\u015fenler q.s. 100 g<\/div>\n<h6>\u00d6NEML\u0130:<\/h6>\n<div>Toz zamanla hafif sertle\u015febilir; ancak bu \u00fcr\u00fcn\u00fcn etkinli\u011fini veya faydal\u0131 \u00f6zelliklerini etkilemez.<\/div>\n","protected":false},"excerpt":{"rendered":"<p>Endikasyon: Ku\u015flarda Kokcidiyoz ve Atoxoplazmoz (Lankesterella). Belirtiler: \u2022 \u0130\u015ftahta azalma \u2022 T\u00fcylerin kabarmas\u0131 \u2022 Sulu, s\u00fcm\u00fcks\u00fc d\u0131\u015fk\u0131 \u2022 Kirli kloak t\u00fcyleri \u2022&hellip;<\/p>\n","protected":false},"featured_media":10931,"template":"","meta":[],"product_cat":[239],"product_tag":[],"class_list":{"0":"post-10930","1":"product","2":"type-product","3":"status-publish","4":"has-post-thumbnail","6":"product_cat-kuslar-icin-ilaclar","8":"first","9":"instock","10":"shipping-taxable","11":"product-type-simple"},"_links":{"self":[{"href":"https:\/\/care4birds.bg\/tr\/wp-json\/wp\/v2\/product\/10930","targetHints":{"allow":["GET"]}}],"collection":[{"href":"https:\/\/care4birds.bg\/tr\/wp-json\/wp\/v2\/product"}],"about":[{"href":"https:\/\/care4birds.bg\/tr\/wp-json\/wp\/v2\/types\/product"}],"wp:featuredmedia":[{"embeddable":true,"href":"https:\/\/care4birds.bg\/tr\/wp-json\/wp\/v2\/media\/10931"}],"wp:attachment":[{"href":"https:\/\/care4birds.bg\/tr\/wp-json\/wp\/v2\/media?parent=10930"}],"wp:term":[{"taxonomy":"product_cat","embeddable":true,"href":"https:\/\/care4birds.bg\/tr\/wp-json\/wp\/v2\/product_cat?post=10930"},{"taxonomy":"product_tag","embeddable":true,"href":"https:\/\/care4birds.bg\/tr\/wp-json\/wp\/v2\/product_tag?post=10930"}],"curies":[{"name":"wp","href":"https:\/\/api.w.org\/{rel}","templated":true}]}}