{"id":10948,"date":"2025-11-03T11:29:59","date_gmt":"2025-11-03T11:29:59","guid":{"rendered":"https:\/\/care4birds.bg\/product\/orni-mix\/"},"modified":"2026-03-30T09:50:50","modified_gmt":"2026-03-30T09:50:50","slug":"orni-mix","status":"publish","type":"product","link":"https:\/\/care4birds.bg\/tr\/urun\/orni-mix\/","title":{"rendered":"Orni-mix"},"content":{"rendered":"<div>\n<h6>Endikasyon:<\/h6>\n<\/div>\n<div>\n<div>Ku\u015flarda Ornithosis, Pn\u00f6moni, Mikoplazmoz, Psittakoz (Klamidiyoz) kaynakl\u0131 solunum yolu enfeksiyonlar\u0131.<\/div>\n<\/div>\n<h6>Belirtiler:<\/h6>\n<div>\n<div>\u2022 Sin\u00fcs enfeksiyonu, zor nefes alma, nefes darl\u0131\u011f\u0131, h\u0131r\u0131lt\u0131l\u0131 solunum veya burun ak\u0131nt\u0131s\u0131<\/div>\n<\/div>\n<div>\n<div>\u2022 G\u00f6z ak\u0131nt\u0131s\u0131 veya \u015fi\u015flik, g\u00f6z \u00e7evresinde t\u00fcylerin yap\u0131\u015fmas\u0131<\/div>\n<\/div>\n<div>\n<div>\u2022 Halsizlik, kabarm\u0131\u015f t\u00fcyler, i\u015ftah kayb\u0131, kilo kayb\u0131, zay\u0131fl\u0131k.<\/div>\n<\/div>\n<h6>Dozaj<\/h6>\n<div>\n<div>Dozaj: Kafes ve aviary ku\u015flar\u0131 (kanaryalar, ispinozlar):<\/div>\n<\/div>\n<div>\n<div>5 g \/ 2 litre i\u00e7me suyu, 5-10 g\u00fcn ard\u0131\u015f\u0131k.<\/div>\n<\/div>\n<div>\n<div>Dozaj: Muhabbet ku\u015flar\u0131, Papa\u011fanlar:<\/div>\n<\/div>\n<div>\n<div>1 g \/ 2 kg v\u00fccut a\u011f\u0131rl\u0131\u011f\u0131 veya 3 g \/ 200 ml i\u00e7me suyu, 5-10 g\u00fcn ard\u0131\u015f\u0131k.<\/div>\n<\/div>\n<div>\n<div>Psittakoz tedavisi (Papa\u011fan ate\u015fi) i\u00e7in: 1 g \/ 2 kg v\u00fccut a\u011f\u0131rl\u0131\u011f\u0131 veya 3 g \/ 200 ml i\u00e7me suyu. Tedavi s\u00fcresi 45 g\u00fcnd\u00fcr. Bu s\u00fcre boyunca kalsiyum kaynaklar\u0131 kald\u0131r\u0131lmal\u0131d\u0131r, \u00e7\u00fcnk\u00fc kalsiyum antibiyoti\u011fin emilimini etkiler.<\/div>\n<\/div>\n<div>\n<div>1+5 g \u00f6l\u00e7\u00fc ka\u015f\u0131\u011f\u0131 dahil.<\/div>\n<\/div>\n<h6>Etkile\u015fimler:<\/h6>\n<p> Bilinmiyor.<\/p>\n<h6>Kontrendikasyonlar:<\/h6>\n<p> A\u015f\u0131r\u0131 doz.<\/p>\n<h6>Kullan\u0131m Tavsiyeleri:<\/h6>\n<p>Hastalar\u0131 izole edin (28\u201333 \u00baC, \u0131\u015f\u0131k k\u0131s\u0131k).<br \/>\nTedavi s\u0131ras\u0131nda di\u011fer ku\u015flara da \u00f6nleyici tedavi uygulay\u0131n.<br \/>\nKu\u015flar\u0131n \u00f6nerilen ila\u00e7 miktar\u0131n\u0131 ald\u0131\u011f\u0131ndan emin olun; ila\u00e7s\u0131z yiyecek veya suyu \u00f6nleyin.<br \/>\nTedavi s\u0131ras\u0131nda glukoz ve MULTIVIT MIX verin.<br \/>\nCiddi durumlarda uzat\u0131lm\u0131\u015f tedavi \u00f6nerilir.<br \/>\nKonaklama yerini iyice dezenfekte edin.<br \/>\nH\u0131zl\u0131 iyile\u015fme olmazsa, uzmana dan\u0131\u015f\u0131n.<\/p>\n<h6>NOTLAR: KULLANMADAN \u00d6NCE TAL\u0130MATLARI OKUYUN.<\/h6>\n<p>Kuru yerde, do\u011frudan g\u00fcne\u015f \u0131\u015f\u0131\u011f\u0131ndan uzakta, 0-30 \u00baC aras\u0131nda saklay\u0131n.<br \/>\n\u0130lk a\u00e7\u0131ld\u0131ktan sonra raf \u00f6mr\u00fc: bir (1) y\u0131l.<br \/>\nParti numaras\u0131 ve son kullanma tarihi: ambalaj \u00fczerinde belirtilmi\u015ftir.<br \/>\n\u0130la\u00e7la temas etmekten ka\u00e7\u0131n\u0131n.<br \/>\n\u00c7ocuklardan uzak tutun.<br \/>\nSadece hayvan tedavisi i\u00e7in. \u0130nsan t\u00fcketimi i\u00e7in hayvanlar i\u00e7in de\u011fildir.<br \/>\nBo\u015f ambalaj ve kalan \u00fcr\u00fcn\u00fc evsel at\u0131klara at\u0131n.<br \/>\nBu veteriner ilac\u0131 k\u00fc\u00e7\u00fck hayvan muafiyet plan\u0131na uygun olarak pazarlanmaktad\u0131r.<\/p>\n<h6>\u0130\u00e7erir:<\/h6>\n<p>Doxycyline Hyclate 6%, Spiramycin Adipate 10%, Metronidazole 10%, Bromhexine HCl 2%, inaktif bile\u015fenler q.s 100 g<\/p>\n","protected":false},"excerpt":{"rendered":"<p>Endikasyon: Ku\u015flarda Ornithosis, Pn\u00f6moni, Mikoplazmoz, Psittakoz (Klamidiyoz) kaynakl\u0131 solunum yolu enfeksiyonlar\u0131. Belirtiler: \u2022 Sin\u00fcs enfeksiyonu, zor nefes alma, nefes darl\u0131\u011f\u0131, h\u0131r\u0131lt\u0131l\u0131 solunum&hellip;<\/p>\n","protected":false},"featured_media":10949,"template":"","meta":[],"product_cat":[239],"product_tag":[],"class_list":{"0":"post-10948","1":"product","2":"type-product","3":"status-publish","4":"has-post-thumbnail","6":"product_cat-kuslar-icin-ilaclar","8":"first","9":"instock","10":"shipping-taxable","11":"product-type-simple"},"_links":{"self":[{"href":"https:\/\/care4birds.bg\/tr\/wp-json\/wp\/v2\/product\/10948","targetHints":{"allow":["GET"]}}],"collection":[{"href":"https:\/\/care4birds.bg\/tr\/wp-json\/wp\/v2\/product"}],"about":[{"href":"https:\/\/care4birds.bg\/tr\/wp-json\/wp\/v2\/types\/product"}],"wp:featuredmedia":[{"embeddable":true,"href":"https:\/\/care4birds.bg\/tr\/wp-json\/wp\/v2\/media\/10949"}],"wp:attachment":[{"href":"https:\/\/care4birds.bg\/tr\/wp-json\/wp\/v2\/media?parent=10948"}],"wp:term":[{"taxonomy":"product_cat","embeddable":true,"href":"https:\/\/care4birds.bg\/tr\/wp-json\/wp\/v2\/product_cat?post=10948"},{"taxonomy":"product_tag","embeddable":true,"href":"https:\/\/care4birds.bg\/tr\/wp-json\/wp\/v2\/product_tag?post=10948"}],"curies":[{"name":"wp","href":"https:\/\/api.w.org\/{rel}","templated":true}]}}