{"id":10967,"date":"2025-11-03T11:29:04","date_gmt":"2025-11-03T11:29:04","guid":{"rendered":"https:\/\/care4birds.bg\/product\/multivit-mix\/"},"modified":"2026-03-30T09:59:41","modified_gmt":"2026-03-30T09:59:41","slug":"multivit-mix","status":"publish","type":"product","link":"https:\/\/care4birds.bg\/tr\/urun\/multivit-mix\/","title":{"rendered":"Multivit-Mix"},"content":{"rendered":"<div>Multivit-mix, suda \u00e7\u00f6z\u00fcnebilen vitaminler ve glikozdan olu\u015fan \u00f6zel bir kar\u0131\u015f\u0131md\u0131r. Bu vitaminler, ku\u015fun metabolizmas\u0131 i\u00e7in \u00e7ok \u00f6nemlidir. Ku\u015flara do\u011frudan enerji sa\u011flamak amac\u0131yla kar\u0131\u015f\u0131ma glikoz eklenir.<\/div>\n<div><\/div>\n<div>Multivit-mix katk\u0131da bulunur:<\/div>\n<div>\u2022 artan diren\u00e7<\/div>\n<div>\u2022 iyi \u00fcreme<\/div>\n<div>\u2022 optimum iyile\u015fme<\/div>\n<div><\/div>\n<div>Bir ku\u015fun g\u00fcnl\u00fck vitamin ihtiya\u00e7lar\u0131 \u00e7ok \u00f6nemlidir; vitamin eksikli\u011fi birka\u00e7 probleme yol a\u00e7abilir, \u00f6rne\u011fin:<\/div>\n<div>\u2022 A vitamini eksikli\u011fi erkek ve di\u015fide d\u00fc\u015f\u00fck verimlilik, solunum ve sindirim yollar\u0131nda de\u011fi\u015fiklikler, enfeksiyonlara kolay yol a\u00e7ma, g\u00f6rme sorunlar\u0131 ve embriyo \u00f6l\u00fcm\u00fc gibi durumlara neden olabilir.<\/div>\n<div>\u2022 B grubu vitamin eksikli\u011fi sinir bozukluklar\u0131na, t\u00fcy geli\u015fiminde gecikmeye, ya\u011f metabolizmas\u0131nda bozulmaya, d\u00fc\u015f\u00fck yumurta \u00e7atlama oran\u0131na ve yavrular\u0131n zay\u0131f geli\u015fimine yol a\u00e7abilir.<\/div>\n<div>\u2022 D vitamini eksikli\u011fi ra\u015fitizm ve yumu\u015fak kabuklu yumurtalara neden olur.<\/div>\n<div><\/div>\n<div>Multivitaminler haftada en az bir kez verilir:<\/div>\n<div>\u2022 B\u00fcy\u00fcme, t\u00fcy de\u011fi\u015fimi ve \u00fcreme s\u0131ras\u0131nda<\/div>\n<div>\u2022 Yo\u011fun stres ve zorlanma durumlar\u0131nda<\/div>\n<div>\u2022 Hastal\u0131k tedavisi, solucan tedavisi ve a\u015f\u0131lamalardan sonra<\/div>\n<h6>Dozaj<\/h6>\n<div>Dozaj: S\u00fcs ku\u015flar\u0131:<\/div>\n<div>\u2022 \u0130la\u00e7 sonras\u0131 tek seferlik doz: 2 g \/ 0,5 L i\u00e7me suyu veya 2 g \/ 250 g yem<\/div>\n<div>\u2022 Bak\u0131m dozu: haftada iki kez 1 g \/ 0,5 L i\u00e7me suyu veya 1 g \/ 250 g yem<\/div>\n<div>Multivit-mix i\u00e7me suyuna eklenebilir veya yem ile verilebilir. \u00d6l\u00e7\u00fc ka\u015f\u0131\u011f\u0131 1+5 g dahil.<\/div>\n<h6>Etkile\u015fimler:<\/h6>\n<p> bilinmiyor.<\/p>\n<h6>Kontrendikasyonlar:<\/h6>\n<p> a\u015f\u0131r\u0131 doz.<\/p>\n<h6>NOTLAR: KULLANMADAN \u00d6NCE TAL\u0130MATLARI OKUYUN.<\/h6>\n<div>Serin ve kuru bir yerde, do\u011frudan g\u00fcne\u015f \u0131\u015f\u0131\u011f\u0131ndan uzak, 0-30 \u00baC aras\u0131nda saklay\u0131n. \u0130lk a\u00e7\u0131l\u0131\u015ftan sonra raf \u00f6mr\u00fc: bir (1) y\u0131l. Parti numaras\u0131 ve son kullanma tarihi: ambalajda. \u0130lac\u0131 ellerle temas ettirmeyin. \u00c7ocuklar\u0131n eri\u015femeyece\u011fi yerlerde saklay\u0131n. Sadece hayvan tedavisi i\u00e7in. \u0130nsan t\u00fcketimi i\u00e7in yeti\u015ftirilen hayvanlar i\u00e7in de\u011fildir. Bo\u015f ambalaj ve kalan \u00fcr\u00fcn\u00fc evsel at\u0131klara at\u0131n. Bu veteriner ilac\u0131, k\u00fc\u00e7\u00fck hayvan muafiyet d\u00fczenlemesine uygun olarak pazarlanmaktad\u0131r.<\/div>\n<h6>\u0130\u00e7erir:<\/h6>\n<div>200 g Multivitamin<\/div>\n","protected":false},"excerpt":{"rendered":"<p>Multivit-mix, suda \u00e7\u00f6z\u00fcnebilen vitaminler ve glikozdan olu\u015fan \u00f6zel bir kar\u0131\u015f\u0131md\u0131r. Bu vitaminler, ku\u015fun metabolizmas\u0131 i\u00e7in \u00e7ok \u00f6nemlidir. Ku\u015flara do\u011frudan enerji sa\u011flamak amac\u0131yla&hellip;<\/p>\n","protected":false},"featured_media":10968,"template":"","meta":[],"product_cat":[239],"product_tag":[],"class_list":{"0":"post-10967","1":"product","2":"type-product","3":"status-publish","4":"has-post-thumbnail","6":"product_cat-kuslar-icin-ilaclar","8":"first","9":"instock","10":"shipping-taxable","11":"product-type-simple"},"_links":{"self":[{"href":"https:\/\/care4birds.bg\/tr\/wp-json\/wp\/v2\/product\/10967","targetHints":{"allow":["GET"]}}],"collection":[{"href":"https:\/\/care4birds.bg\/tr\/wp-json\/wp\/v2\/product"}],"about":[{"href":"https:\/\/care4birds.bg\/tr\/wp-json\/wp\/v2\/types\/product"}],"wp:featuredmedia":[{"embeddable":true,"href":"https:\/\/care4birds.bg\/tr\/wp-json\/wp\/v2\/media\/10968"}],"wp:attachment":[{"href":"https:\/\/care4birds.bg\/tr\/wp-json\/wp\/v2\/media?parent=10967"}],"wp:term":[{"taxonomy":"product_cat","embeddable":true,"href":"https:\/\/care4birds.bg\/tr\/wp-json\/wp\/v2\/product_cat?post=10967"},{"taxonomy":"product_tag","embeddable":true,"href":"https:\/\/care4birds.bg\/tr\/wp-json\/wp\/v2\/product_tag?post=10967"}],"curies":[{"name":"wp","href":"https:\/\/api.w.org\/{rel}","templated":true}]}}