{"id":10986,"date":"2025-11-03T11:28:39","date_gmt":"2025-11-03T11:28:39","guid":{"rendered":"https:\/\/care4birds.bg\/product\/eye-drops-2\/"},"modified":"2026-03-30T10:06:36","modified_gmt":"2026-03-30T10:06:36","slug":"eye-drops-2","status":"publish","type":"product","link":"https:\/\/care4birds.bg\/tr\/urun\/eye-drops-2\/","title":{"rendered":"Eye drops"},"content":{"rendered":"<h6>Endikasyon:<\/h6>\n<div>Her t\u00fcrl\u00fc enfeksiyon; g\u00f6z veya kulak hastal\u0131klar\u0131 gram + ve &#8211; bakteriler taraf\u0131ndan olu\u015fturulmu\u015f<\/div>\n<h6>Dozaj<\/h6>\n<div>1-2 damla veya veterinerin re\u00e7etesine g\u00f6re<\/div>\n<h6>Tedavi<\/h6>\n<div>\u0130yile\u015fme g\u00f6r\u00fcnene kadar g\u00fcnde 1-2 kez,<\/div>\n<div>veya veterinerin re\u00e7etesine g\u00f6re<\/div>\n<div><\/div>\n<div>NOTLAR: KULLANMADAN \u00d6NCE TAL\u0130MATLARI OKUYUN.<\/div>\n<ul>\n<li>Kuru yerde, do\u011frudan g\u00fcne\u015f \u0131\u015f\u0131\u011f\u0131ndan uzak, 0-30 \u00baC aras\u0131nda saklay\u0131n.<\/li>\n<li>A\u00e7\u0131ld\u0131ktan sonra s\u0131n\u0131rl\u0131 saklama s\u00fcresi.<\/li>\n<li>\u0130lac\u0131n ellerle temas\u0131ndan ka\u00e7\u0131n\u0131n.<\/li>\n<li>\u00c7ocuklar\u0131n eri\u015femeyece\u011fi yerlerde saklay\u0131n.<\/li>\n<li>Sadece hayvan tedavisi i\u00e7in. \u0130nsan t\u00fcketimi i\u00e7in yeti\u015ftirilen hayvanlar i\u00e7in de\u011fildir.<\/li>\n<li>\u015e\u00fcphe durumunda veya devam eden sorunlarda bir uzmana dan\u0131\u015f\u0131n.<\/li>\n<\/ul>\n<div><b>\u00dcR\u00dcN STERO\u0130D \u0130\u00c7ER\u0130R, YARI\u015e \u00d6NCES\u0130 KULLANMAYIN.<\/b><\/div>\n<h6>Form\u00fcl<\/h6>\n<div>\u0130\u00e7erir: Prednisolon Sodyum Fosfat 55 mg\/g, Neomisin S\u00fclfat 50 mg\/g<\/div>\n<h6>\u0130\u00e7erik:<\/h6>\n<div>10 ml ku\u015flar i\u00e7in veteriner ilac\u0131<\/div>\n","protected":false},"excerpt":{"rendered":"<p>Endikasyon: Her t\u00fcrl\u00fc enfeksiyon; g\u00f6z veya kulak hastal\u0131klar\u0131 gram + ve &#8211; bakteriler taraf\u0131ndan olu\u015fturulmu\u015f Dozaj 1-2 damla veya veterinerin re\u00e7etesine g\u00f6re&hellip;<\/p>\n","protected":false},"featured_media":10987,"template":"","meta":[],"product_cat":[239],"product_tag":[],"class_list":{"0":"post-10986","1":"product","2":"type-product","3":"status-publish","4":"has-post-thumbnail","6":"product_cat-kuslar-icin-ilaclar","8":"first","9":"instock","10":"shipping-taxable","11":"product-type-simple"},"_links":{"self":[{"href":"https:\/\/care4birds.bg\/tr\/wp-json\/wp\/v2\/product\/10986","targetHints":{"allow":["GET"]}}],"collection":[{"href":"https:\/\/care4birds.bg\/tr\/wp-json\/wp\/v2\/product"}],"about":[{"href":"https:\/\/care4birds.bg\/tr\/wp-json\/wp\/v2\/types\/product"}],"wp:featuredmedia":[{"embeddable":true,"href":"https:\/\/care4birds.bg\/tr\/wp-json\/wp\/v2\/media\/10987"}],"wp:attachment":[{"href":"https:\/\/care4birds.bg\/tr\/wp-json\/wp\/v2\/media?parent=10986"}],"wp:term":[{"taxonomy":"product_cat","embeddable":true,"href":"https:\/\/care4birds.bg\/tr\/wp-json\/wp\/v2\/product_cat?post=10986"},{"taxonomy":"product_tag","embeddable":true,"href":"https:\/\/care4birds.bg\/tr\/wp-json\/wp\/v2\/product_tag?post=10986"}],"curies":[{"name":"wp","href":"https:\/\/api.w.org\/{rel}","templated":true}]}}