{"id":11005,"date":"2025-11-03T11:27:22","date_gmt":"2025-11-03T11:27:22","guid":{"rendered":"https:\/\/care4birds.bg\/product\/eye-cream-2\/"},"modified":"2026-03-30T10:14:43","modified_gmt":"2026-03-30T10:14:43","slug":"eye-cream-2","status":"publish","type":"product","link":"https:\/\/care4birds.bg\/tr\/urun\/eye-cream-2\/","title":{"rendered":"Eye cream"},"content":{"rendered":"<h6>Endikasyon:<\/h6>\n<div>Her t\u00fcrl\u00fc enfeksiyon; g\u00f6z veya kulak hastal\u0131klar\u0131 alerjik reaksiyonlarla komplike olmu\u015f<\/div>\n<h6>Dozaj<\/h6>\n<div>G\u00f6z veya kulak \u00e7evresine az miktarda veya veterinerin re\u00e7etesine g\u00f6re<\/div>\n<h6>Tedavi<\/h6>\n<div>\u0130yile\u015fme g\u00f6r\u00fcnene kadar g\u00fcnde 1-2 kez veya veterinerin re\u00e7etesine g\u00f6re<\/div>\n<h6>NOTLAR: KULLANMADAN \u00d6NCE TAL\u0130MATLARI OKUYUN.<\/h6>\n<ul>\n<li>Kuru yerde, do\u011frudan g\u00fcne\u015f \u0131\u015f\u0131\u011f\u0131ndan uzak, 0-30 \u00b0C aras\u0131nda saklay\u0131n.<\/li>\n<li>A\u00e7\u0131ld\u0131ktan sonra s\u0131n\u0131rl\u0131 saklama s\u00fcresi.<\/li>\n<li>\u0130lac\u0131n ellerle temas\u0131ndan ka\u00e7\u0131n\u0131n.<\/li>\n<li>\u00c7ocuklar\u0131n eri\u015femeyece\u011fi yerlerde saklay\u0131n.<\/li>\n<li>Sadece hayvan tedavisi i\u00e7in. \u0130nsan t\u00fcketimi i\u00e7in yeti\u015ftirilen hayvanlar i\u00e7in de\u011fildir.<\/li>\n<li>\u015e\u00fcphe durumunda veya devam eden sorunlarda bir uzmana dan\u0131\u015f\u0131n.<\/li>\n<\/ul>\n<div>\u00dcR\u00dcN STERO\u0130D \u0130\u00c7ER\u0130R.<\/div>\n<h6>Form\u00fcl<\/h6>\n<div>\u0130\u00e7erir: Oksitetrasiklin HCl 5,4 mg\/g, Polimiksin B S\u00fclfat 1,27 mg\/g,<\/div>\n<div>Hidrokortizon mikr. 1,5 mg\/g (5 graml\u0131k t\u00fcp olarak temin edilir)<\/div>\n<h6>\u0130\u00e7erik:<\/h6>\n<div>5 g ku\u015flar i\u00e7in veteriner ilac\u0131<\/div>\n","protected":false},"excerpt":{"rendered":"<p>Endikasyon: Her t\u00fcrl\u00fc enfeksiyon; g\u00f6z veya kulak hastal\u0131klar\u0131 alerjik reaksiyonlarla komplike olmu\u015f Dozaj G\u00f6z veya kulak \u00e7evresine az miktarda veya veterinerin re\u00e7etesine&hellip;<\/p>\n","protected":false},"featured_media":11006,"template":"","meta":[],"product_cat":[239],"product_tag":[],"class_list":{"0":"post-11005","1":"product","2":"type-product","3":"status-publish","4":"has-post-thumbnail","6":"product_cat-kuslar-icin-ilaclar","8":"first","9":"instock","10":"shipping-taxable","11":"product-type-simple"},"_links":{"self":[{"href":"https:\/\/care4birds.bg\/tr\/wp-json\/wp\/v2\/product\/11005","targetHints":{"allow":["GET"]}}],"collection":[{"href":"https:\/\/care4birds.bg\/tr\/wp-json\/wp\/v2\/product"}],"about":[{"href":"https:\/\/care4birds.bg\/tr\/wp-json\/wp\/v2\/types\/product"}],"wp:featuredmedia":[{"embeddable":true,"href":"https:\/\/care4birds.bg\/tr\/wp-json\/wp\/v2\/media\/11006"}],"wp:attachment":[{"href":"https:\/\/care4birds.bg\/tr\/wp-json\/wp\/v2\/media?parent=11005"}],"wp:term":[{"taxonomy":"product_cat","embeddable":true,"href":"https:\/\/care4birds.bg\/tr\/wp-json\/wp\/v2\/product_cat?post=11005"},{"taxonomy":"product_tag","embeddable":true,"href":"https:\/\/care4birds.bg\/tr\/wp-json\/wp\/v2\/product_tag?post=11005"}],"curies":[{"name":"wp","href":"https:\/\/api.w.org\/{rel}","templated":true}]}}