{"id":11023,"date":"2025-11-03T11:22:42","date_gmt":"2025-11-03T11:22:42","guid":{"rendered":"https:\/\/care4birds.bg\/product\/multivitamin\/"},"modified":"2026-03-30T10:23:25","modified_gmt":"2026-03-30T10:23:25","slug":"multivitamin","status":"publish","type":"product","link":"https:\/\/care4birds.bg\/tr\/urun\/multivitamin\/","title":{"rendered":"Multivitamin"},"content":{"rendered":"<h6>SUDA \u00c7\u00d6Z\u00dcNEN V\u0130TAM\u0130NLER VE GLUKOZ \u00d6ZEL KARI\u015eIMI<\/h6>\n<h6>Endikasyon:<\/h6>\n<div>Multivit-mix, suda \u00e7\u00f6z\u00fcnen vitaminler ve glukozdan olu\u015fan \u00f6zel bir kar\u0131\u015f\u0131md\u0131r. Bu vitaminler, ku\u015fun metabolizmas\u0131 i\u00e7in b\u00fcy\u00fck \u00f6neme sahiptir. Glukoz, ku\u015flara do\u011frudan enerji sa\u011flamak i\u00e7in eklenir.<\/div>\n<div>Multivit-mix \u015funlara katk\u0131da bulunur:<\/div>\n<ul>\n<li>Geli\u015fmi\u015f diren\u00e7<\/li>\n<li>\u0130yi \u00fcreme<\/li>\n<li>Optimum iyile\u015fme<\/li>\n<\/ul>\n<div>Ku\u015flar\u0131n g\u00fcnl\u00fck vitamin gereksinimleri \u00e7ok \u00f6nemlidir; vitamin eksikli\u011fi \u00e7e\u015fitli sorunlara yol a\u00e7abilir, \u00f6rne\u011fin:<\/div>\n<ul>\n<li>Vitamin A eksikli\u011fi erkek ve di\u015fi \u00fcreme yetene\u011fini etkileyebilir, solunum ve sindirim yollar\u0131n\u0131n astar\u0131nda de\u011fi\u015fiklikler yapabilir, enfeksiyon riskini art\u0131r\u0131r, g\u00f6rmeyi etkiler ve embriyo \u00f6l\u00fcm\u00fcne neden olabilir.<\/li>\n<li>Vitamin B grubu eksikli\u011fi sinir bozukluklar\u0131na, t\u00fcy geli\u015fiminin gerilemesine, ya\u011f metabolizmas\u0131n\u0131n bozulmas\u0131na, d\u00fc\u015f\u00fck yumurta kulu\u00e7kal\u0131l\u0131\u011f\u0131na ve yavru geli\u015fiminin zay\u0131f olmas\u0131na neden olabilir.<\/li>\n<li>Vitamin D eksikli\u011fi Ra\u015fitizm ve yumu\u015fak kabuklu yumurtalara yol a\u00e7abilir.<\/li>\n<\/ul>\n<div>Multivitaminler en az haftada bir verilir:<\/div>\n<ul>\n<li>B\u00fcy\u00fcme, t\u00fcy de\u011fi\u015fimi ve \u00fcreme s\u0131ras\u0131nda<\/li>\n<li>Yo\u011fun stres ve y\u00fck alt\u0131nda<\/li>\n<li>Hastal\u0131k, parazit tedavisi ve a\u015f\u0131lamadan sonra<\/li>\n<\/ul>\n<h6>Uygulama: Ku\u015flar i\u00e7in dozaj:<\/h6>\n<p><i>MULTIVITAMIN TOZU<\/i><\/p>\n<ul>\n<li>\u0130la\u00e7 sonras\u0131 tek doz: 5 g \/ 1 l i\u00e7me suyu veya 5 g \/ 500 g yem.<\/li>\n<li>Bak\u0131m dozu: Haftada iki kez 5 g \/ 2 l i\u00e7me suyu veya 5 g \/ 1 kg yem.<\/li>\n<li>Multivit-mix i\u00e7me suyuna veya yeme eklenebilir.<\/li>\n<li>\u00d6l\u00e7\u00fc ka\u015f\u0131\u011f\u0131 1+5 g dahildir.<\/li>\n<\/ul>\n<p><i>MULTIVITAMIN TABLETLER\u0130<\/i><\/p>\n<ul>\n<li>Bak\u0131m: 1 tablet \/ ku\u015f (400-500 g v\u00fccut a\u011f\u0131rl\u0131\u011f\u0131) haftada 1-2 g\u00fcn<\/li>\n<li>Tedavi: 1 tablet \/ ku\u015f (400-500 g v\u00fccut a\u011f\u0131rl\u0131\u011f\u0131) art arda 5 g\u00fcn veya veteriner re\u00e7etesi<\/li>\n<\/ul>\n<h6>Etkile\u015fim:<\/h6>\n<div>Bilinen yok<\/div>\n<h6>Kontrendikasyon:<\/h6>\n<div>A\u015f\u0131r\u0131 doz<\/div>\n<h6>\u0130\u00e7erir:<\/h6>\n<p><i>MULTIVITAMIN TOZU<\/i><\/p>\n<div>Multivitaminler (A, B kompleksi, C, D, E), Amino asitler, \u0130z elementler.<\/div>\n","protected":false},"excerpt":{"rendered":"<p>SUDA \u00c7\u00d6Z\u00dcNEN V\u0130TAM\u0130NLER VE GLUKOZ \u00d6ZEL KARI\u015eIMI Endikasyon: Multivit-mix, suda \u00e7\u00f6z\u00fcnen vitaminler ve glukozdan olu\u015fan \u00f6zel bir kar\u0131\u015f\u0131md\u0131r. Bu vitaminler, ku\u015fun metabolizmas\u0131&hellip;<\/p>\n","protected":false},"featured_media":10813,"template":"","meta":[],"product_cat":[257],"product_tag":[],"class_list":{"0":"post-11023","1":"product","2":"type-product","3":"status-publish","4":"has-post-thumbnail","6":"product_cat-guvercinler-icin-takviyeler","8":"first","9":"instock","10":"shipping-taxable","11":"product-type-simple"},"_links":{"self":[{"href":"https:\/\/care4birds.bg\/tr\/wp-json\/wp\/v2\/product\/11023","targetHints":{"allow":["GET"]}}],"collection":[{"href":"https:\/\/care4birds.bg\/tr\/wp-json\/wp\/v2\/product"}],"about":[{"href":"https:\/\/care4birds.bg\/tr\/wp-json\/wp\/v2\/types\/product"}],"wp:featuredmedia":[{"embeddable":true,"href":"https:\/\/care4birds.bg\/tr\/wp-json\/wp\/v2\/media\/10813"}],"wp:attachment":[{"href":"https:\/\/care4birds.bg\/tr\/wp-json\/wp\/v2\/media?parent=11023"}],"wp:term":[{"taxonomy":"product_cat","embeddable":true,"href":"https:\/\/care4birds.bg\/tr\/wp-json\/wp\/v2\/product_cat?post=11023"},{"taxonomy":"product_tag","embeddable":true,"href":"https:\/\/care4birds.bg\/tr\/wp-json\/wp\/v2\/product_tag?post=11023"}],"curies":[{"name":"wp","href":"https:\/\/api.w.org\/{rel}","templated":true}]}}