{"id":11044,"date":"2025-11-03T11:20:06","date_gmt":"2025-11-03T11:20:06","guid":{"rendered":"https:\/\/care4birds.bg\/product\/breeding-tabs\/"},"modified":"2026-03-30T10:28:22","modified_gmt":"2026-03-30T10:28:22","slug":"breeding-tabs","status":"publish","type":"product","link":"https:\/\/care4birds.bg\/tr\/urun\/breeding-tabs\/","title":{"rendered":"Breeding Tabs"},"content":{"rendered":"<h6>GEN\u00c7 KU\u015eLARIN OPT\u0130MAL B\u00dcY\u00dcMES\u0130 \u0130\u00c7\u0130N<\/h6>\n<h6>Endikasyon:<\/h6>\n<div>\u00dcreme tabletleri. Gen\u00e7 ku\u015flar\u0131n optimal b\u00fcy\u00fcmesi i\u00e7in kolay sindirilebilir proteinler. Gen\u00e7lerin m\u00fckemmel geli\u015fimi i\u00e7in gerekli vitaminler, eser elementler ve amino asitler i\u00e7erir. Daha ya\u015fl\u0131 \u00fcreme g\u00fcvercinleri i\u00e7in canl\u0131l\u0131k ve \u00fcreme kapasitesini korur.<\/div>\n<h6>Kullan\u0131m ve Dozaj<\/h6>\n<div>1 haftal\u0131k ve \u00fczeri: haftada 2 kez &#8211; ya\u015fa ba\u011fl\u0131 olarak 1-2 tablet<\/div>\n<div>5 haftal\u0131k ve \u00fczeri: haftada 1 kez &#8211; 2 tablet<\/div>\n<div>\u00dcreyenler: haftada 1 kez &#8211; 1-2 tablet. Ya da veteriner re\u00e7etesi ile.<\/div>\n","protected":false},"excerpt":{"rendered":"<p>GEN\u00c7 KU\u015eLARIN OPT\u0130MAL B\u00dcY\u00dcMES\u0130 \u0130\u00c7\u0130N Endikasyon: \u00dcreme tabletleri. Gen\u00e7 ku\u015flar\u0131n optimal b\u00fcy\u00fcmesi i\u00e7in kolay sindirilebilir proteinler. Gen\u00e7lerin m\u00fckemmel geli\u015fimi i\u00e7in gerekli vitaminler,&hellip;<\/p>\n","protected":false},"featured_media":10814,"template":"","meta":[],"product_cat":[257],"product_tag":[],"class_list":{"0":"post-11044","1":"product","2":"type-product","3":"status-publish","4":"has-post-thumbnail","6":"product_cat-guvercinler-icin-takviyeler","8":"first","9":"instock","10":"shipping-taxable","11":"product-type-simple"},"_links":{"self":[{"href":"https:\/\/care4birds.bg\/tr\/wp-json\/wp\/v2\/product\/11044","targetHints":{"allow":["GET"]}}],"collection":[{"href":"https:\/\/care4birds.bg\/tr\/wp-json\/wp\/v2\/product"}],"about":[{"href":"https:\/\/care4birds.bg\/tr\/wp-json\/wp\/v2\/types\/product"}],"wp:featuredmedia":[{"embeddable":true,"href":"https:\/\/care4birds.bg\/tr\/wp-json\/wp\/v2\/media\/10814"}],"wp:attachment":[{"href":"https:\/\/care4birds.bg\/tr\/wp-json\/wp\/v2\/media?parent=11044"}],"wp:term":[{"taxonomy":"product_cat","embeddable":true,"href":"https:\/\/care4birds.bg\/tr\/wp-json\/wp\/v2\/product_cat?post=11044"},{"taxonomy":"product_tag","embeddable":true,"href":"https:\/\/care4birds.bg\/tr\/wp-json\/wp\/v2\/product_tag?post=11044"}],"curies":[{"name":"wp","href":"https:\/\/api.w.org\/{rel}","templated":true}]}}