{"id":11053,"date":"2025-11-03T11:19:23","date_gmt":"2025-11-03T11:19:23","guid":{"rendered":"https:\/\/care4birds.bg\/product\/brewers-yeast\/"},"modified":"2026-03-30T10:36:09","modified_gmt":"2026-03-30T10:36:09","slug":"brewers-yeast","status":"publish","type":"product","link":"https:\/\/care4birds.bg\/tr\/urun\/brewers-yeast\/","title":{"rendered":"Brewer`s yeast"},"content":{"rendered":"<h6>Endikasyon:<\/h6>\n<div>Bira mayas\u0131, sa\u011fl\u0131k a\u00e7\u0131s\u0131ndan faydal\u0131 \u00f6zelliklere sahip do\u011fal bir g\u0131dad\u0131r. Bira mayas\u0131, do\u011fal vitaminler (B kompleksi dahil), mineraller, proteinler, amino asitler ve eser elementler a\u00e7\u0131s\u0131ndan zengindir. Bunlar, g\u00fcvercinlerinizin kondisyonu ve formu i\u00e7in \u00f6nemlidir. G\u00fcvercinlerinize bira mayas\u0131n\u0131 haftada en az bir kez ve sar\u0131msak ya\u011f\u0131 ile y\u0131l boyunca verin.<\/div>\n<h6>Dozaj:<\/h6>\n<div>40\/50 g\u00fcvercin veya 20 kg canl\u0131 a\u011f\u0131rl\u0131\u011f\u0131ndaki ku\u015flar i\u00e7in 1-2 g\u00fcn boyunca yem \u00fczerine 25 gram (yakla\u015f\u0131k 1 dolu yemek ka\u015f\u0131\u011f\u0131)<\/div>\n<h6>Kontrendikasyon:<\/h6>\n<div>Bu dozajda bilinmiyor<\/div>\n<h6>\u0130\u00e7erik:<\/h6>\n<div>800 g spor ku\u015flar\u0131 i\u00e7in diyet \u00fcr\u00fcn\u00fc<\/div>\n","protected":false},"excerpt":{"rendered":"<p>Endikasyon: Bira mayas\u0131, sa\u011fl\u0131k a\u00e7\u0131s\u0131ndan faydal\u0131 \u00f6zelliklere sahip do\u011fal bir g\u0131dad\u0131r. Bira mayas\u0131, do\u011fal vitaminler (B kompleksi dahil), mineraller, proteinler, amino asitler&hellip;<\/p>\n","protected":false},"featured_media":9452,"template":"","meta":[],"product_cat":[257],"product_tag":[],"class_list":{"0":"post-11053","1":"product","2":"type-product","3":"status-publish","4":"has-post-thumbnail","6":"product_cat-guvercinler-icin-takviyeler","8":"first","9":"instock","10":"shipping-taxable","11":"product-type-simple"},"_links":{"self":[{"href":"https:\/\/care4birds.bg\/tr\/wp-json\/wp\/v2\/product\/11053","targetHints":{"allow":["GET"]}}],"collection":[{"href":"https:\/\/care4birds.bg\/tr\/wp-json\/wp\/v2\/product"}],"about":[{"href":"https:\/\/care4birds.bg\/tr\/wp-json\/wp\/v2\/types\/product"}],"wp:featuredmedia":[{"embeddable":true,"href":"https:\/\/care4birds.bg\/tr\/wp-json\/wp\/v2\/media\/9452"}],"wp:attachment":[{"href":"https:\/\/care4birds.bg\/tr\/wp-json\/wp\/v2\/media?parent=11053"}],"wp:term":[{"taxonomy":"product_cat","embeddable":true,"href":"https:\/\/care4birds.bg\/tr\/wp-json\/wp\/v2\/product_cat?post=11053"},{"taxonomy":"product_tag","embeddable":true,"href":"https:\/\/care4birds.bg\/tr\/wp-json\/wp\/v2\/product_tag?post=11053"}],"curies":[{"name":"wp","href":"https:\/\/api.w.org\/{rel}","templated":true}]}}