{"id":11062,"date":"2025-11-03T11:18:21","date_gmt":"2025-11-03T11:18:21","guid":{"rendered":"https:\/\/care4birds.bg\/product\/garlic-oil\/"},"modified":"2026-03-30T10:42:36","modified_gmt":"2026-03-30T10:42:36","slug":"garlic-oil","status":"publish","type":"product","link":"https:\/\/care4birds.bg\/tr\/urun\/garlic-oil\/","title":{"rendered":"Garlic Oil"},"content":{"rendered":"<div>\u00d6zellikle ku\u015flara sar\u0131msa\u011f\u0131n do\u011fal faydalar\u0131n\u0131 g\u00fcvenli ve etkili bir \u015fekilde sa\u011flamak i\u00e7in geli\u015ftirilmi\u015ftir. Sar\u0131msak, kalsiyum, fosfor, s\u00fclf\u00fcr bile\u015fikleri, demir, tiamin, riboflavin ve C vitamini dahil olmak \u00fczere besinler a\u00e7\u0131s\u0131ndan son derece zengindir, ayr\u0131ca germanyum ve selenyum gibi antioksidanlar i\u00e7erir. Bu nedenle Sar\u0131msak Ya\u011f\u0131 t\u00fcylerin kondisyonu i\u00e7in \u00e7ok \u00f6nemlidir. Sar\u0131msa\u011f\u0131n ku\u015flarda ve g\u00fcvercinlerde do\u011fal bir parazit \u00f6nleyici, kondisyon art\u0131r\u0131c\u0131 ve t\u00fcy d\u00f6k\u00fclmesini te\u015fvik edici olarak \u00f6nemi uzun y\u0131llard\u0131r bilinmektedir. Sar\u0131msak ayr\u0131ca kan dola\u015f\u0131m\u0131n\u0131 iyile\u015ftirir ve Sar\u0131msak Ya\u011f\u0131 saf sar\u0131msak \u00f6zleri ve linolenik ve linoleik asit a\u00e7\u0131s\u0131ndan zengin rafine soya ya\u011f\u0131 i\u00e7erir. Katk\u0131 maddesi yok ve \u0131s\u0131 i\u015flemi uygulanmam\u0131\u015ft\u0131r, bu sayede etkinli\u011finde azalma olmaz. Solunum yollar\u0131n\u0131n korunmas\u0131n\u0131 sa\u011flar.<\/div>\n<h6>Dozaj<\/h6>\n<div>15 ml (1\/2 \u00f6l\u00e7\u00fcm kapa\u011f\u0131) Sar\u0131msak Ya\u011f\u0131 \/ kg yem \/ tah\u0131l<\/div>\n<ul>\n<li>K\u0131\u015f, \u00fcreme ve yar\u0131\u015f sezonlar\u0131nda: haftada 1 g\u00fcn.<\/li>\n<li>Yar\u0131\u015f sezonu haz\u0131rl\u0131\u011f\u0131nda: bir b\u00fct\u00fcn hafta.<\/li>\n<li>T\u00fcy de\u011fi\u015fimi sezonunda: haftada 2 g\u00fcn.<\/li>\n<li>Bu \u00fcr\u00fcn\u00fc suyla kar\u0131\u015ft\u0131rmay\u0131n!<\/li>\n<\/ul>\n<h6>Bile\u015fim:<\/h6>\n<div>Sar\u0131msak Ya\u011f\u0131 Analizi: Ham ya\u011f 100 % Besin Katk\u0131lar\u0131: Vitamin E 1.400 mg\/kg<\/div>\n","protected":false},"excerpt":{"rendered":"<p>\u00d6zellikle ku\u015flara sar\u0131msa\u011f\u0131n do\u011fal faydalar\u0131n\u0131 g\u00fcvenli ve etkili bir \u015fekilde sa\u011flamak i\u00e7in geli\u015ftirilmi\u015ftir. Sar\u0131msak, kalsiyum, fosfor, s\u00fclf\u00fcr bile\u015fikleri, demir, tiamin, riboflavin ve&hellip;<\/p>\n","protected":false},"featured_media":9451,"template":"","meta":[],"product_cat":[257],"product_tag":[],"class_list":{"0":"post-11062","1":"product","2":"type-product","3":"status-publish","4":"has-post-thumbnail","6":"product_cat-guvercinler-icin-takviyeler","8":"first","9":"instock","10":"shipping-taxable","11":"product-type-simple"},"_links":{"self":[{"href":"https:\/\/care4birds.bg\/tr\/wp-json\/wp\/v2\/product\/11062","targetHints":{"allow":["GET"]}}],"collection":[{"href":"https:\/\/care4birds.bg\/tr\/wp-json\/wp\/v2\/product"}],"about":[{"href":"https:\/\/care4birds.bg\/tr\/wp-json\/wp\/v2\/types\/product"}],"wp:featuredmedia":[{"embeddable":true,"href":"https:\/\/care4birds.bg\/tr\/wp-json\/wp\/v2\/media\/9451"}],"wp:attachment":[{"href":"https:\/\/care4birds.bg\/tr\/wp-json\/wp\/v2\/media?parent=11062"}],"wp:term":[{"taxonomy":"product_cat","embeddable":true,"href":"https:\/\/care4birds.bg\/tr\/wp-json\/wp\/v2\/product_cat?post=11062"},{"taxonomy":"product_tag","embeddable":true,"href":"https:\/\/care4birds.bg\/tr\/wp-json\/wp\/v2\/product_tag?post=11062"}],"curies":[{"name":"wp","href":"https:\/\/api.w.org\/{rel}","templated":true}]}}