{"id":11080,"date":"2025-11-03T11:18:01","date_gmt":"2025-11-03T11:18:01","guid":{"rendered":"https:\/\/care4birds.bg\/product\/optimal-caps\/"},"modified":"2026-03-30T10:57:11","modified_gmt":"2026-03-30T10:57:11","slug":"optimal-caps","status":"publish","type":"product","link":"https:\/\/care4birds.bg\/tr\/urun\/optimal-caps\/","title":{"rendered":"Optimal caps"},"content":{"rendered":"<div>Morina karaci\u011feri ya\u011f\u0131 kaps\u00fclleri, \u00fcreme d\u00f6nemi boyunca fertiliteyi desteklemek i\u00e7in ekstra E vitamini ile zenginle\u015ftirilmi\u015f do\u011fal A ve D3 vitamini kayna\u011f\u0131d\u0131r. Bu kaps\u00fcller \u015funlar\u0131 destekler:<\/div>\n<ul>\n<li>Gen\u00e7 g\u00fcvercinlerin iskelet geli\u015fimi ve b\u00fcy\u00fcmesi<\/li>\n<li>Erkeklerde cinsel d\u00fcrt\u00fc<\/li>\n<li>Sa\u011fl\u0131kl\u0131 bir ba\u011f\u0131\u015f\u0131kl\u0131k sistemi<\/li>\n<\/ul>\n<div>Ekstra E vitamini ile morina karaci\u011feri ya\u011f\u0131 kaps\u00fcl\u00fc, A, D3 ve E vitamini a\u00e7\u0131s\u0131ndan do\u011fal bir kaynakt\u0131r ve omega-3 ya\u011f asitleri bak\u0131m\u0131ndan zengindir. \u0130skelet, kemik, fertilite ve b\u00fcy\u00fcmenin geli\u015fiminde \u00f6nemlidir. Ayr\u0131ca fosfor ve iyot a\u00e7\u0131s\u0131ndan iyi bir kaynakt\u0131r. Bu mineraller direnci ve enerjiyi art\u0131r\u0131r.<\/div>\n<h6>Bile\u015fim:<\/h6>\n<div>Morina karaci\u011feri ya\u011f\u0131 18\/12; Vitamin A 300 \u00b5g RE (1000 IU); Vitamin D 2,5 \u00b5g RE (100 IU); Vitamin E 6,7 mg a-TE (10 IU); Jelatin<\/div>\n<p><i>Analitik bile\u015fenler:<\/i> Ham protein 18,12%, Ham lif 18,20%, Ham ya\u011f 0,05%, K\u00fcl 0,03%<\/p>\n<h6>Kullan\u0131m Talimatlar\u0131:<\/h6>\n<ul>\n<li>1 kaps\u00fcl do\u011frudan gagaya verilir<\/li>\n<li>\u00dcreme d\u00f6neminde: \u00e7iftle\u015fmeden 8 g\u00fcn \u00f6nce ba\u015flayarak ikinci yumurtaya kadar g\u00fcnl\u00fck verilir<\/li>\n<li>Yar\u0131\u015f sezonunda: haftada 2 kaps\u00fcl<\/li>\n<li>Gen\u00e7 b\u00fcy\u00fcyen g\u00fcvercinler: g\u00fcnde 1 kaps\u00fcl<\/li>\n<\/ul>\n<p><i>\u0130pu\u00e7lar\u0131: Ayr\u0131ca ya\u015fl\u0131 g\u00fcvercinlerde fertiliteyi art\u0131rmak i\u00e7in kullan\u0131labilir<\/i><\/p>\n<h6>NOTLAR: KULLANMADAN \u00d6NCE TAL\u0130MATLARI OKUYUN.<\/h6>\n<ul>\n<li>Kuru ve direkt g\u00fcne\u015f \u0131\u015f\u0131\u011f\u0131ndan uzakta saklay\u0131n, 0-30 \u00b0C aras\u0131nda<\/li>\n<li>\u0130lk a\u00e7\u0131l\u0131\u015ftan sonra raf \u00f6mr\u00fc: 1 y\u0131l<\/li>\n<li>Parti numaras\u0131 ve son kullanma tarihi: pakette<\/li>\n<li>Sadece hayvan tedavisi i\u00e7in. \u0130nsan g\u0131das\u0131 \u00fcretmek amac\u0131yla kullan\u0131lacak hayvanlar i\u00e7in de\u011fildir<\/li>\n<li>\u00c7ocuklar\u0131n ula\u015famayaca\u011f\u0131 yerde saklay\u0131n<\/li>\n<\/ul>\n<h6>\u0130\u00e7erik:<\/h6>\n<div>300 kaps\u00fcl, ku\u015flar i\u00e7in diyet \u00fcr\u00fcn\u00fc<\/div>\n","protected":false},"excerpt":{"rendered":"<p>Morina karaci\u011feri ya\u011f\u0131 kaps\u00fclleri, \u00fcreme d\u00f6nemi boyunca fertiliteyi desteklemek i\u00e7in ekstra E vitamini ile zenginle\u015ftirilmi\u015f do\u011fal A ve D3 vitamini kayna\u011f\u0131d\u0131r. Bu&hellip;<\/p>\n","protected":false},"featured_media":10815,"template":"","meta":[],"product_cat":[257],"product_tag":[],"class_list":{"0":"post-11080","1":"product","2":"type-product","3":"status-publish","4":"has-post-thumbnail","6":"product_cat-guvercinler-icin-takviyeler","8":"first","9":"instock","10":"shipping-taxable","11":"product-type-simple"},"_links":{"self":[{"href":"https:\/\/care4birds.bg\/tr\/wp-json\/wp\/v2\/product\/11080","targetHints":{"allow":["GET"]}}],"collection":[{"href":"https:\/\/care4birds.bg\/tr\/wp-json\/wp\/v2\/product"}],"about":[{"href":"https:\/\/care4birds.bg\/tr\/wp-json\/wp\/v2\/types\/product"}],"wp:featuredmedia":[{"embeddable":true,"href":"https:\/\/care4birds.bg\/tr\/wp-json\/wp\/v2\/media\/10815"}],"wp:attachment":[{"href":"https:\/\/care4birds.bg\/tr\/wp-json\/wp\/v2\/media?parent=11080"}],"wp:term":[{"taxonomy":"product_cat","embeddable":true,"href":"https:\/\/care4birds.bg\/tr\/wp-json\/wp\/v2\/product_cat?post=11080"},{"taxonomy":"product_tag","embeddable":true,"href":"https:\/\/care4birds.bg\/tr\/wp-json\/wp\/v2\/product_tag?post=11080"}],"curies":[{"name":"wp","href":"https:\/\/api.w.org\/{rel}","templated":true}]}}