{"id":11090,"date":"2025-11-03T11:17:18","date_gmt":"2025-11-03T11:17:18","guid":{"rendered":"https:\/\/care4birds.bg\/product\/protein-mix\/"},"modified":"2026-03-30T11:12:59","modified_gmt":"2026-03-30T11:12:59","slug":"protein-mix","status":"publish","type":"product","link":"https:\/\/care4birds.bg\/tr\/urun\/protein-mix\/","title":{"rendered":"Protein Mix"},"content":{"rendered":"<h6>Endikasyon:<\/h6>\n<div>Bu saf form, a\u011f\u0131rl\u0131k\u00e7a %65 protein i\u00e7erir. Bu proteinler kas y\u0131k\u0131m\u0131n\u0131 \u00f6nlemeye ve antrenman ve u\u00e7u\u015f s\u0131ras\u0131nda glikojen rezervleri sa\u011flamaya yard\u0131mc\u0131 olur. Ayn\u0131 zamanda bu proteinler, valin, l\u00f6sin ve izol\u00f6sin gibi temel amino asitler ve dall\u0131 zincirli amino asitlerin \u00f6nemli bir kayna\u011f\u0131d\u0131r. Bu amino asitler kaslarda belirgindir ve yo\u011fun \u00e7aba s\u0131ras\u0131nda kas h\u00fccreleri bu \u00fc\u00e7 amino asidi h\u0131zla enerjiye d\u00f6n\u00fc\u015ft\u00fcrebilir. Temel amino asitler v\u00fccut taraf\u0131ndan sentezlenemez ve diyetten sa\u011flanmal\u0131d\u0131r. T\u00fcm temel amino asitleri i\u00e7eren protein kaynaklar\u0131na tam protein denir. PROTEIN MIX, tam bir proteindir ve ku\u015flara t\u00fcm temel amino asitleri sa\u011flamaya yard\u0131mc\u0131 olur. Protein ihtiyac\u0131, ku\u015flar\u0131n ya\u015f\u0131na, mevsime ve istenen performansa ba\u011fl\u0131d\u0131r.<\/div>\n<h6>Dozaj:<\/h6>\n<div>Genel doz (yo\u011furt ile kar\u0131\u015ft\u0131rarak): Yar\u0131\u015f sezonunda h\u0131zl\u0131 toparlanma ve b\u00fcy\u00fck enerji rezervleri i\u00e7in: nemlendirilmi\u015f yemde kilo ba\u015f\u0131na 20 gram, eve d\u00f6nd\u00fckten hemen sonra 3 g\u00fcn \u00fcst \u00fcste. Yar\u0131\u015f sezonunda h\u0131zl\u0131 toparlanma, y\u00fcksek enerji ve b\u00fcy\u00fck rezervler i\u00e7in: nemlendirilmi\u015f yemde kilo ba\u015f\u0131na 20 gram, eve d\u00f6nd\u00fckten hemen sonra 3 g\u00fcn \u00fcst \u00fcste. T\u00fcy de\u011fi\u015fimi s\u0131ras\u0131nda sa\u011fl\u0131kl\u0131 ve g\u00fc\u00e7l\u00fc t\u00fcyler i\u00e7in: nemlendirilmi\u015f yemde kilo ba\u015f\u0131na 20 gram, haftada iki kez. \u00dcreme d\u00f6neminde iyi geli\u015fmi\u015f yavrular i\u00e7in: nemlendirilmi\u015f yemde kilo ba\u015f\u0131na 20 gram, haftada iki kez. Tam \u00f6l\u00e7\u00fc ka\u015f\u0131\u011f\u0131 yakla\u015f\u0131k 20 g \u00fcr\u00fcnd\u00fcr.<\/div>\n<h6>\u0130\u00e7erik:<\/h6>\n<div>500 g spor ku\u015flar\u0131 i\u00e7in diyet \u00fcr\u00fcn\u00fc.<\/div>\n","protected":false},"excerpt":{"rendered":"<p>Endikasyon: Bu saf form, a\u011f\u0131rl\u0131k\u00e7a %65 protein i\u00e7erir. Bu proteinler kas y\u0131k\u0131m\u0131n\u0131 \u00f6nlemeye ve antrenman ve u\u00e7u\u015f s\u0131ras\u0131nda glikojen rezervleri sa\u011flamaya yard\u0131mc\u0131&hellip;<\/p>\n","protected":false},"featured_media":9449,"template":"","meta":[],"product_cat":[257,240],"product_tag":[],"class_list":{"0":"post-11090","1":"product","2":"type-product","3":"status-publish","4":"has-post-thumbnail","6":"product_cat-guvercinler-icin-takviyeler","7":"product_cat-kuslar-icin-takviyeler","9":"first","10":"instock","11":"shipping-taxable","12":"product-type-simple"},"_links":{"self":[{"href":"https:\/\/care4birds.bg\/tr\/wp-json\/wp\/v2\/product\/11090","targetHints":{"allow":["GET"]}}],"collection":[{"href":"https:\/\/care4birds.bg\/tr\/wp-json\/wp\/v2\/product"}],"about":[{"href":"https:\/\/care4birds.bg\/tr\/wp-json\/wp\/v2\/types\/product"}],"wp:featuredmedia":[{"embeddable":true,"href":"https:\/\/care4birds.bg\/tr\/wp-json\/wp\/v2\/media\/9449"}],"wp:attachment":[{"href":"https:\/\/care4birds.bg\/tr\/wp-json\/wp\/v2\/media?parent=11090"}],"wp:term":[{"taxonomy":"product_cat","embeddable":true,"href":"https:\/\/care4birds.bg\/tr\/wp-json\/wp\/v2\/product_cat?post=11090"},{"taxonomy":"product_tag","embeddable":true,"href":"https:\/\/care4birds.bg\/tr\/wp-json\/wp\/v2\/product_tag?post=11090"}],"curies":[{"name":"wp","href":"https:\/\/api.w.org\/{rel}","templated":true}]}}