{"id":11099,"date":"2025-11-03T11:16:18","date_gmt":"2025-11-03T11:16:18","guid":{"rendered":"https:\/\/care4birds.bg\/product\/fast-form\/"},"modified":"2026-03-30T11:19:11","modified_gmt":"2026-03-30T11:19:11","slug":"fast-form","status":"publish","type":"product","link":"https:\/\/care4birds.bg\/tr\/urun\/fast-form\/","title":{"rendered":"Fast Form"},"content":{"rendered":"<h6>Performans\u0131 art\u0131rmak ve i\u00e7me suyunu dezenfekte etmek i\u00e7in. Y\u00fcksek performansl\u0131 g\u00fcvercinlere sadece tah\u0131l ve su verilmez, ku\u015flar FASTFORM ile en iyi formda olur!<\/h6>\n<h6>Dozaj:<\/h6>\n<div>\n<p>Yar\u0131\u015f d\u00f6nemi boyunca performans\u0131 art\u0131rmak i\u00e7in: her g\u00fcn 2-3 litre temiz i\u00e7me suyuna 5 ml (litre ba\u015f\u0131na 2 ml). \u00c7ok s\u0131cak g\u00fcnlerde su miktar\u0131n\u0131 5 litreye \u00e7\u0131kar\u0131n. U\u00e7u\u015f g\u00fcn\u00fcnde sadece temiz su verin! \u00dcreme ve t\u00fcy de\u011fi\u015fimi s\u0131ras\u0131nda: her hafta 1-2 kez, 5 litre temiz i\u00e7me suyuna 5 ml (litre ba\u015f\u0131na 1 ml).<\/p>\n<p>Y\u0131l\u0131n geri kalan\u0131nda suyu dezenfekte etmek i\u00e7in: haftada bir, 5 litre i\u00e7me suyuna 5 ml (litre ba\u015f\u0131na 1 ml) ekleyin.<br \/>\nKullan\u0131mdan \u00f6nce \u00e7alkalay\u0131n!<\/p>\n<p><b>\u00d6nemli:<\/b> Galvanizli veya bak\u0131r i\u00e7me kaplar\u0131 kullanmay\u0131n.<br \/>\nPaslanmaz \u00e7elik i\u00e7me kaplar\u0131 kullan\u0131labilir.<\/p>\n<\/div>\n<h6>\u0130\u00e7erik (1000 ml \u00fcr\u00fcn ba\u015f\u0131na):<\/h6>\n<div>Cobalt(II)sulfat 7H2O     60 mg Potasyum iyod\u00fcr                  90.000 mg Sodyum molibdat 2H2O         20 mg Amonyum demir sitrat        50.000 mg<\/div>\n<h4>Notlar<\/h4>\n<div>&#8211; Kuru bir yerde, do\u011frudan g\u00fcne\u015f \u0131\u015f\u0131\u011f\u0131ndan uzakta, 0-30 \u030aC aras\u0131nda saklay\u0131n. &#8211; A\u00e7\u0131ld\u0131ktan sonra raf \u00f6mr\u00fc: Bir (1) y\u0131l. &#8211; Parti numaras\u0131 ve son kullanma tarihi: pakette g\u00f6r\u00fcl\u00fcr. &#8211; \u00c7ocuklar\u0131n eri\u015femeyece\u011fi yerde saklay\u0131n. &#8211; Sadece hayvan tedavisi i\u00e7in. \u0130nsan g\u0131das\u0131 \u00fcretmek i\u00e7in kullan\u0131lacak hayvanlar i\u00e7in de\u011fildir.<\/div>\n","protected":false},"excerpt":{"rendered":"<p>Performans\u0131 art\u0131rmak ve i\u00e7me suyunu dezenfekte etmek i\u00e7in. Y\u00fcksek performansl\u0131 g\u00fcvercinlere sadece tah\u0131l ve su verilmez, ku\u015flar FASTFORM ile en iyi formda&hellip;<\/p>\n","protected":false},"featured_media":9456,"template":"","meta":[],"product_cat":[257],"product_tag":[],"class_list":{"0":"post-11099","1":"product","2":"type-product","3":"status-publish","4":"has-post-thumbnail","6":"product_cat-guvercinler-icin-takviyeler","8":"first","9":"instock","10":"shipping-taxable","11":"product-type-simple"},"_links":{"self":[{"href":"https:\/\/care4birds.bg\/tr\/wp-json\/wp\/v2\/product\/11099","targetHints":{"allow":["GET"]}}],"collection":[{"href":"https:\/\/care4birds.bg\/tr\/wp-json\/wp\/v2\/product"}],"about":[{"href":"https:\/\/care4birds.bg\/tr\/wp-json\/wp\/v2\/types\/product"}],"wp:featuredmedia":[{"embeddable":true,"href":"https:\/\/care4birds.bg\/tr\/wp-json\/wp\/v2\/media\/9456"}],"wp:attachment":[{"href":"https:\/\/care4birds.bg\/tr\/wp-json\/wp\/v2\/media?parent=11099"}],"wp:term":[{"taxonomy":"product_cat","embeddable":true,"href":"https:\/\/care4birds.bg\/tr\/wp-json\/wp\/v2\/product_cat?post=11099"},{"taxonomy":"product_tag","embeddable":true,"href":"https:\/\/care4birds.bg\/tr\/wp-json\/wp\/v2\/product_tag?post=11099"}],"curies":[{"name":"wp","href":"https:\/\/api.w.org\/{rel}","templated":true}]}}