{"id":11116,"date":"2025-11-03T11:15:22","date_gmt":"2025-11-03T11:15:22","guid":{"rendered":"https:\/\/care4birds.bg\/product\/wonder-care\/"},"modified":"2026-03-30T11:26:11","modified_gmt":"2026-03-30T11:26:11","slug":"wonder-care","status":"publish","type":"product","link":"https:\/\/care4birds.bg\/tr\/urun\/wonder-care\/","title":{"rendered":"Wonder Care"},"content":{"rendered":"<p>\u0130ntestinal sa\u011fl\u0131\u011f\u0131 iyile\u015ftirmek ve bakteriyel enfeksiyonlar\u0131 \u00f6nlemek i\u00e7in.<\/p>\n<p>Wonder Care, bir\u00e7ok ba\u015fka \u00fcr\u00fcn\u00fcn sahip olmad\u0131\u011f\u0131 olumlu etkilere sahiptir. Bakteriyel enfeksiyonlara, E-coli, Salmonella&#8217;ya ve ayr\u0131ca Adenovir\u00fcs enfeksiyonlar\u0131na kar\u015f\u0131 etkilidir. Wonder Care mide mikrofloras\u0131n\u0131 iyile\u015ftirir ve yar\u0131\u015f sonras\u0131 yorgunluk ve stres sonras\u0131 \u00e7ok \u00f6nemli olan Entero bakteri enfeksiyonunu \u00f6nler.<\/p>\n<h6>Kullan\u0131m talimatlar\u0131 ve dozaj:<\/h6>\n<p> \u00dcreme d\u00f6nemi ve gen\u00e7 g\u00fcvercinler i\u00e7in g\u00fc\u00e7l\u00fc b\u00fcy\u00fcme: 1,5 ml \/ 1 litre su: haftada 1-2 kez<\/p>\n<p>Yar\u0131\u015f d\u00f6nemi:<\/p>\n<p>Var\u0131\u015ftan sonraki g\u00fcn: 1 ml \/ 1 litre su<br \/>\nG\u00f6nderimden bir g\u00fcn \u00f6nce: 1 ml \/ 1 litre su<\/p>\n<p>T\u00fcy de\u011fi\u015fimi ve k\u0131\u015f d\u00f6nemi: 1,5 ml \/ 1 litre su: haftada 1-2 kez<\/p>\n","protected":false},"excerpt":{"rendered":"<p>\u0130ntestinal sa\u011fl\u0131\u011f\u0131 iyile\u015ftirmek ve bakteriyel enfeksiyonlar\u0131 \u00f6nlemek i\u00e7in. Wonder Care, bir\u00e7ok ba\u015fka \u00fcr\u00fcn\u00fcn sahip olmad\u0131\u011f\u0131 olumlu etkilere sahiptir. Bakteriyel enfeksiyonlara, E-coli, Salmonella&#8217;ya&hellip;<\/p>\n","protected":false},"featured_media":10816,"template":"","meta":[],"product_cat":[257],"product_tag":[],"class_list":{"0":"post-11116","1":"product","2":"type-product","3":"status-publish","4":"has-post-thumbnail","6":"product_cat-guvercinler-icin-takviyeler","8":"first","9":"instock","10":"shipping-taxable","11":"product-type-simple"},"_links":{"self":[{"href":"https:\/\/care4birds.bg\/tr\/wp-json\/wp\/v2\/product\/11116","targetHints":{"allow":["GET"]}}],"collection":[{"href":"https:\/\/care4birds.bg\/tr\/wp-json\/wp\/v2\/product"}],"about":[{"href":"https:\/\/care4birds.bg\/tr\/wp-json\/wp\/v2\/types\/product"}],"wp:featuredmedia":[{"embeddable":true,"href":"https:\/\/care4birds.bg\/tr\/wp-json\/wp\/v2\/media\/10816"}],"wp:attachment":[{"href":"https:\/\/care4birds.bg\/tr\/wp-json\/wp\/v2\/media?parent=11116"}],"wp:term":[{"taxonomy":"product_cat","embeddable":true,"href":"https:\/\/care4birds.bg\/tr\/wp-json\/wp\/v2\/product_cat?post=11116"},{"taxonomy":"product_tag","embeddable":true,"href":"https:\/\/care4birds.bg\/tr\/wp-json\/wp\/v2\/product_tag?post=11116"}],"curies":[{"name":"wp","href":"https:\/\/api.w.org\/{rel}","templated":true}]}}