{"id":11125,"date":"2025-11-03T11:15:11","date_gmt":"2025-11-03T11:15:11","guid":{"rendered":"https:\/\/care4birds.bg\/product\/carni-form\/"},"modified":"2026-03-30T11:43:02","modified_gmt":"2026-03-30T11:43:02","slug":"carni-form","status":"publish","type":"product","link":"https:\/\/care4birds.bg\/tr\/urun\/carni-form\/","title":{"rendered":"Carni Form"},"content":{"rendered":"<p>Bu kombinasyon, g\u00fcvercinlerin lipid metabolizmas\u0131nda merkezi bir role sahiptir. G\u00fcvercin gerekli miktarda L-karnitin al\u0131r. Ayr\u0131ca \u00fcr\u00fcn, kas fonksiyonunu iyile\u015ftirmek i\u00e7in magnezyum ve selenyum i\u00e7erir.<\/p>\n<h6>Dozaj<\/h6>\n<p> Carni-Form i\u00e7me suyuyla veya yemle uygulanabilir: &#8211; 1 litre i\u00e7me suyuna 10 ml veya &#8211; 1 kg yeme 15 ml &#8211; Kaslar\u0131 korumak i\u00e7in, ilk u\u00e7u\u015ftan en az 14 g\u00fcn \u00f6nce veya yar\u0131\u015f u\u00e7u\u015flar\u0131 ba\u015flamadan \u00f6nce her g\u00fcn uygulan\u0131r. &#8211; Yar\u0131\u015f sezonunda u\u00e7u\u015flar aras\u0131nda haftada 1-5 g\u00fcn uygulan\u0131r. <\/p>\n<h6>\u0130\u00e7erik:<\/h6>\n<p> L-Karnitin &#8211; 150.000 mg Magnezyum klor\u00fcr &#8211; 50.000 mg Sodyum selenit &#8211; 70 mg Koruyucu madde &#8211; 7.000 mg<\/p>\n","protected":false},"excerpt":{"rendered":"<p>Bu kombinasyon, g\u00fcvercinlerin lipid metabolizmas\u0131nda merkezi bir role sahiptir. G\u00fcvercin gerekli miktarda L-karnitin al\u0131r. Ayr\u0131ca \u00fcr\u00fcn, kas fonksiyonunu iyile\u015ftirmek i\u00e7in magnezyum ve&hellip;<\/p>\n","protected":false},"featured_media":9460,"template":"","meta":[],"product_cat":[257],"product_tag":[],"class_list":{"0":"post-11125","1":"product","2":"type-product","3":"status-publish","4":"has-post-thumbnail","6":"product_cat-guvercinler-icin-takviyeler","8":"first","9":"instock","10":"shipping-taxable","11":"product-type-simple"},"_links":{"self":[{"href":"https:\/\/care4birds.bg\/tr\/wp-json\/wp\/v2\/product\/11125","targetHints":{"allow":["GET"]}}],"collection":[{"href":"https:\/\/care4birds.bg\/tr\/wp-json\/wp\/v2\/product"}],"about":[{"href":"https:\/\/care4birds.bg\/tr\/wp-json\/wp\/v2\/types\/product"}],"wp:featuredmedia":[{"embeddable":true,"href":"https:\/\/care4birds.bg\/tr\/wp-json\/wp\/v2\/media\/9460"}],"wp:attachment":[{"href":"https:\/\/care4birds.bg\/tr\/wp-json\/wp\/v2\/media?parent=11125"}],"wp:term":[{"taxonomy":"product_cat","embeddable":true,"href":"https:\/\/care4birds.bg\/tr\/wp-json\/wp\/v2\/product_cat?post=11125"},{"taxonomy":"product_tag","embeddable":true,"href":"https:\/\/care4birds.bg\/tr\/wp-json\/wp\/v2\/product_tag?post=11125"}],"curies":[{"name":"wp","href":"https:\/\/api.w.org\/{rel}","templated":true}]}}