{"id":11134,"date":"2025-11-03T11:14:27","date_gmt":"2025-11-03T11:14:27","guid":{"rendered":"https:\/\/care4birds.bg\/product\/energy-mix\/"},"modified":"2026-03-30T11:48:52","modified_gmt":"2026-03-30T11:48:52","slug":"energy-mix","status":"publish","type":"product","link":"https:\/\/care4birds.bg\/tr\/urun\/energy-mix\/","title":{"rendered":"Energy Mix"},"content":{"rendered":"<h6>Kreatin ve Carnetyne ile enerji kar\u0131\u015f\u0131m\u0131.<\/h6>\n<p> Energy Mix, g\u00fcvercinlerinizin dayan\u0131kl\u0131l\u0131\u011f\u0131n\u0131 art\u0131r\u0131r. Y\u00fcksek performansl\u0131 kas yap\u0131s\u0131 i\u00e7in. Energy Mix, efordan sonra daha h\u0131zl\u0131 toparlanmay\u0131 destekler. <\/p>\n<h6>Dozaj:<\/h6>\n<p> 1 \u00f6l\u00e7\u00fc ka\u015f\u0131\u011f\u0131 (12,5 g) \/ 1 litre i\u00e7me suyu veya 1 kg yem U\u00e7u\u015f \u00f6ncesi: art arda 2 g\u00fcn Eve d\u00f6n\u00fc\u015fte: 1 g\u00fcn <\/p>\n<h6>\u0130\u00e7erik:<\/h6>\n<div class=\"separator\"><a href=\"https:\/\/blogger.googleusercontent.com\/img\/b\/R29vZ2xl\/AVvXsEinZnxGHEvWyAoLHJO8gwn2RmFmXd7W5mzsNBXRGuW0JC_nj-f6LDa_nceKJVowWxFKn1d2D6QtfXsocQfoPvBztRN2C2k7pQzjkEr7cszJ35-vM2XDClwYrqi8j6nh36VAGRDaNXMwYvr4\/s1600\/composition_energy_mix1.jpg\" target=\"_blank\" rel=\"noopener\"><img decoding=\"async\" src=\"https:\/\/blogger.googleusercontent.com\/img\/b\/R29vZ2xl\/AVvXsEinZnxGHEvWyAoLHJO8gwn2RmFmXd7W5mzsNBXRGuW0JC_nj-f6LDa_nceKJVowWxFKn1d2D6QtfXsocQfoPvBztRN2C2k7pQzjkEr7cszJ35-vM2XDClwYrqi8j6nh36VAGRDaNXMwYvr4\/s320\/composition_energy_mix1.jpg\" width=\"320\" height=\"147\" border=\"0\" data-original-height=\"426\" data-original-width=\"922\" \/><\/a><\/div>\n<h6>Ambalaj:<\/h6>\n<p> 650 g PVC Kavanoz<\/p>\n","protected":false},"excerpt":{"rendered":"<p>Kreatin ve Carnetyne ile enerji kar\u0131\u015f\u0131m\u0131. Energy Mix, g\u00fcvercinlerinizin dayan\u0131kl\u0131l\u0131\u011f\u0131n\u0131 art\u0131r\u0131r. Y\u00fcksek performansl\u0131 kas yap\u0131s\u0131 i\u00e7in. Energy Mix, efordan sonra daha h\u0131zl\u0131&hellip;<\/p>\n","protected":false},"featured_media":9461,"template":"","meta":[],"product_cat":[257],"product_tag":[],"class_list":{"0":"post-11134","1":"product","2":"type-product","3":"status-publish","4":"has-post-thumbnail","6":"product_cat-guvercinler-icin-takviyeler","8":"first","9":"instock","10":"shipping-taxable","11":"product-type-simple"},"_links":{"self":[{"href":"https:\/\/care4birds.bg\/tr\/wp-json\/wp\/v2\/product\/11134","targetHints":{"allow":["GET"]}}],"collection":[{"href":"https:\/\/care4birds.bg\/tr\/wp-json\/wp\/v2\/product"}],"about":[{"href":"https:\/\/care4birds.bg\/tr\/wp-json\/wp\/v2\/types\/product"}],"wp:featuredmedia":[{"embeddable":true,"href":"https:\/\/care4birds.bg\/tr\/wp-json\/wp\/v2\/media\/9461"}],"wp:attachment":[{"href":"https:\/\/care4birds.bg\/tr\/wp-json\/wp\/v2\/media?parent=11134"}],"wp:term":[{"taxonomy":"product_cat","embeddable":true,"href":"https:\/\/care4birds.bg\/tr\/wp-json\/wp\/v2\/product_cat?post=11134"},{"taxonomy":"product_tag","embeddable":true,"href":"https:\/\/care4birds.bg\/tr\/wp-json\/wp\/v2\/product_tag?post=11134"}],"curies":[{"name":"wp","href":"https:\/\/api.w.org\/{rel}","templated":true}]}}