{"id":11143,"date":"2025-11-03T11:13:35","date_gmt":"2025-11-03T11:13:35","guid":{"rendered":"https:\/\/care4birds.bg\/product\/energy-oil\/"},"modified":"2026-03-31T09:25:32","modified_gmt":"2026-03-31T09:25:32","slug":"energy-oil","status":"publish","type":"product","link":"https:\/\/care4birds.bg\/tr\/urun\/energy-oil\/","title":{"rendered":"Energy Oil"},"content":{"rendered":"<h6>Omega 3 ve omega 6 a\u00e7\u0131s\u0131ndan zengin 10 farkl\u0131 ya\u011f i\u00e7eren enerji ya\u011f\u0131<\/h6>\n<p> Energy oil y\u00fcksek enerji kayna\u011f\u0131d\u0131r. Genel kondisyonu geli\u015ftirmek ve u\u00e7u\u015flar s\u0131ras\u0131nda gerekli ya\u011flar\u0131 sa\u011flamak i\u00e7in idealdir. <\/p>\n<ul>\n<li>\u0130deal enerji kayna\u011f\u0131d\u0131r.<\/li>\n<\/ul>\n<ul>\n<li>Kondisyonun geli\u015fmesine yard\u0131mc\u0131 olur.<\/li>\n<\/ul>\n<ul>\n<li>Do\u011fal direnci art\u0131rmaya yard\u0131mc\u0131 olur.<\/li>\n<\/ul>\n<h6>Dozaj<\/h6>\n<p> 1 kg yeme 1 kapak (15 ml) Care 4 Birds Energy Oil ekleyin. <b>Yar\u0131\u015f sezonu:<\/b> Haftada bir veya iki kez. <b>Uzun mesafe yar\u0131\u015flar\u0131:<\/b> Haftada iki kez <b>Gen\u00e7 g\u00fcvercinler:<\/b> Haftada bir veya iki kez. <b>T\u00fcy de\u011fi\u015fimi d\u00f6nemi:<\/b> Haftada iki kez. <b>\u00dcreme d\u00f6nemi:<\/b> Haftada bir veya iki kez.<\/p>\n<p>Bu \u00fcr\u00fcn\u00fc su ile kar\u0131\u015ft\u0131rmay\u0131n!<\/p>\n<h6>\u0130\u00e7erik:<\/h6>\n<p> Lesitin (Kaslar\u0131 ve sinir sistemini destekler); Somon ya\u011f\u0131 (Dayan\u0131kl\u0131l\u0131k i\u00e7in ya\u011f asitleri a\u00e7\u0131s\u0131ndan zengin); M\u0131s\u0131r tohumu ya\u011f\u0131 (Enerji art\u0131r\u0131c\u0131); Keten tohumu ya\u011f\u0131 (\u00dcreme ve kas geli\u015fimi i\u00e7in); Yer f\u0131st\u0131\u011f\u0131 ya\u011f\u0131 (\u00dcst d\u00fczey kas kondisyonu i\u00e7in); Kenevir ya\u011f\u0131 (Enerji ve formu art\u0131r\u0131r); Bu\u011fday tohumu ya\u011f\u0131 (Do\u011fal Vitamin E); Soya ya\u011f\u0131 (En \u00fcst d\u00fczey enerji sal\u0131n\u0131m\u0131); \u00c7\u00f6rek otu ya\u011f\u0131 (Optimal sa\u011fl\u0131k ve kondisyon i\u00e7in); Hodan ya\u011f\u0131 (Metabolizmay\u0131 ve ba\u011f\u0131\u015f\u0131kl\u0131\u011f\u0131 g\u00fc\u00e7lendirir)<\/p>\n","protected":false},"excerpt":{"rendered":"<p>Omega 3 ve omega 6 a\u00e7\u0131s\u0131ndan zengin 10 farkl\u0131 ya\u011f i\u00e7eren enerji ya\u011f\u0131 Energy oil y\u00fcksek enerji kayna\u011f\u0131d\u0131r. Genel kondisyonu geli\u015ftirmek ve&hellip;<\/p>\n","protected":false},"featured_media":9447,"template":"","meta":[],"product_cat":[257],"product_tag":[],"class_list":{"0":"post-11143","1":"product","2":"type-product","3":"status-publish","4":"has-post-thumbnail","6":"product_cat-guvercinler-icin-takviyeler","8":"first","9":"instock","10":"shipping-taxable","11":"product-type-simple"},"_links":{"self":[{"href":"https:\/\/care4birds.bg\/tr\/wp-json\/wp\/v2\/product\/11143","targetHints":{"allow":["GET"]}}],"collection":[{"href":"https:\/\/care4birds.bg\/tr\/wp-json\/wp\/v2\/product"}],"about":[{"href":"https:\/\/care4birds.bg\/tr\/wp-json\/wp\/v2\/types\/product"}],"wp:featuredmedia":[{"embeddable":true,"href":"https:\/\/care4birds.bg\/tr\/wp-json\/wp\/v2\/media\/9447"}],"wp:attachment":[{"href":"https:\/\/care4birds.bg\/tr\/wp-json\/wp\/v2\/media?parent=11143"}],"wp:term":[{"taxonomy":"product_cat","embeddable":true,"href":"https:\/\/care4birds.bg\/tr\/wp-json\/wp\/v2\/product_cat?post=11143"},{"taxonomy":"product_tag","embeddable":true,"href":"https:\/\/care4birds.bg\/tr\/wp-json\/wp\/v2\/product_tag?post=11143"}],"curies":[{"name":"wp","href":"https:\/\/api.w.org\/{rel}","templated":true}]}}