{"id":11160,"date":"2025-11-03T11:13:33","date_gmt":"2025-11-03T11:13:33","guid":{"rendered":"https:\/\/care4birds.bg\/product\/entero-care\/"},"modified":"2026-03-31T09:29:58","modified_gmt":"2026-03-31T09:29:58","slug":"entero-care","status":"publish","type":"product","link":"https:\/\/care4birds.bg\/tr\/urun\/entero-care\/","title":{"rendered":"Entero Care"},"content":{"rendered":"<p>Probiyotik g\u00fcvercinler i\u00e7in<\/p>\n<p>Do\u011fal laktik asit bakterileri i\u00e7eren bu probiyotik kar\u0131\u015f\u0131m, ba\u011f\u0131rsak floras\u0131n\u0131n iyi bir dengesini sa\u011flar. Bakteriler ba\u011f\u0131rsak sisteminde kolayca yerle\u015fir ve asidik bir ortam olu\u015fturur. En iyi sonucu elde etmek i\u00e7in vitaminler ve mineraller de eklenmi\u015ftir.<\/p>\n<p>Entero Care tercihen \u015fu durumlarda verilmelidir:<\/p>\n<p>A\u015f\u0131 ve ila\u00e7 uygulamalar\u0131ndan sonra<br \/>\nBa\u011f\u0131rsak floras\u0131 ve d\u0131\u015fk\u0131 ile ilgili sorunlar oldu\u011funda<br \/>\nStresli d\u00f6nemlerde (ilk u\u00e7u\u015flar, gen\u00e7 g\u00fcvercin u\u00e7u\u015flar\u0131)<br \/>\nEve d\u00f6n\u00fc\u015ften sonra daha h\u0131zl\u0131 toparlanma i\u00e7in<\/p>\n<h6>Dozaj ve kullan\u0131m talimatlar\u0131:<\/h6>\n<p> 1 \u00f6l\u00e7\u00fc ka\u015f\u0131\u011f\u0131 (10 g) \/ 1 litre su veya 1 kg yem i\u00e7in 1 \u00f6l\u00e7\u00fc ka\u015f\u0131\u011f\u0131, 2 g\u00fcn \u00fcst \u00fcste.<\/p>\n<p>Entero Care her hafta verilebilir.<\/p>\n","protected":false},"excerpt":{"rendered":"<p>Probiyotik g\u00fcvercinler i\u00e7in Do\u011fal laktik asit bakterileri i\u00e7eren bu probiyotik kar\u0131\u015f\u0131m, ba\u011f\u0131rsak floras\u0131n\u0131n iyi bir dengesini sa\u011flar. Bakteriler ba\u011f\u0131rsak sisteminde kolayca yerle\u015fir&hellip;<\/p>\n","protected":false},"featured_media":10817,"template":"","meta":[],"product_cat":[257,240],"product_tag":[],"class_list":{"0":"post-11160","1":"product","2":"type-product","3":"status-publish","4":"has-post-thumbnail","6":"product_cat-guvercinler-icin-takviyeler","7":"product_cat-kuslar-icin-takviyeler","9":"first","10":"instock","11":"shipping-taxable","12":"product-type-simple"},"_links":{"self":[{"href":"https:\/\/care4birds.bg\/tr\/wp-json\/wp\/v2\/product\/11160","targetHints":{"allow":["GET"]}}],"collection":[{"href":"https:\/\/care4birds.bg\/tr\/wp-json\/wp\/v2\/product"}],"about":[{"href":"https:\/\/care4birds.bg\/tr\/wp-json\/wp\/v2\/types\/product"}],"wp:featuredmedia":[{"embeddable":true,"href":"https:\/\/care4birds.bg\/tr\/wp-json\/wp\/v2\/media\/10817"}],"wp:attachment":[{"href":"https:\/\/care4birds.bg\/tr\/wp-json\/wp\/v2\/media?parent=11160"}],"wp:term":[{"taxonomy":"product_cat","embeddable":true,"href":"https:\/\/care4birds.bg\/tr\/wp-json\/wp\/v2\/product_cat?post=11160"},{"taxonomy":"product_tag","embeddable":true,"href":"https:\/\/care4birds.bg\/tr\/wp-json\/wp\/v2\/product_tag?post=11160"}],"curies":[{"name":"wp","href":"https:\/\/api.w.org\/{rel}","templated":true}]}}