{"id":11169,"date":"2025-11-03T11:12:48","date_gmt":"2025-11-03T11:12:48","guid":{"rendered":"https:\/\/care4birds.bg\/product\/glucovit\/"},"modified":"2026-03-31T09:34:50","modified_gmt":"2026-03-31T09:34:50","slug":"glucovit","status":"publish","type":"product","link":"https:\/\/care4birds.bg\/tr\/urun\/glucovit\/","title":{"rendered":"Glucovit"},"content":{"rendered":"<h6>GLUCOVIT GLUKOZ + V\u0130TAM\u0130NLER CARELYT ile birlikte i\u00e7me suyunda kombine edilebilir.<\/h6>\n<h6>Dozaj<\/h6>\n<p> \u0130\u00e7me suyuna eklenir. T\u00fcy de\u011fi\u015fimi \/ k\u0131\u015f d\u00f6nemi: haftada bir kez 2 yemek ka\u015f\u0131\u011f\u0131 2 litre suya (yakla\u015f\u0131k 40 g\u00fcvercin) \u00dcreme d\u00f6neminde: haftada iki kez 2 yemek ka\u015f\u0131\u011f\u0131 2 litre suya (yakla\u015f\u0131k 40 g\u00fcvercin) 1 haftal\u0131ktan itibaren g\u00fc\u00e7l\u00fc geli\u015fim i\u00e7in: 5 g\u00fcn arka arkaya Yar\u0131\u015f d\u00f6neminde: haftada iki kez 2 yemek ka\u015f\u0131\u011f\u0131 2 litre suya (yakla\u015f\u0131k 40 g\u00fcvercin) Mesafeler uzad\u0131k\u00e7a haftada 3 defaya kadar 2 litre suya 3 ka\u015f\u0131k verilebilir Ayn\u0131 dozajda yem \u00fczerine de uygulanabilir (\u00b1 40 g\u00fcvercin g\u00fcnde bir kez) GLUCOVIT ile kar\u0131\u015ft\u0131rmadan \u00f6nce yem \u0131slat\u0131lmal\u0131d\u0131r <\/p>\n<h6>Form\u00fcl<\/h6>\n<p> Vit. A 6000 IU Vit. D3 1200 IU Vit. E 20 mg Vit. C 10 mg Vit. K3 1,5 mg Vit. B1 280 mg Vit. B2 400 mg Nikotinamid 30 mg Pantotenik asit 10 mg Kolin 100 mg \u0130z elementler Dekstroz ad 1000 g<\/p>\n","protected":false},"excerpt":{"rendered":"<p>GLUCOVIT GLUKOZ + V\u0130TAM\u0130NLER CARELYT ile birlikte i\u00e7me suyunda kombine edilebilir. Dozaj \u0130\u00e7me suyuna eklenir. T\u00fcy de\u011fi\u015fimi \/ k\u0131\u015f d\u00f6nemi: haftada bir&hellip;<\/p>\n","protected":false},"featured_media":9448,"template":"","meta":[],"product_cat":[257],"product_tag":[],"class_list":{"0":"post-11169","1":"product","2":"type-product","3":"status-publish","4":"has-post-thumbnail","6":"product_cat-guvercinler-icin-takviyeler","8":"first","9":"instock","10":"shipping-taxable","11":"product-type-simple"},"_links":{"self":[{"href":"https:\/\/care4birds.bg\/tr\/wp-json\/wp\/v2\/product\/11169","targetHints":{"allow":["GET"]}}],"collection":[{"href":"https:\/\/care4birds.bg\/tr\/wp-json\/wp\/v2\/product"}],"about":[{"href":"https:\/\/care4birds.bg\/tr\/wp-json\/wp\/v2\/types\/product"}],"wp:featuredmedia":[{"embeddable":true,"href":"https:\/\/care4birds.bg\/tr\/wp-json\/wp\/v2\/media\/9448"}],"wp:attachment":[{"href":"https:\/\/care4birds.bg\/tr\/wp-json\/wp\/v2\/media?parent=11169"}],"wp:term":[{"taxonomy":"product_cat","embeddable":true,"href":"https:\/\/care4birds.bg\/tr\/wp-json\/wp\/v2\/product_cat?post=11169"},{"taxonomy":"product_tag","embeddable":true,"href":"https:\/\/care4birds.bg\/tr\/wp-json\/wp\/v2\/product_tag?post=11169"}],"curies":[{"name":"wp","href":"https:\/\/api.w.org\/{rel}","templated":true}]}}