{"id":11178,"date":"2025-11-03T11:12:01","date_gmt":"2025-11-03T11:12:01","guid":{"rendered":"https:\/\/care4birds.bg\/product\/carelyt\/"},"modified":"2026-03-31T09:43:59","modified_gmt":"2026-03-31T09:43:59","slug":"carelyt","status":"publish","type":"product","link":"https:\/\/care4birds.bg\/tr\/urun\/carelyt\/","title":{"rendered":"Carelyt"},"content":{"rendered":"<h6>Endikasyon:<\/h6>\n<p> Yar\u0131\u015f g\u00fcvercinleri i\u00e7in u\u00e7u\u015f tuzu CARELYT, ku\u015flar\u0131n\u0131z\u0131n asit ve su dengesini d\u00fczenler. Uzun u\u00e7u\u015flardan sonra g\u00fcvercinlerin toparlanmas\u0131n\u0131 h\u0131zland\u0131r\u0131r. K\u0131sa s\u00fcrede tekrar en iyi kondisyona getirir. <\/p>\n<h6>Dozaj:<\/h6>\n<p> Besleme talimatlar\u0131: G\u00fcvercinler u\u00e7u\u015flardan d\u00f6nd\u00fcklerinde \u00e7ok susam\u0131\u015f olurlar. \u0130lk olarak onlara taze ve temiz su verin. 2 saat sonra tekrar taze su verin ancak bu sefer CARELYT ile kar\u0131\u015ft\u0131r\u0131lm\u0131\u015f olarak. 25 g CARELYT&#8217;i (1 yemek ka\u015f\u0131\u011f\u0131) 2 litre i\u00e7me suyunda \u00e7\u00f6z\u00fcn ve 24 saat boyunca eri\u015fimlerine sunun. Daha sonra kald\u0131r\u0131n ve normal temiz i\u00e7me suyuna devam edin. CARELYT, yar\u0131\u015f g\u00fcvercinleri i\u00e7in \u00e7o\u011fu ila\u00e7la birlikte kullan\u0131labilir. <\/p>\n<h6>\u0130\u00e7erik<\/h6>\n<div>600 g<\/div>\n","protected":false},"excerpt":{"rendered":"<p>Endikasyon: Yar\u0131\u015f g\u00fcvercinleri i\u00e7in u\u00e7u\u015f tuzu CARELYT, ku\u015flar\u0131n\u0131z\u0131n asit ve su dengesini d\u00fczenler. Uzun u\u00e7u\u015flardan sonra g\u00fcvercinlerin toparlanmas\u0131n\u0131 h\u0131zland\u0131r\u0131r. K\u0131sa s\u00fcrede tekrar&hellip;<\/p>\n","protected":false},"featured_media":9453,"template":"","meta":[],"product_cat":[257],"product_tag":[],"class_list":{"0":"post-11178","1":"product","2":"type-product","3":"status-publish","4":"has-post-thumbnail","6":"product_cat-guvercinler-icin-takviyeler","8":"first","9":"instock","10":"shipping-taxable","11":"product-type-simple"},"_links":{"self":[{"href":"https:\/\/care4birds.bg\/tr\/wp-json\/wp\/v2\/product\/11178","targetHints":{"allow":["GET"]}}],"collection":[{"href":"https:\/\/care4birds.bg\/tr\/wp-json\/wp\/v2\/product"}],"about":[{"href":"https:\/\/care4birds.bg\/tr\/wp-json\/wp\/v2\/types\/product"}],"wp:featuredmedia":[{"embeddable":true,"href":"https:\/\/care4birds.bg\/tr\/wp-json\/wp\/v2\/media\/9453"}],"wp:attachment":[{"href":"https:\/\/care4birds.bg\/tr\/wp-json\/wp\/v2\/media?parent=11178"}],"wp:term":[{"taxonomy":"product_cat","embeddable":true,"href":"https:\/\/care4birds.bg\/tr\/wp-json\/wp\/v2\/product_cat?post=11178"},{"taxonomy":"product_tag","embeddable":true,"href":"https:\/\/care4birds.bg\/tr\/wp-json\/wp\/v2\/product_tag?post=11178"}],"curies":[{"name":"wp","href":"https:\/\/api.w.org\/{rel}","templated":true}]}}