{"id":11187,"date":"2025-11-03T11:11:31","date_gmt":"2025-11-03T11:11:31","guid":{"rendered":"https:\/\/care4birds.bg\/product\/probiocare\/"},"modified":"2026-03-31T09:47:54","modified_gmt":"2026-03-31T09:47:54","slug":"probiocare","status":"publish","type":"product","link":"https:\/\/care4birds.bg\/tr\/urun\/probiocare\/","title":{"rendered":"ProbioCare"},"content":{"rendered":"<p>Ba\u011f\u0131rsak floras\u0131n\u0131n yenilenmesi i\u00e7in probiyotikler ve prebiyotikler<\/p>\n<p>Ba\u011f\u0131rsak floras\u0131n\u0131n yenilenmesi ve iyile\u015ftirilmesi i\u00e7in probiyotik-prebiyotik kombinasyonu. ProbioCare, ba\u011f\u0131rsak d\u00fczenini iyile\u015ftirmek i\u00e7in sinerjik olarak \u00e7al\u0131\u015fan farkl\u0131 probiyotik ve prebiyotiklerin \u00f6zel bir kombinasyonunu i\u00e7erir. ProbioCare m\u00fckemmel bir se\u00e7imdir:<\/p>\n<p>antibiyotik kullan\u0131m\u0131ndan sonra<br \/>\na\u015f\u0131lamalardan sonra<br \/>\nyar\u0131\u015f u\u00e7u\u015flar\u0131ndan sonra ba\u011f\u0131\u015f\u0131kl\u0131k g\u00fc\u00e7lendirici olarak<br \/>\nsergilerden sonra<\/p>\n<p>Sindirim bozuklu\u011fu, bir\u00e7ok zararl\u0131 (patojenik) mikroorganizma ve i\u00e7 parazitin habercisidir. Bir\u00e7ok durumda yo\u011fun u\u00e7u\u015flarda ve \u00fcreme d\u00f6neminde g\u00f6zlemlenir.<br \/>\nProbioCare, mikroenkaps\u00fcle formda \u00e7e\u015fitli probiyotiklerin \u00f6zel bir kombinasyonunu ve ba\u011f\u0131rsak floras\u0131n\u0131 d\u00fczenleyen benzersiz karbonhidrat kombinasyonunu i\u00e7erir. Farkl\u0131 bakteriler, g\u00fcvercinin ince ba\u011f\u0131rsa\u011f\u0131n\u0131 aktif olarak kolonize etme yetene\u011fini kar\u015f\u0131l\u0131kl\u0131 olarak destekler. Bu \u015fekilde sindirim s\u00fcre\u00e7lerine yard\u0131mc\u0131 olur, ba\u011f\u0131rsak floras\u0131n\u0131 stabilize eden temel besinleri \u00fcretir ve ba\u011f\u0131\u015f\u0131kl\u0131k sistemini g\u00fc\u00e7lendirir. Bu probiyotik bakteriler Salmonella, E. coli, Staphylococcus, Streptococcus gibi patojen bakterileri ve Candida, Coccidiosis ve Trichomoniasis gibi mantar enfeksiyonlar\u0131n\u0131 bask\u0131lar. Bu, ba\u011f\u0131rsak hastal\u0131klar\u0131n\u0131 \u00f6nlemenin \u00e7ok etkili bir yoludur ve ba\u011f\u0131rsak floras\u0131 h\u0131zl\u0131 bir \u015fekilde yenilenir. ProbioCare\u2019in d\u00fczenli kullan\u0131m\u0131 do\u011fal direnci art\u0131r\u0131r ve i\u015ftah\u0131 iyile\u015ftirir. G\u00fcvercinler u\u00e7u\u015flar s\u0131ras\u0131nda daha fazla enerjiye sahip olur.<br \/>\nProbioCare kullan\u0131m\u0131 iyile\u015fme s\u00fcresini \u00f6nemli \u00f6l\u00e7\u00fcde k\u0131salt\u0131r.<\/p>\n<h6>Dozaj<\/h6>\n<p> 1 kg yem i\u00e7in 1 \u00f6l\u00e7\u00fc ka\u015f\u0131\u011f\u0131 (12,5 g), haftada iki kez (25 g\u00fcvercin i\u00e7in doz)<\/p>\n","protected":false},"excerpt":{"rendered":"<p>Ba\u011f\u0131rsak floras\u0131n\u0131n yenilenmesi i\u00e7in probiyotikler ve prebiyotikler Ba\u011f\u0131rsak floras\u0131n\u0131n yenilenmesi ve iyile\u015ftirilmesi i\u00e7in probiyotik-prebiyotik kombinasyonu. ProbioCare, ba\u011f\u0131rsak d\u00fczenini iyile\u015ftirmek i\u00e7in sinerjik olarak&hellip;<\/p>\n","protected":false},"featured_media":9450,"template":"","meta":[],"product_cat":[257,240],"product_tag":[],"class_list":{"0":"post-11187","1":"product","2":"type-product","3":"status-publish","4":"has-post-thumbnail","6":"product_cat-guvercinler-icin-takviyeler","7":"product_cat-kuslar-icin-takviyeler","9":"first","10":"instock","11":"shipping-taxable","12":"product-type-simple"},"_links":{"self":[{"href":"https:\/\/care4birds.bg\/tr\/wp-json\/wp\/v2\/product\/11187","targetHints":{"allow":["GET"]}}],"collection":[{"href":"https:\/\/care4birds.bg\/tr\/wp-json\/wp\/v2\/product"}],"about":[{"href":"https:\/\/care4birds.bg\/tr\/wp-json\/wp\/v2\/types\/product"}],"wp:featuredmedia":[{"embeddable":true,"href":"https:\/\/care4birds.bg\/tr\/wp-json\/wp\/v2\/media\/9450"}],"wp:attachment":[{"href":"https:\/\/care4birds.bg\/tr\/wp-json\/wp\/v2\/media?parent=11187"}],"wp:term":[{"taxonomy":"product_cat","embeddable":true,"href":"https:\/\/care4birds.bg\/tr\/wp-json\/wp\/v2\/product_cat?post=11187"},{"taxonomy":"product_tag","embeddable":true,"href":"https:\/\/care4birds.bg\/tr\/wp-json\/wp\/v2\/product_tag?post=11187"}],"curies":[{"name":"wp","href":"https:\/\/api.w.org\/{rel}","templated":true}]}}