{"id":11197,"date":"2025-11-03T11:11:16","date_gmt":"2025-11-03T11:11:16","guid":{"rendered":"https:\/\/care4birds.bg\/product\/herbal-care\/"},"modified":"2026-03-31T09:52:05","modified_gmt":"2026-03-31T09:52:05","slug":"herbal-care","status":"publish","type":"product","link":"https:\/\/care4birds.bg\/tr\/urun\/herbal-care\/","title":{"rendered":"Herbal Care"},"content":{"rendered":"<p>Bitkisel tent\u00fcr, organik asitler, vitaminler, mineraller ve iz elementler ile zenginle\u015ftirilmi\u015ftir.<br \/>\nHerbal Care, hem u\u00e7u\u015f sezonunda hem de sezon d\u0131\u015f\u0131nda g\u00fc\u00e7l\u00fc bir temel sa\u011flayan tamamen do\u011fal bir \u00fcr\u00fcnd\u00fcr. \u00dcr\u00fcn, ek organik asitler i\u00e7eren bir bitkisel tent\u00fcrd\u00fcr ve mide-ba\u011f\u0131rsak problemlerine kar\u015f\u0131 \u00e7ok etkili olan vitaminler, mineraller ve iz elementler a\u00e7\u0131s\u0131ndan zengindir. Herbal Care g\u00fcvercinlerinizin kondisyonunu iyile\u015ftirir, direnci art\u0131r\u0131r ve efor sonras\u0131 daha h\u0131zl\u0131 toparlanmay\u0131 destekler. Herbal Care do\u011furganl\u0131\u011f\u0131 art\u0131r\u0131r ve gen\u00e7 g\u00fcvercinleri daha dayan\u0131kl\u0131 hale getirir.<\/p>\n<h6>Dozaj<\/h6>\n<p> 1 litre i\u00e7me suyuna 10 ml Herbal Care &#8211; T\u00fcy de\u011fi\u015fimi d\u00f6neminde: haftada bir ila iki kez &#8211; Yar\u0131\u015f sezonunda: haftada bir ila iki kez &#8211; Gen\u00e7 g\u00fcvercinler: haftada \u00fc\u00e7 ila d\u00f6rt kez &#8211; \u00dcreme d\u00f6nemi: haftada iki kez Kullanmadan \u00f6nce iyice \u00e7alkalay\u0131n\u0131z! <\/p>\n<h6>Tavsiyeler<\/h6>\n<p> Yar\u0131\u015f sezonu ba\u015flamadan \u00f6nce 7-10 g\u00fcn koruyucu uygulama. <\/p>\n<h6>Bile\u015fim:<\/h6>\n<p> Ginseng k\u00f6k\u00fc, mor koni \u00e7i\u00e7e\u011fi, k\u00fc\u00e7\u00fck centaury, vaccinium myrtillus yapra\u011f\u0131, s\u00f6\u011f\u00fct kabu\u011fu, deniz yosunu, yabani kereviz k\u00f6k\u00fc, satureja hortensis, tar\u00e7\u0131n, crocus sativus bitkisel tent\u00fcr\u00fc; sambucus nigra konsantresi; vaccinium myrtillus konsantresi; sitrik asit; elma sirkesi; glikoz<\/p>\n","protected":false},"excerpt":{"rendered":"<p>Bitkisel tent\u00fcr, organik asitler, vitaminler, mineraller ve iz elementler ile zenginle\u015ftirilmi\u015ftir. Herbal Care, hem u\u00e7u\u015f sezonunda hem de sezon d\u0131\u015f\u0131nda g\u00fc\u00e7l\u00fc bir&hellip;<\/p>\n","protected":false},"featured_media":9454,"template":"","meta":[],"product_cat":[257,240],"product_tag":[],"class_list":{"0":"post-11197","1":"product","2":"type-product","3":"status-publish","4":"has-post-thumbnail","6":"product_cat-guvercinler-icin-takviyeler","7":"product_cat-kuslar-icin-takviyeler","9":"first","10":"instock","11":"shipping-taxable","12":"product-type-simple"},"_links":{"self":[{"href":"https:\/\/care4birds.bg\/tr\/wp-json\/wp\/v2\/product\/11197","targetHints":{"allow":["GET"]}}],"collection":[{"href":"https:\/\/care4birds.bg\/tr\/wp-json\/wp\/v2\/product"}],"about":[{"href":"https:\/\/care4birds.bg\/tr\/wp-json\/wp\/v2\/types\/product"}],"wp:featuredmedia":[{"embeddable":true,"href":"https:\/\/care4birds.bg\/tr\/wp-json\/wp\/v2\/media\/9454"}],"wp:attachment":[{"href":"https:\/\/care4birds.bg\/tr\/wp-json\/wp\/v2\/media?parent=11197"}],"wp:term":[{"taxonomy":"product_cat","embeddable":true,"href":"https:\/\/care4birds.bg\/tr\/wp-json\/wp\/v2\/product_cat?post=11197"},{"taxonomy":"product_tag","embeddable":true,"href":"https:\/\/care4birds.bg\/tr\/wp-json\/wp\/v2\/product_tag?post=11197"}],"curies":[{"name":"wp","href":"https:\/\/api.w.org\/{rel}","templated":true}]}}