{"id":11207,"date":"2025-11-03T11:10:18","date_gmt":"2025-11-03T11:10:18","guid":{"rendered":"https:\/\/care4birds.bg\/product\/caresol\/"},"modified":"2026-03-31T10:00:04","modified_gmt":"2026-03-31T10:00:04","slug":"caresol","status":"publish","type":"product","link":"https:\/\/care4birds.bg\/tr\/urun\/caresol\/","title":{"rendered":"Caresol"},"content":{"rendered":"<h6>Endikasyon:<\/h6>\n<p> Glukoz temelinde enerji ta\u015f\u0131y\u0131c\u0131ya dayal\u0131 elektrolitler ve minerallerin (potasyum, sodyum, magnezyum) benzersiz kombinasyonu, iyile\u015fme s\u00fcrecini h\u0131zland\u0131rmaya yard\u0131mc\u0131 olur. Ku\u015flar\u0131 a\u015f\u0131r\u0131 s\u0131cak zamanlarda, ta\u015f\u0131nma s\u0131ras\u0131nda veya sergileme s\u0131ras\u0131nda destekler ve hidrasyon sa\u011flar. Hastal\u0131k, stres ve b\u00fcy\u00fck \u00e7aba sonras\u0131 ku\u015flar\u0131n toparlanmas\u0131na yard\u0131mc\u0131 olmak i\u00e7in enerji ve elektrolit sa\u011flar. Sergide veya sat\u0131\u015fta olan ku\u015flarda canl\u0131l\u0131k ve enerji art\u0131\u015f\u0131 sa\u011flar. Haz\u0131rlanan sol\u00fcsyon acil durumlarda h\u0131zl\u0131 enerji sa\u011flamak i\u00e7in do\u011frudan uygulanabilir. <\/p>\n<h6>Dozaj ve kullan\u0131m \u015fekli:<\/h6>\n<div>\n<div>\u00dcREME D\u00d6NEM\u0130 DOZAJI: G\u00fc\u00e7l\u00fc ve iyi geli\u015fen yavrular i\u00e7in: yavrular yakla\u015f\u0131k 1 haftal\u0131k oldu\u011funda ard\u0131\u015f\u0131k 5 g\u00fcn boyunca 1 litre suya yakla\u015f\u0131k 25 ml.<\/div>\n<div>YARI\u015e SEZONU DOZAJI: Haftada 2-3 kez 1 litre suya 15 ml.<\/div>\n<div>B\u00dcY\u00dcK \u00c7ABA SONRASI (Yar\u0131\u015f sezonu): G\u00fcvercinler eve d\u00f6nd\u00fc\u011f\u00fcnde \u00f6nce temiz su verin, ard\u0131ndan i\u00e7me suyuna CARESOL ekleyin. 1 litre i\u00e7me suyuna 15 ml (1\/2 \u00f6l\u00e7\u00fc kapa\u011f\u0131).<\/div>\n<\/p><\/div>\n<h6>Notlar:<\/h6>\n<div>\n<div>\u2022 Kullanmadan \u00f6nce iyice \u00e7alkalay\u0131n\u0131z!<\/div>\n<div>\u2022 \u00c7ocuklar\u0131n ula\u015famayaca\u011f\u0131 yerde saklay\u0131n\u0131z.<\/div>\n<div>\u2022 Sadece insan t\u00fcketimi i\u00e7in olmayan hayvanlarda oral uygulama i\u00e7indir.<\/div>\n<div>\u2022 Direkt g\u00fcne\u015f \u0131\u015f\u0131\u011f\u0131ndan uzak kuru bir yerde ve 0-30 \u00b0C aras\u0131nda saklay\u0131n\u0131z.<\/div>\n<div>\u2022 Son kullanma tarihi: Ambalajda belirtilmi\u015ftir.<\/div>\n<div>\u2022 \u0130\u00e7erik: 500 ml g\u00fcvercinler i\u00e7in hayvan besleme takviyesi<\/div>\n<\/p><\/div>\n","protected":false},"excerpt":{"rendered":"<p>Endikasyon: Glukoz temelinde enerji ta\u015f\u0131y\u0131c\u0131ya dayal\u0131 elektrolitler ve minerallerin (potasyum, sodyum, magnezyum) benzersiz kombinasyonu, iyile\u015fme s\u00fcrecini h\u0131zland\u0131rmaya yard\u0131mc\u0131 olur. Ku\u015flar\u0131 a\u015f\u0131r\u0131 s\u0131cak&hellip;<\/p>\n","protected":false},"featured_media":9462,"template":"","meta":[],"product_cat":[257,240],"product_tag":[],"class_list":{"0":"post-11207","1":"product","2":"type-product","3":"status-publish","4":"has-post-thumbnail","6":"product_cat-guvercinler-icin-takviyeler","7":"product_cat-kuslar-icin-takviyeler","9":"first","10":"instock","11":"shipping-taxable","12":"product-type-simple"},"_links":{"self":[{"href":"https:\/\/care4birds.bg\/tr\/wp-json\/wp\/v2\/product\/11207","targetHints":{"allow":["GET"]}}],"collection":[{"href":"https:\/\/care4birds.bg\/tr\/wp-json\/wp\/v2\/product"}],"about":[{"href":"https:\/\/care4birds.bg\/tr\/wp-json\/wp\/v2\/types\/product"}],"wp:featuredmedia":[{"embeddable":true,"href":"https:\/\/care4birds.bg\/tr\/wp-json\/wp\/v2\/media\/9462"}],"wp:attachment":[{"href":"https:\/\/care4birds.bg\/tr\/wp-json\/wp\/v2\/media?parent=11207"}],"wp:term":[{"taxonomy":"product_cat","embeddable":true,"href":"https:\/\/care4birds.bg\/tr\/wp-json\/wp\/v2\/product_cat?post=11207"},{"taxonomy":"product_tag","embeddable":true,"href":"https:\/\/care4birds.bg\/tr\/wp-json\/wp\/v2\/product_tag?post=11207"}],"curies":[{"name":"wp","href":"https:\/\/api.w.org\/{rel}","templated":true}]}}