{"id":11217,"date":"2025-11-03T11:08:49","date_gmt":"2025-11-03T11:08:49","guid":{"rendered":"https:\/\/care4birds.bg\/product\/fly-forma-drops\/"},"modified":"2026-03-31T10:09:32","modified_gmt":"2026-03-31T10:09:32","slug":"fly-forma-drops","status":"publish","type":"product","link":"https:\/\/care4birds.bg\/tr\/urun\/fly-forma-drops\/","title":{"rendered":"Fly forma drops"},"content":{"rendered":"<h6>Endikasyon:<\/h6>\n<div>G\u00f6zleri temizlemek i\u00e7in. G\u00f6z ve g\u00f6zya\u015f\u0131 kanallar\u0131ndaki tahri\u015f, y\u00f6nelimi ve u\u00e7u\u015f performans\u0131n\u0131 olumsuz etkileyebilir.<\/div>\n<div>Bu da hayal k\u0131r\u0131kl\u0131\u011f\u0131na u\u011fratan performansa yol a\u00e7ar.<\/div>\n<h6>FORM\u00dcL:<\/h6>\n<div>Bitkisel \u00f6zler (Melilotus officinalis, Euphrasia, Plantago lanceolata) ve Argenti proteinas.<\/div>\n<h6>\u0130\u00e7erir:<\/h6>\n<div>Yar\u0131\u015f ve s\u00fcs g\u00fcvercinleri i\u00e7in 30 ml tedavi \u00fcr\u00fcn\u00fc<\/div>\n<h6>DOZ ve KULLANIM TAL\u0130MATLARI:<\/h6>\n<div>Her g\u00f6ze 1 ila 2 damla kullan\u0131n. Kullan\u0131mdan \u00f6nce \u00e7alkalay\u0131n!<\/div>\n<h6>KULLANIM \u015eEKL\u0130:<\/h6>\n<div>Yar\u0131\u015f g\u00fcvercinleri: U\u00e7u\u015f \u00f6ncesi ve sonras\u0131 her g\u00f6ze ve burun deli\u011fine bir damla.<\/div>\n<div>G\u00fcvercinler iyi durumda ise damla neredeyse hemen kaybolur.<\/div>\n","protected":false},"excerpt":{"rendered":"<p>Endikasyon: G\u00f6zleri temizlemek i\u00e7in. G\u00f6z ve g\u00f6zya\u015f\u0131 kanallar\u0131ndaki tahri\u015f, y\u00f6nelimi ve u\u00e7u\u015f performans\u0131n\u0131 olumsuz etkileyebilir. Bu da hayal k\u0131r\u0131kl\u0131\u011f\u0131na u\u011fratan performansa yol&hellip;<\/p>\n","protected":false},"featured_media":9458,"template":"","meta":[],"product_cat":[257],"product_tag":[],"class_list":{"0":"post-11217","1":"product","2":"type-product","3":"status-publish","4":"has-post-thumbnail","6":"product_cat-guvercinler-icin-takviyeler","8":"first","9":"instock","10":"shipping-taxable","11":"product-type-simple"},"_links":{"self":[{"href":"https:\/\/care4birds.bg\/tr\/wp-json\/wp\/v2\/product\/11217","targetHints":{"allow":["GET"]}}],"collection":[{"href":"https:\/\/care4birds.bg\/tr\/wp-json\/wp\/v2\/product"}],"about":[{"href":"https:\/\/care4birds.bg\/tr\/wp-json\/wp\/v2\/types\/product"}],"wp:featuredmedia":[{"embeddable":true,"href":"https:\/\/care4birds.bg\/tr\/wp-json\/wp\/v2\/media\/9458"}],"wp:attachment":[{"href":"https:\/\/care4birds.bg\/tr\/wp-json\/wp\/v2\/media?parent=11217"}],"wp:term":[{"taxonomy":"product_cat","embeddable":true,"href":"https:\/\/care4birds.bg\/tr\/wp-json\/wp\/v2\/product_cat?post=11217"},{"taxonomy":"product_tag","embeddable":true,"href":"https:\/\/care4birds.bg\/tr\/wp-json\/wp\/v2\/product_tag?post=11217"}],"curies":[{"name":"wp","href":"https:\/\/api.w.org\/{rel}","templated":true}]}}