{"id":11226,"date":"2025-11-03T11:08:27","date_gmt":"2025-11-03T11:08:27","guid":{"rendered":"https:\/\/care4birds.bg\/product\/carechol\/"},"modified":"2026-04-01T07:30:43","modified_gmt":"2026-04-01T07:30:43","slug":"carechol","status":"publish","type":"product","link":"https:\/\/care4birds.bg\/tr\/urun\/carechol\/","title":{"rendered":"Carechol"},"content":{"rendered":"<h6>Endikasyon:<\/h6>\n<p>Metiyonin ve Kolin, karaci\u011feri ve b\u00f6brekleri koruyan, karaci\u011ferin ya\u011flanmas\u0131na kar\u015f\u0131 sava\u015fan ve sinir sisteminin d\u00fczg\u00fcn \u00e7al\u0131\u015fmas\u0131 i\u00e7in gerekli olan ya\u011flar\u0131n h\u00fccrelere ta\u015f\u0131nmas\u0131n\u0131 sa\u011flayan temel s\u00fclf\u00fcrl\u00fc amino asitlerdir. Gen\u00e7 g\u00fcvercinlerde optimal b\u00fcy\u00fcmeye katk\u0131da bulunurlar ve t\u00fcy d\u00f6kme d\u00f6neminde de \u00e7ok \u00f6nemlidirler. T\u00fcm bunlar Carechol\u2019\u00fc y\u0131l boyunca uygulanabilecek bir \u00fcr\u00fcn haline getirir.<\/p>\n<h6>Dozaj:<\/h6>\n<p>T\u00fcy d\u00f6k\u00fcm\u00fc s\u0131ras\u0131nda:<br \/>\n1 litre i\u00e7me suyuna veya 1 kg yeme 10 ml, haftada iki kez<\/p>\n<p>U\u00e7u\u015f sezonunda:<br \/>\n1 litre i\u00e7me suyuna veya 1 kg yeme 10 ml, haftada bir kez<\/p>\n<p>Tedavi k\u00fcr\u00fcnde:<br \/>\n1 litre i\u00e7me suyuna veya 1 kg yeme 10 ml, 5 g\u00fcn \u00fcst \u00fcste<\/p>\n<h6>Paket:<\/h6>\n<p>300 ila 3000 gram canl\u0131 a\u011f\u0131rl\u0131\u011fa sahip g\u00fcvercinler ve kafes ku\u015flar\u0131 i\u00e7in 1000 ml oral s\u0131v\u0131.<\/p>\n<h6>Bile\u015fim:<\/h6>\n<p>Metiyonin: %1 ; Kolin: %15 ; Glikoz: %60 ; \u0130naktif bile\u015fenler %100\u2019e tamamlan\u0131r<\/p>\n","protected":false},"excerpt":{"rendered":"<p>Endikasyon: Metiyonin ve Kolin, karaci\u011feri ve b\u00f6brekleri koruyan, karaci\u011ferin ya\u011flanmas\u0131na kar\u015f\u0131 sava\u015fan ve sinir sisteminin d\u00fczg\u00fcn \u00e7al\u0131\u015fmas\u0131 i\u00e7in gerekli olan ya\u011flar\u0131n h\u00fccrelere&hellip;<\/p>\n","protected":false},"featured_media":9455,"template":"","meta":[],"product_cat":[257,240],"product_tag":[],"class_list":{"0":"post-11226","1":"product","2":"type-product","3":"status-publish","4":"has-post-thumbnail","6":"product_cat-guvercinler-icin-takviyeler","7":"product_cat-kuslar-icin-takviyeler","9":"first","10":"instock","11":"shipping-taxable","12":"product-type-simple"},"_links":{"self":[{"href":"https:\/\/care4birds.bg\/tr\/wp-json\/wp\/v2\/product\/11226","targetHints":{"allow":["GET"]}}],"collection":[{"href":"https:\/\/care4birds.bg\/tr\/wp-json\/wp\/v2\/product"}],"about":[{"href":"https:\/\/care4birds.bg\/tr\/wp-json\/wp\/v2\/types\/product"}],"wp:featuredmedia":[{"embeddable":true,"href":"https:\/\/care4birds.bg\/tr\/wp-json\/wp\/v2\/media\/9455"}],"wp:attachment":[{"href":"https:\/\/care4birds.bg\/tr\/wp-json\/wp\/v2\/media?parent=11226"}],"wp:term":[{"taxonomy":"product_cat","embeddable":true,"href":"https:\/\/care4birds.bg\/tr\/wp-json\/wp\/v2\/product_cat?post=11226"},{"taxonomy":"product_tag","embeddable":true,"href":"https:\/\/care4birds.bg\/tr\/wp-json\/wp\/v2\/product_tag?post=11226"}],"curies":[{"name":"wp","href":"https:\/\/api.w.org\/{rel}","templated":true}]}}