{"id":11235,"date":"2025-11-03T11:07:01","date_gmt":"2025-11-03T11:07:01","guid":{"rendered":"https:\/\/care4birds.bg\/product\/caremin\/"},"modified":"2026-04-01T07:36:09","modified_gmt":"2026-04-01T07:36:09","slug":"caremin","status":"publish","type":"product","link":"https:\/\/care4birds.bg\/tr\/urun\/caremin\/","title":{"rendered":"Caremin"},"content":{"rendered":"<h6>Endikasyon:<\/h6>\n<p>CAREMIN, ya\u015fl\u0131 ve gen\u00e7 g\u00fcvercinlerde sa\u011fl\u0131\u011f\u0131n korunmas\u0131na katk\u0131da bulunur ve ba\u011f\u0131\u015f\u0131kl\u0131k sistemini g\u00fc\u00e7lendirmeye yard\u0131mc\u0131 olur! CAREMIN y\u0131l boyunca verilebilir, ancak \u00f6zellikle \u00fcreme, u\u00e7u\u015f sezonu, t\u00fcy d\u00f6k\u00fcm\u00fc ve antibiyotik veya a\u015f\u0131lama sonras\u0131 gibi g\u00fcvercinlerinizden \u00e7ok \u015fey beklendi\u011fi d\u00f6nemlerde vazge\u00e7ilmezdir.<br \/>\n\u0130\u00e7me suyuna kat\u0131larak veya yem \u00fczerine uygulanarak verilebilir.<\/p>\n<h6><b><\/b>Dozaj<\/h6>\n<p>1 litre i\u00e7me suyuna 10 ml veya 1 kg yeme 15 ml. Haftada 2 kez.<br \/>\nKullanmadan \u00f6nce \u00e7alkalay\u0131n\u0131z!<\/p>\n<h6>Paket<\/h6>\n<p>300 ila 3000 gram canl\u0131 a\u011f\u0131rl\u0131\u011fa sahip g\u00fcvercinler ve kafes ku\u015flar\u0131 i\u00e7in 1000 ml oral s\u0131v\u0131<\/p>\n<p>Composition<b><\/b><i><\/i><u><\/u><br \/>\nVitamin A        6250.000 I.E.<br \/>\nVitamin D3      1250.000 I.E.<br \/>\nVitamin B1                375 mg<br \/>\nVitamin B 2               313 mg<br \/>\nVitamin B 6               500 mg<br \/>\nVitamin B        125.000   mcg<br \/>\nVitamin B 3             5.000 mg<br \/>\nVitamin C                5.000 mg<br \/>\nVitamin E                2.500 mg<br \/>\nVitamin K3                750 mg<br \/>\nFolic acid                     13 mg<br \/>\nCalciumpantothena1.625 mg<br \/>\nL-Arginine                 400 mg<br \/>\nL- Aspartic acid      1.800 mg<br \/>\nGlycine                      340 mg<br \/>\nLeucine                   1.700 mg<br \/>\nLycine                     1.560 mg<br \/>\nMethionine                 360 mg<br \/>\nTyrosine                     520 mg<br \/>\nValine                        960 mg<br \/>\nInactive ingredients q.s to 1.000 ml<\/p>\n<p>\u00c7ocuklar\u0131n eri\u015femeyece\u011fi yerde saklay\u0131n\u0131z.<br \/>\nSadece insan t\u00fcketimine uygun olmayan hayvanlarda a\u011f\u0131zdan kullan\u0131m i\u00e7indir.<br \/>\nDo\u011frudan g\u00fcne\u015f \u0131\u015f\u0131\u011f\u0131ndan uzak, kuru bir yerde ve 0\u201330\u02daC aras\u0131nda saklay\u0131n\u0131z.<br \/>\nSon kullanma tarihi: ambalaja bak\u0131n\u0131z.<\/p>\n","protected":false},"excerpt":{"rendered":"<p>Endikasyon: CAREMIN, ya\u015fl\u0131 ve gen\u00e7 g\u00fcvercinlerde sa\u011fl\u0131\u011f\u0131n korunmas\u0131na katk\u0131da bulunur ve ba\u011f\u0131\u015f\u0131kl\u0131k sistemini g\u00fc\u00e7lendirmeye yard\u0131mc\u0131 olur! CAREMIN y\u0131l boyunca verilebilir, ancak \u00f6zellikle&hellip;<\/p>\n","protected":false},"featured_media":9457,"template":"","meta":[],"product_cat":[257,240],"product_tag":[],"class_list":{"0":"post-11235","1":"product","2":"type-product","3":"status-publish","4":"has-post-thumbnail","6":"product_cat-guvercinler-icin-takviyeler","7":"product_cat-kuslar-icin-takviyeler","9":"first","10":"instock","11":"shipping-taxable","12":"product-type-simple"},"_links":{"self":[{"href":"https:\/\/care4birds.bg\/tr\/wp-json\/wp\/v2\/product\/11235","targetHints":{"allow":["GET"]}}],"collection":[{"href":"https:\/\/care4birds.bg\/tr\/wp-json\/wp\/v2\/product"}],"about":[{"href":"https:\/\/care4birds.bg\/tr\/wp-json\/wp\/v2\/types\/product"}],"wp:featuredmedia":[{"embeddable":true,"href":"https:\/\/care4birds.bg\/tr\/wp-json\/wp\/v2\/media\/9457"}],"wp:attachment":[{"href":"https:\/\/care4birds.bg\/tr\/wp-json\/wp\/v2\/media?parent=11235"}],"wp:term":[{"taxonomy":"product_cat","embeddable":true,"href":"https:\/\/care4birds.bg\/tr\/wp-json\/wp\/v2\/product_cat?post=11235"},{"taxonomy":"product_tag","embeddable":true,"href":"https:\/\/care4birds.bg\/tr\/wp-json\/wp\/v2\/product_tag?post=11235"}],"curies":[{"name":"wp","href":"https:\/\/api.w.org\/{rel}","templated":true}]}}