{"id":11244,"date":"2025-11-03T11:06:31","date_gmt":"2025-11-03T11:06:31","guid":{"rendered":"https:\/\/care4birds.bg\/product\/bathsalt\/"},"modified":"2026-04-01T07:40:40","modified_gmt":"2026-04-01T07:40:40","slug":"bathsalt","status":"publish","type":"product","link":"https:\/\/care4birds.bg\/tr\/urun\/bathsalt\/","title":{"rendered":"Bathsalt"},"content":{"rendered":"<p><i>G\u00fcvercinler i\u00e7in ideal banyo tuzlar\u0131<\/i><\/p>\n<p>T\u00fcm mevsimler i\u00e7in \u00f6nerilir ve \u00f6zellikle t\u00fcy d\u00f6k\u00fcm\u00fc d\u00f6neminde.<\/p>\n<ul>\n<li>T\u00fcyleri daha esnek hale getirir<\/li>\n<li>Alt t\u00fcy d\u00f6k\u00fcm\u00fcn\u00fc te\u015fvik eder ve deri pullar\u0131n\u0131 giderir<\/li>\n<li>Daha g\u00fc\u00e7l\u00fc t\u00fcyler<\/li>\n<li>Kaslar\u0131 rahatlat\u0131r<\/li>\n<li>G\u00fcvercinlerin durumunu etkilemeden deri pullar\u0131n\u0131 giderir.<\/li>\n<\/ul>\n<h6>Dozaj<\/h6>\n<p>10 litre suya 1 dolu \u00f6l\u00e7\u00fc ka\u015f\u0131\u011f\u0131 (20 g), haftada bir veya iki kez.<br \/>\n\u00d6zellikle t\u00fcy d\u00f6k\u00fcm\u00fc d\u00f6neminde: haftada 2 banyo.<\/p>\n","protected":false},"excerpt":{"rendered":"<p>G\u00fcvercinler i\u00e7in ideal banyo tuzlar\u0131 T\u00fcm mevsimler i\u00e7in \u00f6nerilir ve \u00f6zellikle t\u00fcy d\u00f6k\u00fcm\u00fc d\u00f6neminde. T\u00fcyleri daha esnek hale getirir Alt t\u00fcy d\u00f6k\u00fcm\u00fcn\u00fc&hellip;<\/p>\n","protected":false},"featured_media":9459,"template":"","meta":[],"product_cat":[257],"product_tag":[],"class_list":{"0":"post-11244","1":"product","2":"type-product","3":"status-publish","4":"has-post-thumbnail","6":"product_cat-guvercinler-icin-takviyeler","8":"first","9":"instock","10":"shipping-taxable","11":"product-type-simple"},"_links":{"self":[{"href":"https:\/\/care4birds.bg\/tr\/wp-json\/wp\/v2\/product\/11244","targetHints":{"allow":["GET"]}}],"collection":[{"href":"https:\/\/care4birds.bg\/tr\/wp-json\/wp\/v2\/product"}],"about":[{"href":"https:\/\/care4birds.bg\/tr\/wp-json\/wp\/v2\/types\/product"}],"wp:featuredmedia":[{"embeddable":true,"href":"https:\/\/care4birds.bg\/tr\/wp-json\/wp\/v2\/media\/9459"}],"wp:attachment":[{"href":"https:\/\/care4birds.bg\/tr\/wp-json\/wp\/v2\/media?parent=11244"}],"wp:term":[{"taxonomy":"product_cat","embeddable":true,"href":"https:\/\/care4birds.bg\/tr\/wp-json\/wp\/v2\/product_cat?post=11244"},{"taxonomy":"product_tag","embeddable":true,"href":"https:\/\/care4birds.bg\/tr\/wp-json\/wp\/v2\/product_tag?post=11244"}],"curies":[{"name":"wp","href":"https:\/\/api.w.org\/{rel}","templated":true}]}}