{"id":11261,"date":"2025-11-03T11:03:01","date_gmt":"2025-11-03T11:03:01","guid":{"rendered":"https:\/\/care4birds.bg\/product\/orni-super-mix\/"},"modified":"2026-04-01T07:44:43","modified_gmt":"2026-04-01T07:44:43","slug":"orni-super-mix","status":"publish","type":"product","link":"https:\/\/care4birds.bg\/tr\/urun\/orni-super-mix\/","title":{"rendered":"Orni Super Mix"},"content":{"rendered":"<div>\n<h6>Endikasyon:<\/h6>\n<p>Ornithosis, Mikoplazmoz, Solunum problemleri ve Trikomoniyaz.<\/p>\n<\/div>\n<h6>Belirtiler:<\/h6>\n<div>T\u00fcy yolma, ba\u015f ka\u015f\u0131ma, k\u0131rm\u0131z\u0131 bo\u011faz, esneme, iltihapl\u0131 \u00fc\u00e7\u00fcnc\u00fc g\u00f6z kapa\u011f\u0131 (\u00f6zellikle gen\u00e7 g\u00fcvercinlerde), kirli burun, mavimsi et, \u015fi\u015fmi\u015f ba\u015flar, tek g\u00f6z so\u011fuk alg\u0131nl\u0131\u011f\u0131, sulu g\u00f6zler, burun ak\u0131nt\u0131s\u0131.<\/div>\n<h6>Dozaj:<\/h6>\n<div><i>ORNI SUPER MIX POWDER<\/i><br \/>\n\u00d6nleme: 2 litre i\u00e7me suyuna 1 \u00f6l\u00e7\u00fc ka\u015f\u0131\u011f\u0131 (=5g), her 2 haftada bir 1 veya 2 g\u00fcn boyunca,<\/div>\n<div>tercihen yar\u0131\u015ftan sonraki g\u00fcn ba\u015flanarak.<\/div>\n<div>Tedavi: 2 litre i\u00e7me suyuna 1 \u00f6l\u00e7\u00fc ka\u015f\u0131\u011f\u0131 (=5g), 5-7 g\u00fcn ard\u0131\u015f\u0131k olarak.<\/div>\n<div>Gerekirse bu k\u00fcr birka\u00e7 g\u00fcn sonra tekrarlanabilir.<\/div>\n<div>Kullanmadan \u00f6nce iyice kar\u0131\u015ft\u0131r\u0131n\u0131z!<\/div>\n<div>Orni Super Mix suda \u00e7\u00f6z\u00fcnebilen bir tozdur ve yem \u00fczerine de verilebilir.<\/div>\n<div>\n<p>\u00d6l\u00e7\u00fc ka\u015f\u0131\u011f\u0131 1+5 g dahildir.<\/p>\n<p><i>ORNI SUPER MIX TABS<\/i><br \/>\n\u00d6nleyici: G\u00fcvercin ba\u015f\u0131na 1 tablet (400-500 g v\u00fccut a\u011f\u0131rl\u0131\u011f\u0131) 1-2 g\u00fcn boyunca.<br \/>\nTedavi: G\u00fcvercin ba\u015f\u0131na 1 tablet (400-500 g v\u00fccut a\u011f\u0131rl\u0131\u011f\u0131) 3-5 g\u00fcn boyunca veya veterinerin \u00f6nerisine g\u00f6re.<\/p>\n<\/div>\n<h6>\u0130\u00e7indekiler:<\/h6>\n<p><i>ORNI SUPER MIX POWDER<\/i><br \/>\nDoksisiklin Hikl\u00e2t %6, Spiramisina Adipat %10, Metronidazol %10, Bromheksin HCl %2, \u0130naktif bile\u015fenler %100\u2019e tamamlan\u0131r.<\/p>\n<p><i>ORNI SUPER MIX TABS<\/i><br \/>\n<i>Doksisiklin Hikl\u00e2t <\/i><i>102 mg\/g; Spiramisina Adipat <\/i><i>80 mg\/g; Metronidazol <\/i><i>100 mg\/g; Bromheksin HCl <\/i><i>20 mg\/g<\/i><\/p>\n","protected":false},"excerpt":{"rendered":"<p>Endikasyon: Ornithosis, Mikoplazmoz, Solunum problemleri ve Trikomoniyaz. Belirtiler: T\u00fcy yolma, ba\u015f ka\u015f\u0131ma, k\u0131rm\u0131z\u0131 bo\u011faz, esneme, iltihapl\u0131 \u00fc\u00e7\u00fcnc\u00fc g\u00f6z kapa\u011f\u0131 (\u00f6zellikle gen\u00e7 g\u00fcvercinlerde),&hellip;<\/p>\n","protected":false},"featured_media":10800,"template":"","meta":[],"product_cat":[222],"product_tag":[],"class_list":{"0":"post-11261","1":"product","2":"type-product","3":"status-publish","4":"has-post-thumbnail","6":"product_cat-guvercinler-icin-ilaclar","8":"first","9":"instock","10":"shipping-taxable","11":"product-type-simple"},"_links":{"self":[{"href":"https:\/\/care4birds.bg\/tr\/wp-json\/wp\/v2\/product\/11261","targetHints":{"allow":["GET"]}}],"collection":[{"href":"https:\/\/care4birds.bg\/tr\/wp-json\/wp\/v2\/product"}],"about":[{"href":"https:\/\/care4birds.bg\/tr\/wp-json\/wp\/v2\/types\/product"}],"wp:featuredmedia":[{"embeddable":true,"href":"https:\/\/care4birds.bg\/tr\/wp-json\/wp\/v2\/media\/10800"}],"wp:attachment":[{"href":"https:\/\/care4birds.bg\/tr\/wp-json\/wp\/v2\/media?parent=11261"}],"wp:term":[{"taxonomy":"product_cat","embeddable":true,"href":"https:\/\/care4birds.bg\/tr\/wp-json\/wp\/v2\/product_cat?post=11261"},{"taxonomy":"product_tag","embeddable":true,"href":"https:\/\/care4birds.bg\/tr\/wp-json\/wp\/v2\/product_tag?post=11261"}],"curies":[{"name":"wp","href":"https:\/\/api.w.org\/{rel}","templated":true}]}}