{"id":11278,"date":"2025-11-03T11:00:43","date_gmt":"2025-11-03T11:00:43","guid":{"rendered":"https:\/\/care4birds.bg\/product\/respiratory-broncho-mix\/"},"modified":"2026-04-01T07:50:01","modified_gmt":"2026-04-01T07:50:01","slug":"respiratory-broncho-mix","status":"publish","type":"product","link":"https:\/\/care4birds.bg\/tr\/urun\/respiratory-broncho-mix\/","title":{"rendered":"Respiratory Broncho Mix"},"content":{"rendered":"<div>\n<h6>Endikasyon:<\/h6>\n<\/div>\n<div>Solunum sistemi Klamidya, Mikoplazma, bakteriler (\u00f6zellikle E. coli), mantarlar ve vir\u00fcsler taraf\u0131ndan enfekte olabilir. Bu nedenle bu kar\u0131\u015f\u0131m birka\u00e7 aktif bile\u015fen i\u00e7erir.<\/div>\n<h6>Belirtiler:<\/h6>\n<div>Hap\u015f\u0131rma, k\u00fcmeste u\u00e7u\u015fun azalmas\u0131, yar\u0131\u015f kay\u0131plar\u0131, g\u00f6z ve burun ak\u0131nt\u0131s\u0131, \u015fi\u015fmi\u015f cere ve sin\u00fcsler, boynun uzat\u0131lmas\u0131 ve yutkunma, esneme, s\u00fcm\u00fcks\u00fc ye\u015fil d\u0131\u015fk\u0131.<\/div>\n<h6>Dozaj:<\/h6>\n<div><i>RESPIRATORY BRONCHO MIX POWDER<\/i><\/div>\n<div>\u00d6nleme: 2 litre i\u00e7me suyuna 1 \u00f6l\u00e7\u00fc ka\u015f\u0131\u011f\u0131 (=5g), her 2 haftada 1 veya 2 g\u00fcn,<\/div>\n<div>tercihen yar\u0131\u015ftan sonraki g\u00fcn ba\u015flanarak.<\/div>\n<div>Tedavi: 2 litre i\u00e7me suyuna 1 \u00f6l\u00e7\u00fc ka\u015f\u0131\u011f\u0131 (=5g), 5-7 g\u00fcn ard\u0131\u015f\u0131k olarak.<\/div>\n<div>Gerekirse bu k\u00fcr birka\u00e7 g\u00fcn sonra tekrarlanabilir.<\/div>\n<div>Kullanmadan \u00f6nce iyice kar\u0131\u015ft\u0131r\u0131n\u0131z!<\/div>\n<div>Respiratory Broncho Mix suda \u00e7\u00f6z\u00fcnebilen bir tozdur ve yem \u00fczerine de verilebilir.<\/div>\n<div>\n<p>\u00d6l\u00e7\u00fc ka\u015f\u0131\u011f\u0131 1+5 g dahildir.<\/p>\n<p><i>RESPIRATORY BRONCHO TABS<\/i><\/p>\n<\/div>\n<p>\u00d6nleyici: G\u00fcvercin ba\u015f\u0131na 1 tablet (400-500 g v\u00fccut a\u011f\u0131rl\u0131\u011f\u0131) 1-2 g\u00fcn boyunca.<br \/>\nTedavi: G\u00fcvercin ba\u015f\u0131na 1 tablet (400-500 g v\u00fccut a\u011f\u0131rl\u0131\u011f\u0131) 3-5 g\u00fcn boyunca veya veterinerin \u00f6nerisine g\u00f6re.<\/p>\n<h6>\u0130\u00e7indekiler:<\/h6>\n<p><i>RESPIRATORY BRONCHO MIX POWDER<\/i><br \/>\nEritromisin Thioc %3.5, Neomisin S\u00fclfat %1.0, Streptomisin S\u00fclfat %3.5, Futaltadon HCl %6.0, Oksitetrasiklin HCl %5.0, Vitaminler,<br \/>\n\u0130naktif bile\u015fenler %100\u2019e tamamlan\u0131r.<\/p>\n<p><i>RESPIRATORY BRONCHO TABS<\/i><br \/>\nLinkomisin 250 mg\/g ; Spektinomisin 75 mg\/g<\/p>\n","protected":false},"excerpt":{"rendered":"<p>Endikasyon: Solunum sistemi Klamidya, Mikoplazma, bakteriler (\u00f6zellikle E. coli), mantarlar ve vir\u00fcsler taraf\u0131ndan enfekte olabilir. Bu nedenle bu kar\u0131\u015f\u0131m birka\u00e7 aktif bile\u015fen&hellip;<\/p>\n","protected":false},"featured_media":10801,"template":"","meta":[],"product_cat":[222],"product_tag":[],"class_list":{"0":"post-11278","1":"product","2":"type-product","3":"status-publish","4":"has-post-thumbnail","6":"product_cat-guvercinler-icin-ilaclar","8":"first","9":"instock","10":"shipping-taxable","11":"product-type-simple"},"_links":{"self":[{"href":"https:\/\/care4birds.bg\/tr\/wp-json\/wp\/v2\/product\/11278","targetHints":{"allow":["GET"]}}],"collection":[{"href":"https:\/\/care4birds.bg\/tr\/wp-json\/wp\/v2\/product"}],"about":[{"href":"https:\/\/care4birds.bg\/tr\/wp-json\/wp\/v2\/types\/product"}],"wp:featuredmedia":[{"embeddable":true,"href":"https:\/\/care4birds.bg\/tr\/wp-json\/wp\/v2\/media\/10801"}],"wp:attachment":[{"href":"https:\/\/care4birds.bg\/tr\/wp-json\/wp\/v2\/media?parent=11278"}],"wp:term":[{"taxonomy":"product_cat","embeddable":true,"href":"https:\/\/care4birds.bg\/tr\/wp-json\/wp\/v2\/product_cat?post=11278"},{"taxonomy":"product_tag","embeddable":true,"href":"https:\/\/care4birds.bg\/tr\/wp-json\/wp\/v2\/product_tag?post=11278"}],"curies":[{"name":"wp","href":"https:\/\/api.w.org\/{rel}","templated":true}]}}