{"id":11295,"date":"2025-11-03T11:00:07","date_gmt":"2025-11-03T11:00:07","guid":{"rendered":"https:\/\/care4birds.bg\/product\/worm-care\/"},"modified":"2026-04-01T07:57:09","modified_gmt":"2026-04-01T07:57:09","slug":"worm-care","status":"publish","type":"product","link":"https:\/\/care4birds.bg\/tr\/urun\/worm-care\/","title":{"rendered":"Worm Care"},"content":{"rendered":"<div>\n<h6>Endikasyon:<\/h6>\n<p>G\u00fcvercinlerde k\u0131l ve yuvarlak solucan enfeksiyonlar\u0131<br \/>\n(Capilarias spp ve Ascaridia spp)<\/p>\n<\/div>\n<h6>Belirtiler:<\/h6>\n<div>Ku\u015flar kilo kaybeder. Yo\u011fun \u015fekilde enfekte olmu\u015f g\u00fcvercinlerde genel durum bozulur, halsizlik ve ilgisizlik g\u00f6r\u00fcl\u00fcr, t\u00fcyler mat ve kabar\u0131k olur ve d\u0131\u015fk\u0131 k\u0131vam\u0131 de\u011fi\u015fkenlik g\u00f6sterir.<\/div>\n<h6>Dozaj:<\/h6>\n<div><i>WORM CARE POWDER<\/i><br \/>\n2 L i\u00e7me suyuna 5 g (40 g\u00fcvercin i\u00e7in), 1 veya 2 g\u00fcn. G\u00fcvercinler yavru b\u00fcy\u00fctme d\u00f6neminde veya ana t\u00fcy d\u00f6k\u00fcm\u00fcnde iken tedavi edilmemelidir. Tedavi 10-12 g\u00fcn sonra tekrarlanmal\u0131d\u0131r.<br \/>\nWorm Care suda \u00e7\u00f6z\u00fcnebilen bir tozdur ve yem \u00fczerine de verilebilir.<\/div>\n<div><i>WORM CARE TABS<\/i><br \/>\nG\u00fcvercin ba\u015f\u0131na 1 tablet (400-500 g v\u00fccut a\u011f\u0131rl\u0131\u011f\u0131) 1 g\u00fcn. Tedavi 10-12 g\u00fcn sonra tekrarlanmal\u0131d\u0131r.<\/div>\n<h6>\u0130\u00e7indekiler:<\/h6>\n<p><i>WORM CARE POWDER<\/i><br \/>\nLevamizol HCl %16, \u0130naktif bile\u015fenler %100\u2019e tamamlan\u0131r.<\/p>\n<p><i>WORM CARE TABS<\/i><br \/>\nFlubendazol 66,7 mg\/g<\/p>\n","protected":false},"excerpt":{"rendered":"<p>Endikasyon: G\u00fcvercinlerde k\u0131l ve yuvarlak solucan enfeksiyonlar\u0131 (Capilarias spp ve Ascaridia spp) Belirtiler: Ku\u015flar kilo kaybeder. Yo\u011fun \u015fekilde enfekte olmu\u015f g\u00fcvercinlerde genel&hellip;<\/p>\n","protected":false},"featured_media":10802,"template":"","meta":[],"product_cat":[222],"product_tag":[],"class_list":{"0":"post-11295","1":"product","2":"type-product","3":"status-publish","4":"has-post-thumbnail","6":"product_cat-guvercinler-icin-ilaclar","8":"first","9":"instock","10":"shipping-taxable","11":"product-type-simple"},"_links":{"self":[{"href":"https:\/\/care4birds.bg\/tr\/wp-json\/wp\/v2\/product\/11295","targetHints":{"allow":["GET"]}}],"collection":[{"href":"https:\/\/care4birds.bg\/tr\/wp-json\/wp\/v2\/product"}],"about":[{"href":"https:\/\/care4birds.bg\/tr\/wp-json\/wp\/v2\/types\/product"}],"wp:featuredmedia":[{"embeddable":true,"href":"https:\/\/care4birds.bg\/tr\/wp-json\/wp\/v2\/media\/10802"}],"wp:attachment":[{"href":"https:\/\/care4birds.bg\/tr\/wp-json\/wp\/v2\/media?parent=11295"}],"wp:term":[{"taxonomy":"product_cat","embeddable":true,"href":"https:\/\/care4birds.bg\/tr\/wp-json\/wp\/v2\/product_cat?post=11295"},{"taxonomy":"product_tag","embeddable":true,"href":"https:\/\/care4birds.bg\/tr\/wp-json\/wp\/v2\/product_tag?post=11295"}],"curies":[{"name":"wp","href":"https:\/\/api.w.org\/{rel}","templated":true}]}}