{"id":11312,"date":"2025-11-03T10:59:27","date_gmt":"2025-11-03T10:59:27","guid":{"rendered":"https:\/\/care4birds.bg\/product\/ronidazole\/"},"modified":"2026-03-31T10:00:16","modified_gmt":"2026-03-31T10:00:16","slug":"ronidazole","status":"publish","type":"product","link":"https:\/\/care4birds.bg\/tr\/urun\/ronidazole\/","title":{"rendered":"Ronidazole"},"content":{"rendered":"<div>\n<h6>Endikasyon:<\/h6>\n<p>Canker (Trikomoniasis, Hexamitiasis). Ronidazol %10, g\u00fcvercinlerde trichomonas ve hexamita kaynakl\u0131 enfeksiyonlara kar\u015f\u0131 \u00f6zellikle etkili bir \u00fcr\u00fcnd\u00fcr. Yar\u0131\u015f sezonunda bu enfeksiyonlara kar\u015f\u0131 d\u00fczenli tedavi gereklidir. Hexamita kaynakl\u0131 ciddi ba\u011f\u0131rsak enfeksiyonu olan gen\u00e7 ku\u015flar E-coli enfeksiyonuna daha yatk\u0131nd\u0131r. G\u00fcvenlik aral\u0131\u011f\u0131 gen\u00e7 hayvanlar i\u00e7in de olduk\u00e7a y\u00fcksektir.\n<\/p><\/div>\n<h6>Belirtiler:<\/h6>\n<div>Kondisyon kayb\u0131, k\u00f6t\u00fc sindirim, k\u00f6t\u00fc d\u0131\u015fk\u0131, kursak mukozas\u0131 iltihab\u0131, ornithosis ile komplikasyonlar, a\u011f\u0131z bo\u015flu\u011funda k\u00fc\u00e7\u00fck beyaz-sar\u0131 alanlar<\/div>\n<h6>Dozaj:<\/h6>\n<div><i>RONIDAZOLE %10 TOZ<\/i><br \/>\nKoruma: 2 \u00f6l\u00e7\u00fc ka\u015f\u0131\u011f\u0131 (=2g) \/ 1 litre i\u00e7me suyu, 1-2 g\u00fcn boyunca, her 2 haftada bir,<\/div>\n<div>tercihen yar\u0131\u015ftan sonra.<\/div>\n<div>Yar\u0131\u015f sezonunda tedavi: 2 \u00f6l\u00e7\u00fc ka\u015f\u0131\u011f\u0131 (=2g) \/ 1 litre su<\/div>\n<div>5-7 g\u00fcn boyunca. Gerekirse tekrar edilebilir. Kullanmadan \u00f6nce kar\u0131\u015ft\u0131r\u0131n!<\/div>\n<div>Ronidazol suya \u00e7\u00f6z\u00fcnebilen bir tozdur ve yemle de verilebilir.<\/div>\n<div>\n\u00d6l\u00e7\u00fc ka\u015f\u0131\u011f\u0131 dahildir.<\/p>\n<p><i>RONI %15 TABLET<\/i><br \/>\nKoruyucu: G\u00fcvercin ba\u015f\u0131na 1 tablet (400-500 g) 1-2 g\u00fcn.<br \/>\nTedavi: G\u00fcvercin ba\u015f\u0131na 1 tablet (400-500 g) 3-5 g\u00fcn veya veteriner \u00f6nerisine g\u00f6re.\n<\/div>\n<h6>\u0130\u00e7erik:<\/h6>\n<div><i>RONIDAZOLE %10 TOZ<\/i><br \/>\nRonidazol %10, yard\u0131mc\u0131 maddeler 100 g\u2019a tamamlan\u0131r.<i>RONI %15 TABLET<\/i><br \/>\nRonidazol 150 mg\/g\n<\/div>\n","protected":false},"excerpt":{"rendered":"<p>Endikasyon: Canker (Trikomoniasis, Hexamitiasis). Ronidazol %10, g\u00fcvercinlerde trichomonas ve hexamita kaynakl\u0131 enfeksiyonlara kar\u015f\u0131 \u00f6zellikle etkili bir \u00fcr\u00fcnd\u00fcr. Yar\u0131\u015f sezonunda bu enfeksiyonlara kar\u015f\u0131&hellip;<\/p>\n","protected":false},"featured_media":10803,"template":"","meta":[],"product_cat":[222],"product_tag":[],"class_list":{"0":"post-11312","1":"product","2":"type-product","3":"status-publish","4":"has-post-thumbnail","6":"product_cat-guvercinler-icin-ilaclar","8":"first","9":"instock","10":"shipping-taxable","11":"product-type-simple"},"_links":{"self":[{"href":"https:\/\/care4birds.bg\/tr\/wp-json\/wp\/v2\/product\/11312","targetHints":{"allow":["GET"]}}],"collection":[{"href":"https:\/\/care4birds.bg\/tr\/wp-json\/wp\/v2\/product"}],"about":[{"href":"https:\/\/care4birds.bg\/tr\/wp-json\/wp\/v2\/types\/product"}],"wp:featuredmedia":[{"embeddable":true,"href":"https:\/\/care4birds.bg\/tr\/wp-json\/wp\/v2\/media\/10803"}],"wp:attachment":[{"href":"https:\/\/care4birds.bg\/tr\/wp-json\/wp\/v2\/media?parent=11312"}],"wp:term":[{"taxonomy":"product_cat","embeddable":true,"href":"https:\/\/care4birds.bg\/tr\/wp-json\/wp\/v2\/product_cat?post=11312"},{"taxonomy":"product_tag","embeddable":true,"href":"https:\/\/care4birds.bg\/tr\/wp-json\/wp\/v2\/product_tag?post=11312"}],"curies":[{"name":"wp","href":"https:\/\/api.w.org\/{rel}","templated":true}]}}