{"id":11329,"date":"2025-11-03T10:58:02","date_gmt":"2025-11-03T10:58:02","guid":{"rendered":"https:\/\/care4birds.bg\/product\/caremycin\/"},"modified":"2026-03-31T09:55:48","modified_gmt":"2026-03-31T09:55:48","slug":"caremycin","status":"publish","type":"product","link":"https:\/\/care4birds.bg\/tr\/urun\/caremycin\/","title":{"rendered":"Caremycin"},"content":{"rendered":"<h6>Endikasyon:<\/h6>\n<p>Salmonella (Paratifo), E-coli, genel bakteriyel enfeksiyonlar<\/p>\n<h6>Dozaj<\/h6>\n<p>Koruma: 5 g Caremycin 5 litre i\u00e7me suyuna veya 1 po\u015fet 25 litre i\u00e7me suyuna 4-5 g\u00fcn boyunca.<\/p>\n<p>Tedavi: 5 g Caremycin 2,5 litre i\u00e7me suyuna veya 1 po\u015fet 12,5 litre i\u00e7me suyuna 4-5 g\u00fcn boyunca. Yar\u0131\u015f sezonunda: d\u00f6n\u00fc\u015f g\u00fcn\u00fc: 5 g Cefamycin 2,5 litre i\u00e7me suyuna veya 1 po\u015fet 12,5 litre i\u00e7me suyuna 1-2 g\u00fcn boyunca.<\/p>\n<p>&nbsp;<\/p>\n<h6>Etkile\u015fimler: bilinmiyor<\/h6>\n<h6>Kontrendikasyonlar: bromhexine ile kullan\u0131m ve a\u015f\u0131r\u0131 doz<\/h6>\n<h6>Kullan\u0131m tavsiyesi:<\/h6>\n<ul>\n<li>Hasta hayvanlar\u0131 karantinaya al\u0131n<\/li>\n<li>Sadece hasta olanlar\u0131 de\u011fil t\u00fcm hayvanlar\u0131 tedavi edin.<\/li>\n<li>\u00d6nerilen dozu i\u00e7me suyuna kar\u0131\u015ft\u0131r\u0131n<\/li>\n<li>Tedavi s\u0131ras\u0131nda ba\u015fka su olmad\u0131\u011f\u0131ndan emin olun<\/li>\n<li>Tedaviden sonra Care 4 Birds MULTIVIT MIX verin (tedavinin bitiminden sonraki g\u00fcn)<\/li>\n<li>K\u00fcmesleri Care 4 Birds LOFT CLEANER ile dezenfekte edin<\/li>\n<li>Sevk g\u00fcn\u00fc vermeyin.<\/li>\n<li>\u015e\u00fcphe durumunda veya sorun devam ederse bir uzmana dan\u0131\u015f\u0131n<\/li>\n<\/ul>\n<h6>NOTLAR: KULLANMADAN \u00d6NCE TAL\u0130MATLARI OKUYUN.<\/h6>\n<ul>\n<li>Ku\u015flar i\u00e7in 25 g veteriner ilac\u0131 i\u00e7erir<\/li>\n<li>Kuru yerde, do\u011frudan g\u00fcne\u015f \u0131\u015f\u0131\u011f\u0131ndan uzak, 0-30 \u00b0C aras\u0131nda saklay\u0131n<\/li>\n<li>A\u00e7\u0131ld\u0131ktan sonra s\u0131n\u0131rl\u0131 raf \u00f6mr\u00fc<\/li>\n<li>\u00c7ocuklar\u0131n ula\u015famayaca\u011f\u0131 yerde saklay\u0131n.<\/li>\n<li>Sadece hayvan tedavisi i\u00e7indir. \u0130nsan g\u0131das\u0131 \u00fcretimi i\u00e7in kullan\u0131lan hayvanlarda kullan\u0131lmaz<\/li>\n<li>\u0130lac\u0131n ellerle temas\u0131ndan ka\u00e7\u0131n\u0131n<\/li>\n<li>Veteriner ilac\u0131 k\u00fc\u00e7\u00fck hayvan muafiyet program\u0131na g\u00f6re pazarlanmaktad\u0131r<\/li>\n<\/ul>\n<h6>25 g ba\u015f\u0131na i\u00e7erik:<\/h6>\n<p>Klortetrasiklin HCl 3.125 g ; Furaltadon HCl 3.125 g ; Kloramfenikol 2.000 g<\/p>\n","protected":false},"excerpt":{"rendered":"<p>Endikasyon: Salmonella (Paratifo), E-coli, genel bakteriyel enfeksiyonlar Dozaj Koruma: 5 g Caremycin 5 litre i\u00e7me suyuna veya 1 po\u015fet 25 litre i\u00e7me&hellip;<\/p>\n","protected":false},"featured_media":10804,"template":"","meta":[],"product_cat":[222],"product_tag":[],"class_list":{"0":"post-11329","1":"product","2":"type-product","3":"status-publish","4":"has-post-thumbnail","6":"product_cat-guvercinler-icin-ilaclar","8":"first","9":"instock","10":"shipping-taxable","11":"product-type-simple"},"_links":{"self":[{"href":"https:\/\/care4birds.bg\/tr\/wp-json\/wp\/v2\/product\/11329","targetHints":{"allow":["GET"]}}],"collection":[{"href":"https:\/\/care4birds.bg\/tr\/wp-json\/wp\/v2\/product"}],"about":[{"href":"https:\/\/care4birds.bg\/tr\/wp-json\/wp\/v2\/types\/product"}],"wp:featuredmedia":[{"embeddable":true,"href":"https:\/\/care4birds.bg\/tr\/wp-json\/wp\/v2\/media\/10804"}],"wp:attachment":[{"href":"https:\/\/care4birds.bg\/tr\/wp-json\/wp\/v2\/media?parent=11329"}],"wp:term":[{"taxonomy":"product_cat","embeddable":true,"href":"https:\/\/care4birds.bg\/tr\/wp-json\/wp\/v2\/product_cat?post=11329"},{"taxonomy":"product_tag","embeddable":true,"href":"https:\/\/care4birds.bg\/tr\/wp-json\/wp\/v2\/product_tag?post=11329"}],"curies":[{"name":"wp","href":"https:\/\/api.w.org\/{rel}","templated":true}]}}