{"id":11347,"date":"2025-11-03T10:57:19","date_gmt":"2025-11-03T10:57:19","guid":{"rendered":"https:\/\/care4birds.bg\/product\/tricho-magic\/"},"modified":"2026-03-31T09:44:47","modified_gmt":"2026-03-31T09:44:47","slug":"tricho-magic","status":"publish","type":"product","link":"https:\/\/care4birds.bg\/tr\/urun\/tricho-magic\/","title":{"rendered":"Tricho Magic"},"content":{"rendered":"<div>\n<h6>Endikasyon:<\/h6>\n<p>Canker (Trikomoniasis, Hexamitiasis). Tricho Magic, g\u00fcvercinlerde trichomonas ve hexamita kaynakl\u0131 enfeksiyonlara kar\u015f\u0131 \u00f6zellikle etkili bir \u00fcr\u00fcnd\u00fcr. Yar\u0131\u015f sezonunda bu enfeksiyonlara kar\u015f\u0131 d\u00fczenli tedavi gereklidir. Hexamita kaynakl\u0131 ciddi ba\u011f\u0131rsak enfeksiyonu olan gen\u00e7 ku\u015flar E-coli enfeksiyonuna daha yatk\u0131nd\u0131r. G\u00fcvenlik aral\u0131\u011f\u0131 olduk\u00e7a y\u00fcksektir\n<\/p><\/div>\n<div>gen\u00e7 hayvanlar i\u00e7in de uygundur.<\/div>\n<h6>Belirtiler:<\/h6>\n<div>Kondisyon d\u00fc\u015f\u00fckl\u00fc\u011f\u00fc, k\u00f6t\u00fc yar\u0131\u015f sonu\u00e7lar\u0131, bo\u011faz ve gagada sar\u0131 olu\u015fumlar, normalden fazla mukus, k\u0131rm\u0131z\u0131 bo\u011faz, artan su t\u00fcketimi (&#8220;\u0131slak yuvalar&#8221;).<\/div>\n<h6>Dozaj:<\/h6>\n<div><i>TRICHO MAGIC TOZ<\/i><br \/>\nKoruma: 2 \u00f6l\u00e7\u00fc ka\u015f\u0131\u011f\u0131 (=2g) \/ 1 litre i\u00e7me suyu, 1-2 g\u00fcn boyunca, 2 haftada bir, tercihen yar\u0131\u015ftan sonra.<\/div>\n<div>Yar\u0131\u015f sezonunda tedavi: 2 \u00f6l\u00e7\u00fc ka\u015f\u0131\u011f\u0131 (=2g) \/ 1 litre su<\/div>\n<div>5-7 g\u00fcn boyunca. Gerekirse tekrar edilebilir. Kullanmadan \u00f6nce kar\u0131\u015ft\u0131r\u0131n!<\/div>\n<div>Suya \u00e7\u00f6z\u00fcnebilen toz olup yemle de verilebilir.<\/div>\n<div>\n\u00d6l\u00e7\u00fc ka\u015f\u0131\u011f\u0131 dahildir.<\/p>\n<p><i>TRICHO MAGIC TABLET<\/i><br \/>\nKoruyucu: G\u00fcvercin ba\u015f\u0131na 1 tablet (400-500 g) 1-2 g\u00fcn.<br \/>\nTedavi: G\u00fcvercin ba\u015f\u0131na 1 tablet (400-500 g) 3-5 g\u00fcn veya veteriner \u00f6nerisine g\u00f6re.\n<\/div>\n<h6>\u0130\u00e7erik:<\/h6>\n<div><i>TRICHO MAGIC TOZ<\/i><br \/>\nRonidazol %8, Metronidazol %10, yard\u0131mc\u0131 maddeler 100 g\u2019a tamamlan\u0131r.<i>TRICHO MAGIC TABLET<\/i><br \/>\nCarnidazol 40 mg\/g<\/div>\n","protected":false},"excerpt":{"rendered":"<p>Endikasyon: Canker (Trikomoniasis, Hexamitiasis). Tricho Magic, g\u00fcvercinlerde trichomonas ve hexamita kaynakl\u0131 enfeksiyonlara kar\u015f\u0131 \u00f6zellikle etkili bir \u00fcr\u00fcnd\u00fcr. Yar\u0131\u015f sezonunda bu enfeksiyonlara kar\u015f\u0131&hellip;<\/p>\n","protected":false},"featured_media":10805,"template":"","meta":[],"product_cat":[222],"product_tag":[],"class_list":{"0":"post-11347","1":"product","2":"type-product","3":"status-publish","4":"has-post-thumbnail","6":"product_cat-guvercinler-icin-ilaclar","8":"first","9":"instock","10":"shipping-taxable","11":"product-type-simple"},"_links":{"self":[{"href":"https:\/\/care4birds.bg\/tr\/wp-json\/wp\/v2\/product\/11347","targetHints":{"allow":["GET"]}}],"collection":[{"href":"https:\/\/care4birds.bg\/tr\/wp-json\/wp\/v2\/product"}],"about":[{"href":"https:\/\/care4birds.bg\/tr\/wp-json\/wp\/v2\/types\/product"}],"wp:featuredmedia":[{"embeddable":true,"href":"https:\/\/care4birds.bg\/tr\/wp-json\/wp\/v2\/media\/10805"}],"wp:attachment":[{"href":"https:\/\/care4birds.bg\/tr\/wp-json\/wp\/v2\/media?parent=11347"}],"wp:term":[{"taxonomy":"product_cat","embeddable":true,"href":"https:\/\/care4birds.bg\/tr\/wp-json\/wp\/v2\/product_cat?post=11347"},{"taxonomy":"product_tag","embeddable":true,"href":"https:\/\/care4birds.bg\/tr\/wp-json\/wp\/v2\/product_tag?post=11347"}],"curies":[{"name":"wp","href":"https:\/\/api.w.org\/{rel}","templated":true}]}}